{"id":2735,"date":"2024-09-13T15:56:08","date_gmt":"2024-09-13T12:56:08","guid":{"rendered":"https:\/\/www.erichhahn.com.tr\/news\/"},"modified":"2025-12-03T02:18:53","modified_gmt":"2025-12-02T23:18:53","slug":"haberler","status":"publish","type":"page","link":"https:\/\/www.erichhahn.com.tr\/tr\/haberler\/","title":{"rendered":"HABERLER"},"content":{"rendered":"<section class=\"l-section wpb_row height_auto\"><div class=\"l-section-h i-cf\"><div class=\"g-cols vc_row type_default valign_top\"><div class=\"vc_col-sm-12 wpb_column vc_column_container\"><div class=\"vc_column-inner\"><div class=\"wpb_wrapper\"><div class=\"w-separator size_small\"><\/div><\/div><\/div><\/div><\/div><\/div><\/section><section class=\"l-section wpb_row height_auto\"><div class=\"l-section-h i-cf\"><div class=\"g-cols vc_row type_default valign_top\"><div class=\"vc_col-sm-4 wpb_column vc_column_container animate_afl\" style=\"animation-delay:0s\"><div class=\"vc_column-inner\"><div class=\"wpb_wrapper\"><div class=\"wpb_text_column\" ><div class=\"wpb_wrapper\"><h3>Erichhahn<strong> Haberler<\/strong><\/h3>\n<\/div><\/div><div class=\"w-separator size_custom\" style=\"height:4px\"><\/div><div class=\"w-image align_none animate_afl\" style=\"animation-delay:0s\"><div class=\"w-image-h\"><img loading=\"lazy\" decoding=\"async\" width=\"52\" height=\"3\" src=\"https:\/\/www.erichhahn.com.tr\/wp-content\/uploads\/2024\/04\/slash-1.jpg\" class=\"attachment-full size-full\" alt=\"\" \/><\/div><\/div><\/div><\/div><\/div><div class=\"vc_col-sm-8 wpb_column vc_column_container animate_afr\" style=\"animation-delay:0s\"><div class=\"vc_column-inner\"><div class=\"wpb_wrapper\"><div class=\"w-separator size_small\"><\/div><\/div><\/div><\/div><\/div><\/div><\/section><section class=\"l-section wpb_row height_small\"><div class=\"l-section-h i-cf\"><div class=\"g-cols vc_row type_default valign_top\"><div class=\"vc_col-sm-12 wpb_column vc_column_container\"><div class=\"vc_column-inner\"><div class=\"wpb_wrapper\"><div class=\"w-grid type_grid layout_5454 cols_3 overflow_hidden\" id=\"us_grid_1\" data-grid-filter=\"true\"><style id=\"us_grid_1_css\">#us_grid_1 .w-grid-item{padding:1.5rem}#us_grid_1 .w-grid-list{margin:-1.5rem}.w-grid + #us_grid_1 .w-grid-list{margin-top:1.5rem}@media (max-width:899px){#us_grid_1 .w-grid-item{width:50%}}@media (max-width:599px){#us_grid_1 .w-grid-list{margin:0}#us_grid_1 .w-grid-item{width:100%;padding:0;margin-bottom:1.5rem}}<\/style><style>.layout_5454 .w-grid-item-h{background:#ffffff;color:#0b4887;border-radius:0.3rem;z-index:3;box-shadow:0 0.03rem 0.06rem rgba(0,0,0,0.1),0 0.10rem 0.30rem rgba(0,0,0,0.1);transition-duration:0.3s}.no-touch .layout_5454 .w-grid-item-h:hover{box-shadow:0 0.12rem 0.24rem rgba(0,0,0,0.1),0 0.40rem 1.20rem rgba(0,0,0,0.15);z-index:4}.layout_5454 .usg_vwrapper_1{padding:0.8rem 1.5rem 1.5rem 1.5rem!important}.layout_5454 .usg_hwrapper_1{margin-bottom:0.3rem!important}.layout_5454 .usg_post_date_1{color:#999999!important;font-size:14px!important;margin-bottom:0.3rem!important}.layout_5454 .usg_post_title_1{color:#0b4887!important;font-weight:300!important;font-size:1.5rem!important}@media (max-width:599px){.layout_5454 .usg_post_title_1{font-size:1.2rem!important}}<\/style><div class=\"w-grid-list\" ><article class=\"w-grid-item size_1x1 post-3987 post type-post status-publish format-standard has-post-thumbnail hentry category-haberler\" data-id=\"3987\">\r\n\t<div class=\"w-grid-item-h\">\r\n\t\t\t\t<div class=\"w-post-elm post_image usg_post_image_1 stretched\"><a href=\"https:\/\/www.erichhahn.com.tr\/tr\/carc-magazine\/\" aria-label=\"CARC Dergisi\"><img loading=\"lazy\" decoding=\"async\" width=\"1000\" height=\"750\" src=\"https:\/\/www.erichhahn.com.tr\/wp-content\/uploads\/2025\/01\/Carc-Magazine-Cover.jpg\" class=\"attachment-us_600_600_crop size-us_600_600_crop wp-post-image\" alt=\"\" srcset=\"https:\/\/www.erichhahn.com.tr\/wp-content\/uploads\/2025\/01\/Carc-Magazine-Cover.jpg 1000w, https:\/\/www.erichhahn.com.tr\/wp-content\/uploads\/2025\/01\/Carc-Magazine-Cover-500x375.jpg 500w, https:\/\/www.erichhahn.com.tr\/wp-content\/uploads\/2025\/01\/Carc-Magazine-Cover-300x225.jpg 300w\" sizes=\"auto, (max-width: 1000px) 100vw, 1000px\" \/><\/a><\/div><div class=\"w-vwrapper usg_vwrapper_1 align_left valign_top\"><div class=\"w-hwrapper usg_hwrapper_1 align_left valign_top\"><time class=\"w-post-elm post_date usg_post_date_1 entry-date published\" datetime=\"2024-12-31T00:00:46+03:00\" title=\"31 Aral\u0131k 2024, 00:00:46 +03:00\">31 Ara 2024<\/time><\/div><h2 class=\"w-post-elm post_title usg_post_title_1 entry-title color_link_inherit has_text_color\"><a href=\"https:\/\/www.erichhahn.com.tr\/tr\/carc-magazine\/\">CARC Dergisi<\/a><\/h2><\/div>\t<\/div>\r\n<\/article>\r\n<article class=\"w-grid-item size_1x1 post-3962 post type-post status-publish format-standard has-post-thumbnail hentry category-haberler\" data-id=\"3962\">\r\n\t<div class=\"w-grid-item-h\">\r\n\t\t\t\t<div class=\"w-post-elm post_image usg_post_image_1 stretched\"><a href=\"https:\/\/www.erichhahn.com.tr\/tr\/kaztraffic-2024\/\" aria-label=\"Kaztraffic 2024\"><img loading=\"lazy\" decoding=\"async\" width=\"1000\" height=\"750\" src=\"https:\/\/www.erichhahn.com.tr\/wp-content\/uploads\/2025\/01\/Kaztraffic-2024-Kapak.jpg\" class=\"attachment-us_600_600_crop size-us_600_600_crop wp-post-image\" alt=\"\" srcset=\"https:\/\/www.erichhahn.com.tr\/wp-content\/uploads\/2025\/01\/Kaztraffic-2024-Kapak.jpg 1000w, https:\/\/www.erichhahn.com.tr\/wp-content\/uploads\/2025\/01\/Kaztraffic-2024-Kapak-500x375.jpg 500w, https:\/\/www.erichhahn.com.tr\/wp-content\/uploads\/2025\/01\/Kaztraffic-2024-Kapak-300x225.jpg 300w\" sizes=\"auto, (max-width: 1000px) 100vw, 1000px\" \/><\/a><\/div><div class=\"w-vwrapper usg_vwrapper_1 align_left valign_top\"><div class=\"w-hwrapper usg_hwrapper_1 align_left valign_top\"><time class=\"w-post-elm post_date usg_post_date_1 entry-date published\" datetime=\"2024-11-28T02:13:16+03:00\" title=\"28 Kas\u0131m 2024, 02:13:16 +03:00\">28 Kas 2024<\/time><\/div><h2 class=\"w-post-elm post_title usg_post_title_1 entry-title color_link_inherit has_text_color\"><a href=\"https:\/\/www.erichhahn.com.tr\/tr\/kaztraffic-2024\/\">Kaztraffic 2024<\/a><\/h2><\/div>\t<\/div>\r\n<\/article>\r\n<article class=\"w-grid-item size_1x1 post-3903 post type-post status-publish format-standard has-post-thumbnail hentry category-haberler\" data-id=\"3903\">\r\n\t<div class=\"w-grid-item-h\">\r\n\t\t\t\t<div class=\"w-post-elm post_image usg_post_image_1 stretched\"><a href=\"https:\/\/www.erichhahn.com.tr\/tr\/34-uluslararasi-yapi-fuari-saudi-build\/\" aria-label=\"34. Uluslararas\u0131 Yap\u0131 Fuar\u0131 Saudi Build\"><img loading=\"lazy\" decoding=\"async\" width=\"1000\" height=\"750\" src=\"https:\/\/www.erichhahn.com.tr\/wp-content\/uploads\/2024\/10\/Saudi-Arabia-2024-Cover.jpg\" class=\"attachment-us_600_600_crop size-us_600_600_crop wp-post-image\" alt=\"\" srcset=\"https:\/\/www.erichhahn.com.tr\/wp-content\/uploads\/2024\/10\/Saudi-Arabia-2024-Cover.jpg 1000w, https:\/\/www.erichhahn.com.tr\/wp-content\/uploads\/2024\/10\/Saudi-Arabia-2024-Cover-500x375.jpg 500w, https:\/\/www.erichhahn.com.tr\/wp-content\/uploads\/2024\/10\/Saudi-Arabia-2024-Cover-300x225.jpg 300w\" sizes=\"auto, (max-width: 1000px) 100vw, 1000px\" \/><\/a><\/div><div class=\"w-vwrapper usg_vwrapper_1 align_left valign_top\"><div class=\"w-hwrapper usg_hwrapper_1 align_left valign_top\"><time class=\"w-post-elm post_date usg_post_date_1 entry-date published\" datetime=\"2024-11-04T23:04:46+03:00\" title=\"4 Kas\u0131m 2024, 23:04:46 +03:00\">4 Kas 2024<\/time><\/div><h2 class=\"w-post-elm post_title usg_post_title_1 entry-title color_link_inherit has_text_color\"><a href=\"https:\/\/www.erichhahn.com.tr\/tr\/34-uluslararasi-yapi-fuari-saudi-build\/\">34. Uluslararas\u0131 Yap\u0131 Fuar\u0131 Saudi Build<\/a><\/h2><\/div>\t<\/div>\r\n<\/article>\r\n<article class=\"w-grid-item size_1x1 post-3861 post type-post status-publish format-standard has-post-thumbnail hentry category-haberler\" data-id=\"3861\">\r\n\t<div class=\"w-grid-item-h\">\r\n\t\t\t\t<div class=\"w-post-elm post_image usg_post_image_1 stretched\"><a href=\"https:\/\/www.erichhahn.com.tr\/tr\/irf-world-congress-2024\/\" aria-label=\"IRF World Congress 2024\"><img loading=\"lazy\" decoding=\"async\" width=\"1000\" height=\"750\" src=\"https:\/\/www.erichhahn.com.tr\/wp-content\/uploads\/2024\/10\/IRF-Kapak.jpg\" class=\"attachment-us_600_600_crop size-us_600_600_crop wp-post-image\" alt=\"\" srcset=\"https:\/\/www.erichhahn.com.tr\/wp-content\/uploads\/2024\/10\/IRF-Kapak.jpg 1000w, https:\/\/www.erichhahn.com.tr\/wp-content\/uploads\/2024\/10\/IRF-Kapak-500x375.jpg 500w, https:\/\/www.erichhahn.com.tr\/wp-content\/uploads\/2024\/10\/IRF-Kapak-300x225.jpg 300w\" sizes=\"auto, (max-width: 1000px) 100vw, 1000px\" \/><\/a><\/div><div class=\"w-vwrapper usg_vwrapper_1 align_left valign_top\"><div class=\"w-hwrapper usg_hwrapper_1 align_left valign_top\"><time class=\"w-post-elm post_date usg_post_date_1 entry-date published\" datetime=\"2024-10-15T22:41:13+03:00\" title=\"15 Ekim 2024, 22:41:13 +03:00\">15 Eki 2024<\/time><\/div><h2 class=\"w-post-elm post_title usg_post_title_1 entry-title color_link_inherit has_text_color\"><a href=\"https:\/\/www.erichhahn.com.tr\/tr\/irf-world-congress-2024\/\">IRF World Congress 2024<\/a><\/h2><\/div>\t<\/div>\r\n<\/article>\r\n<article class=\"w-grid-item size_1x1 post-3933 post type-post status-publish format-standard has-post-thumbnail hentry category-haberler\" data-id=\"3933\">\r\n\t<div class=\"w-grid-item-h\">\r\n\t\t\t\t<div class=\"w-post-elm post_image usg_post_image_1 stretched\"><a href=\"https:\/\/www.erichhahn.com.tr\/tr\/doroga-2024\/\" aria-label=\"Doroga 2024\"><img loading=\"lazy\" decoding=\"async\" width=\"1000\" height=\"750\" src=\"https:\/\/www.erichhahn.com.tr\/wp-content\/uploads\/2025\/01\/Doroga-2024-1.jpg\" class=\"attachment-us_600_600_crop size-us_600_600_crop wp-post-image\" alt=\"\" srcset=\"https:\/\/www.erichhahn.com.tr\/wp-content\/uploads\/2025\/01\/Doroga-2024-1.jpg 1000w, https:\/\/www.erichhahn.com.tr\/wp-content\/uploads\/2025\/01\/Doroga-2024-1-500x375.jpg 500w, https:\/\/www.erichhahn.com.tr\/wp-content\/uploads\/2025\/01\/Doroga-2024-1-300x225.jpg 300w\" sizes=\"auto, (max-width: 1000px) 100vw, 1000px\" \/><\/a><\/div><div class=\"w-vwrapper usg_vwrapper_1 align_left valign_top\"><div class=\"w-hwrapper usg_hwrapper_1 align_left valign_top\"><time class=\"w-post-elm post_date usg_post_date_1 entry-date published\" datetime=\"2024-10-15T01:18:22+03:00\" title=\"15 Ekim 2024, 01:18:22 +03:00\">15 Eki 2024<\/time><\/div><h2 class=\"w-post-elm post_title usg_post_title_1 entry-title color_link_inherit has_text_color\"><a href=\"https:\/\/www.erichhahn.com.tr\/tr\/doroga-2024\/\">Doroga 2024<\/a><\/h2><\/div>\t<\/div>\r\n<\/article>\r\n<article class=\"w-grid-item size_1x1 post-2741 post type-post status-publish format-standard has-post-thumbnail hentry category-haberler\" data-id=\"2741\">\r\n\t<div class=\"w-grid-item-h\">\r\n\t\t\t\t<div class=\"w-post-elm post_image usg_post_image_1 stretched\"><a href=\"https:\/\/www.erichhahn.com.tr\/tr\/libya-ziyareti\/\" aria-label=\"Libya Ziyareti\"><img loading=\"lazy\" decoding=\"async\" width=\"1000\" height=\"750\" src=\"https:\/\/www.erichhahn.com.tr\/wp-content\/uploads\/2024\/08\/Libya.jpg\" class=\"attachment-us_600_600_crop size-us_600_600_crop wp-post-image\" alt=\"\" srcset=\"https:\/\/www.erichhahn.com.tr\/wp-content\/uploads\/2024\/08\/Libya.jpg 1000w, https:\/\/www.erichhahn.com.tr\/wp-content\/uploads\/2024\/08\/Libya-500x375.jpg 500w, https:\/\/www.erichhahn.com.tr\/wp-content\/uploads\/2024\/08\/Libya-300x225.jpg 300w\" sizes=\"auto, (max-width: 1000px) 100vw, 1000px\" \/><\/a><\/div><div class=\"w-vwrapper usg_vwrapper_1 align_left valign_top\"><div class=\"w-hwrapper usg_hwrapper_1 align_left valign_top\"><time class=\"w-post-elm post_date usg_post_date_1 entry-date published\" datetime=\"2024-08-28T14:24:59+03:00\" title=\"28 A\u011fustos 2024, 14:24:59 +03:00\">28 A\u011fu 2024<\/time><\/div><h2 class=\"w-post-elm post_title usg_post_title_1 entry-title color_link_inherit has_text_color\"><a href=\"https:\/\/www.erichhahn.com.tr\/tr\/libya-ziyareti\/\">Libya Ziyareti<\/a><\/h2><\/div>\t<\/div>\r\n<\/article>\r\n<article class=\"w-grid-item size_1x1 post-2743 post type-post status-publish format-standard has-post-thumbnail hentry category-haberler\" data-id=\"2743\">\r\n\t<div class=\"w-grid-item-h\">\r\n\t\t\t\t<div class=\"w-post-elm post_image usg_post_image_1 stretched\"><a href=\"https:\/\/www.erichhahn.com.tr\/tr\/fildisi-sahillerini-ziyaret\/\" aria-label=\"Fildi\u015fi Sahilleri&#8217;ni Ziyaret\"><img loading=\"lazy\" decoding=\"async\" width=\"1000\" height=\"750\" src=\"https:\/\/www.erichhahn.com.tr\/wp-content\/uploads\/2024\/08\/Cote-dIvoire.jpg\" class=\"attachment-us_600_600_crop size-us_600_600_crop wp-post-image\" alt=\"\" srcset=\"https:\/\/www.erichhahn.com.tr\/wp-content\/uploads\/2024\/08\/Cote-dIvoire.jpg 1000w, https:\/\/www.erichhahn.com.tr\/wp-content\/uploads\/2024\/08\/Cote-dIvoire-500x375.jpg 500w, https:\/\/www.erichhahn.com.tr\/wp-content\/uploads\/2024\/08\/Cote-dIvoire-300x225.jpg 300w\" sizes=\"auto, (max-width: 1000px) 100vw, 1000px\" \/><\/a><\/div><div class=\"w-vwrapper usg_vwrapper_1 align_left valign_top\"><div class=\"w-hwrapper usg_hwrapper_1 align_left valign_top\"><time class=\"w-post-elm post_date usg_post_date_1 entry-date published\" datetime=\"2024-07-07T14:23:21+03:00\" title=\"7 Temmuz 2024, 14:23:21 +03:00\">7 Tem 2024<\/time><\/div><h2 class=\"w-post-elm post_title usg_post_title_1 entry-title color_link_inherit has_text_color\"><a href=\"https:\/\/www.erichhahn.com.tr\/tr\/fildisi-sahillerini-ziyaret\/\">Fildi\u015fi Sahilleri&#8217;ni Ziyaret<\/a><\/h2><\/div>\t<\/div>\r\n<\/article>\r\n<article class=\"w-grid-item size_1x1 post-2745 post type-post status-publish format-standard has-post-thumbnail hentry category-haberler\" data-id=\"2745\">\r\n\t<div class=\"w-grid-item-h\">\r\n\t\t\t\t<div class=\"w-post-elm post_image usg_post_image_1 stretched\"><a href=\"https:\/\/www.erichhahn.com.tr\/tr\/participation-in-the-komatek-2024-exhibition-in-istanbul\/\" aria-label=\"Komatek 2024\"><img loading=\"lazy\" decoding=\"async\" width=\"1000\" height=\"750\" src=\"https:\/\/www.erichhahn.com.tr\/wp-content\/uploads\/2024\/06\/Komatek.jpg\" class=\"attachment-us_600_600_crop size-us_600_600_crop wp-post-image\" alt=\"\" srcset=\"https:\/\/www.erichhahn.com.tr\/wp-content\/uploads\/2024\/06\/Komatek.jpg 1000w, https:\/\/www.erichhahn.com.tr\/wp-content\/uploads\/2024\/06\/Komatek-500x375.jpg 500w, https:\/\/www.erichhahn.com.tr\/wp-content\/uploads\/2024\/06\/Komatek-300x225.jpg 300w\" sizes=\"auto, (max-width: 1000px) 100vw, 1000px\" \/><\/a><\/div><div class=\"w-vwrapper usg_vwrapper_1 align_left valign_top\"><div class=\"w-hwrapper usg_hwrapper_1 align_left valign_top\"><time class=\"w-post-elm post_date usg_post_date_1 entry-date published\" datetime=\"2024-06-01T12:09:46+03:00\" title=\"1 Haziran 2024, 12:09:46 +03:00\">1 Haz 2024<\/time><\/div><h2 class=\"w-post-elm post_title usg_post_title_1 entry-title color_link_inherit has_text_color\"><a href=\"https:\/\/www.erichhahn.com.tr\/tr\/participation-in-the-komatek-2024-exhibition-in-istanbul\/\">Komatek 2024<\/a><\/h2><\/div>\t<\/div>\r\n<\/article>\r\n<article class=\"w-grid-item size_1x1 post-2748 post type-post status-publish format-standard has-post-thumbnail hentry category-haberler\" data-id=\"2748\">\r\n\t<div class=\"w-grid-item-h\">\r\n\t\t\t\t<div class=\"w-post-elm post_image usg_post_image_1 stretched\"><a href=\"https:\/\/www.erichhahn.com.tr\/tr\/pro-bitum-ve-pbv-fuari\/\" aria-label=\"Pro Bitum ve PBV Fuar\u0131\"><img loading=\"lazy\" decoding=\"async\" width=\"1000\" height=\"750\" src=\"https:\/\/www.erichhahn.com.tr\/wp-content\/uploads\/2024\/04\/ProBitum.jpg\" class=\"attachment-us_600_600_crop size-us_600_600_crop wp-post-image\" alt=\"\" srcset=\"https:\/\/www.erichhahn.com.tr\/wp-content\/uploads\/2024\/04\/ProBitum.jpg 1000w, https:\/\/www.erichhahn.com.tr\/wp-content\/uploads\/2024\/04\/ProBitum-500x375.jpg 500w, https:\/\/www.erichhahn.com.tr\/wp-content\/uploads\/2024\/04\/ProBitum-300x225.jpg 300w\" sizes=\"auto, (max-width: 1000px) 100vw, 1000px\" \/><\/a><\/div><div class=\"w-vwrapper usg_vwrapper_1 align_left valign_top\"><div class=\"w-hwrapper usg_hwrapper_1 align_left valign_top\"><time class=\"w-post-elm post_date usg_post_date_1 entry-date published\" datetime=\"2024-04-17T12:03:32+03:00\" title=\"17 Nisan 2024, 12:03:32 +03:00\">17 Nis 2024<\/time><\/div><h2 class=\"w-post-elm post_title usg_post_title_1 entry-title color_link_inherit has_text_color\"><a href=\"https:\/\/www.erichhahn.com.tr\/tr\/pro-bitum-ve-pbv-fuari\/\">Pro Bitum ve PBV Fuar\u0131<\/a><\/h2><\/div>\t<\/div>\r\n<\/article>\r\n<article class=\"w-grid-item size_1x1 post-2751 post type-post status-publish format-standard has-post-thumbnail hentry category-haberler\" data-id=\"2751\">\r\n\t<div class=\"w-grid-item-h\">\r\n\t\t\t\t<div class=\"w-post-elm post_image usg_post_image_1 stretched\"><a href=\"https:\/\/www.erichhahn.com.tr\/tr\/rusya-ve-bdt-uluslararasi-konferansi\/\" aria-label=\"Rusya ve BDT Uluslararas\u0131 Konferans\u0131\"><img loading=\"lazy\" decoding=\"async\" width=\"1000\" height=\"750\" src=\"https:\/\/www.erichhahn.com.tr\/wp-content\/uploads\/2024\/03\/Downstream.jpg\" class=\"attachment-us_600_600_crop size-us_600_600_crop wp-post-image\" alt=\"\" srcset=\"https:\/\/www.erichhahn.com.tr\/wp-content\/uploads\/2024\/03\/Downstream.jpg 1000w, https:\/\/www.erichhahn.com.tr\/wp-content\/uploads\/2024\/03\/Downstream-500x375.jpg 500w, https:\/\/www.erichhahn.com.tr\/wp-content\/uploads\/2024\/03\/Downstream-300x225.jpg 300w\" sizes=\"auto, (max-width: 1000px) 100vw, 1000px\" \/><\/a><\/div><div class=\"w-vwrapper usg_vwrapper_1 align_left valign_top\"><div class=\"w-hwrapper usg_hwrapper_1 align_left valign_top\"><time class=\"w-post-elm post_date usg_post_date_1 entry-date published\" datetime=\"2024-03-20T12:02:58+03:00\" title=\"20 Mart 2024, 12:02:58 +03:00\">20 Mar 2024<\/time><\/div><h2 class=\"w-post-elm post_title usg_post_title_1 entry-title color_link_inherit has_text_color\"><a href=\"https:\/\/www.erichhahn.com.tr\/tr\/rusya-ve-bdt-uluslararasi-konferansi\/\">Rusya ve BDT Uluslararas\u0131 Konferans\u0131<\/a><\/h2><\/div>\t<\/div>\r\n<\/article>\r\n<article class=\"w-grid-item size_1x1 post-2737 post type-post status-publish format-video has-post-thumbnail hentry category-video-tr post_format-post-format-video\" data-id=\"2737\">\r\n\t<div class=\"w-grid-item-h\">\r\n\t\t\t\t<div class=\"w-post-elm post_image usg_post_image_1 stretched\"><a href=\"https:\/\/www.erichhahn.com.tr\/tr\/roportajlar\/\" aria-label=\"Videolar\"><img loading=\"lazy\" decoding=\"async\" width=\"1600\" height=\"1200\" src=\"https:\/\/www.erichhahn.com.tr\/wp-content\/uploads\/2024\/09\/Video-Kapak.jpg\" class=\"attachment-us_600_600_crop size-us_600_600_crop wp-post-image\" alt=\"\" srcset=\"https:\/\/www.erichhahn.com.tr\/wp-content\/uploads\/2024\/09\/Video-Kapak.jpg 1600w, https:\/\/www.erichhahn.com.tr\/wp-content\/uploads\/2024\/09\/Video-Kapak-500x375.jpg 500w, https:\/\/www.erichhahn.com.tr\/wp-content\/uploads\/2024\/09\/Video-Kapak-300x225.jpg 300w, https:\/\/www.erichhahn.com.tr\/wp-content\/uploads\/2024\/09\/Video-Kapak-1024x768.jpg 1024w, https:\/\/www.erichhahn.com.tr\/wp-content\/uploads\/2024\/09\/Video-Kapak-1536x1152.jpg 1536w\" sizes=\"auto, (max-width: 1600px) 100vw, 1600px\" \/><\/a><\/div><div class=\"w-vwrapper usg_vwrapper_1 align_left valign_top\"><div class=\"w-hwrapper usg_hwrapper_1 align_left valign_top\"><time class=\"w-post-elm post_date usg_post_date_1 entry-date published\" datetime=\"2024-01-01T02:39:55+03:00\" title=\"1 Ocak 2024, 02:39:55 +03:00\">1 Oca 2024<\/time><\/div><h2 class=\"w-post-elm post_title usg_post_title_1 entry-title color_link_inherit has_text_color\"><a href=\"https:\/\/www.erichhahn.com.tr\/tr\/roportajlar\/\">Videolar<\/a><\/h2><\/div>\t<\/div>\r\n<\/article>\r\n<article class=\"w-grid-item size_1x1 post-2754 post type-post status-publish format-standard has-post-thumbnail hentry category-haberler\" data-id=\"2754\">\r\n\t<div class=\"w-grid-item-h\">\r\n\t\t\t\t<div class=\"w-post-elm post_image usg_post_image_1 stretched\"><a href=\"https:\/\/www.erichhahn.com.tr\/tr\/uluslararasi-orta-asya-yol-konferansi\/\" aria-label=\"CARC 2023\"><img loading=\"lazy\" decoding=\"async\" width=\"1000\" height=\"750\" src=\"https:\/\/www.erichhahn.com.tr\/wp-content\/uploads\/2023\/09\/CARC-2023.jpg\" class=\"attachment-us_600_600_crop size-us_600_600_crop wp-post-image\" alt=\"\" srcset=\"https:\/\/www.erichhahn.com.tr\/wp-content\/uploads\/2023\/09\/CARC-2023.jpg 1000w, https:\/\/www.erichhahn.com.tr\/wp-content\/uploads\/2023\/09\/CARC-2023-500x375.jpg 500w, https:\/\/www.erichhahn.com.tr\/wp-content\/uploads\/2023\/09\/CARC-2023-300x225.jpg 300w\" sizes=\"auto, (max-width: 1000px) 100vw, 1000px\" \/><\/a><\/div><div class=\"w-vwrapper usg_vwrapper_1 align_left valign_top\"><div class=\"w-hwrapper usg_hwrapper_1 align_left valign_top\"><time class=\"w-post-elm post_date usg_post_date_1 entry-date published\" datetime=\"2023-09-27T12:02:20+03:00\" title=\"27 Eyl\u00fcl 2023, 12:02:20 +03:00\">27 Eyl 2023<\/time><\/div><h2 class=\"w-post-elm post_title usg_post_title_1 entry-title color_link_inherit has_text_color\"><a href=\"https:\/\/www.erichhahn.com.tr\/tr\/uluslararasi-orta-asya-yol-konferansi\/\">CARC 2023<\/a><\/h2><\/div>\t<\/div>\r\n<\/article>\r\n<article class=\"w-grid-item size_1x1 post-2756 post type-post status-publish format-standard has-post-thumbnail hentry category-haberler\" data-id=\"2756\">\r\n\t<div class=\"w-grid-item-h\">\r\n\t\t\t\t<div class=\"w-post-elm post_image usg_post_image_1 stretched\"><a href=\"https:\/\/www.erichhahn.com.tr\/tr\/central-asian-road-conference-carc-2022\/\" aria-label=\"CARC 2022\"><img loading=\"lazy\" decoding=\"async\" width=\"1000\" height=\"750\" src=\"https:\/\/www.erichhahn.com.tr\/wp-content\/uploads\/2022\/09\/CARC-2022-1.jpg\" class=\"attachment-us_600_600_crop size-us_600_600_crop wp-post-image\" alt=\"\" srcset=\"https:\/\/www.erichhahn.com.tr\/wp-content\/uploads\/2022\/09\/CARC-2022-1.jpg 1000w, https:\/\/www.erichhahn.com.tr\/wp-content\/uploads\/2022\/09\/CARC-2022-1-500x375.jpg 500w, https:\/\/www.erichhahn.com.tr\/wp-content\/uploads\/2022\/09\/CARC-2022-1-300x225.jpg 300w\" sizes=\"auto, (max-width: 1000px) 100vw, 1000px\" \/><\/a><\/div><div class=\"w-vwrapper usg_vwrapper_1 align_left valign_top\"><div class=\"w-hwrapper usg_hwrapper_1 align_left valign_top\"><time class=\"w-post-elm post_date usg_post_date_1 entry-date published\" datetime=\"2022-09-26T12:02:03+03:00\" title=\"26 Eyl\u00fcl 2022, 12:02:03 +03:00\">26 Eyl 2022<\/time><\/div><h2 class=\"w-post-elm post_title usg_post_title_1 entry-title color_link_inherit has_text_color\"><a href=\"https:\/\/www.erichhahn.com.tr\/tr\/central-asian-road-conference-carc-2022\/\">CARC 2022<\/a><\/h2><\/div>\t<\/div>\r\n<\/article>\r\n<\/div><div class=\"w-grid-preloader\"><div class=\"g-preloader type_3\">\r\n\t<div><\/div>\r\n<\/div>\r\n<\/div>\t<div class=\"w-grid-json hidden\" onclick='return {&quot;action&quot;:&quot;us_ajax_grid&quot;,&quot;ajax_url&quot;:&quot;https:\\\/\\\/www.erichhahn.com.tr\\\/wp-admin\\\/admin-ajax.php&quot;,&quot;infinite_scroll&quot;:0,&quot;max_num_pages&quot;:1,&quot;pagination&quot;:&quot;none&quot;,&quot;permalink_url&quot;:&quot;https:\\\/\\\/www.erichhahn.com.tr\\\/tr\\\/wp-json\\\/wp\\\/v2\\\/pages\\\/2735\\\/&quot;,&quot;template_vars&quot;:{&quot;columns&quot;:&quot;3&quot;,&quot;exclude_items&quot;:&quot;none&quot;,&quot;img_size&quot;:&quot;default&quot;,&quot;ignore_items_size&quot;:false,&quot;items_layout&quot;:&quot;5454&quot;,&quot;items_offset&quot;:&quot;1&quot;,&quot;overriding_link&quot;:&quot;none&quot;,&quot;post_id&quot;:2735,&quot;query_args&quot;:{&quot;post_type&quot;:[&quot;post&quot;],&quot;tax_query&quot;:[{&quot;taxonomy&quot;:&quot;category&quot;,&quot;field&quot;:&quot;slug&quot;,&quot;terms&quot;:[&quot;interviews&quot;,&quot;erichhahn&quot;,&quot;haberler-tr&quot;,&quot;interviews-tr&quot;,&quot;haberler&quot;,&quot;video-tr&quot;]}],&quot;post_status&quot;:[&quot;publish&quot;],&quot;orderby&quot;:{&quot;date&quot;:&quot;DESC&quot;},&quot;posts_per_page&quot;:&quot;20&quot;},&quot;type&quot;:&quot;grid&quot;,&quot;us_grid_ajax_index&quot;:1,&quot;us_grid_filter_params&quot;:null,&quot;us_grid_index&quot;:1,&quot;_us_grid_post_type&quot;:&quot;post&quot;,&quot;lang&quot;:&quot;tr&quot;}}'><\/div>\r\n<\/div><\/div><\/div><\/div><\/div><\/div><\/section>\n","protected":false},"excerpt":{"rendered":"ErichHahn, Orta Asya Yol Konferans\u0131'nda (CARC) 2022 26-27 Eyl\u00fcl 2022 tarihlerinde Kazakistan'\u0131n Almat\u0131 kentinde d\u00fczenlenen Orta Asya Yol Konferans\u0131 (CARC), ErichHahn i\u00e7in \u00f6nemli bir etkinlik haline geldi. Bu etkinlik, petrol rafinerisi ve yol in\u015faat\u0131 end\u00fcstrilerinden \u00f6nde gelen uzmanlar\u0131 bir araya getirerek, bit\u00fcml\u00fc malzemeler alan\u0131nda deneyimleri payla\u015fmak ve modern teknolojileri tart\u0131\u015fmak i\u00e7in benzersiz bir platform sa\u011flad\u0131....","protected":false},"author":1,"featured_media":0,"parent":0,"menu_order":0,"comment_status":"closed","ping_status":"closed","template":"","meta":{"footnotes":""},"class_list":["post-2735","page","type-page","status-publish","hentry"],"_links":{"self":[{"href":"https:\/\/www.erichhahn.com.tr\/tr\/wp-json\/wp\/v2\/pages\/2735","targetHints":{"allow":["GET"]}}],"collection":[{"href":"https:\/\/www.erichhahn.com.tr\/tr\/wp-json\/wp\/v2\/pages"}],"about":[{"href":"https:\/\/www.erichhahn.com.tr\/tr\/wp-json\/wp\/v2\/types\/page"}],"author":[{"embeddable":true,"href":"https:\/\/www.erichhahn.com.tr\/tr\/wp-json\/wp\/v2\/users\/1"}],"replies":[{"embeddable":true,"href":"https:\/\/www.erichhahn.com.tr\/tr\/wp-json\/wp\/v2\/comments?post=2735"}],"version-history":[{"count":5,"href":"https:\/\/www.erichhahn.com.tr\/tr\/wp-json\/wp\/v2\/pages\/2735\/revisions"}],"predecessor-version":[{"id":6399,"href":"https:\/\/www.erichhahn.com.tr\/tr\/wp-json\/wp\/v2\/pages\/2735\/revisions\/6399"}],"wp:attachment":[{"href":"https:\/\/www.erichhahn.com.tr\/tr\/wp-json\/wp\/v2\/media?parent=2735"}],"curies":[{"name":"wp","href":"https:\/\/api.w.org\/{rel}","templated":true}]}}