{"id":2775,"date":"2024-09-18T03:52:09","date_gmt":"2024-09-18T00:52:09","guid":{"rendered":"https:\/\/www.erichhahn.com.tr\/portfolio\/"},"modified":"2024-12-02T23:44:20","modified_gmt":"2024-12-02T20:44:20","slug":"portfolyo","status":"publish","type":"page","link":"https:\/\/www.erichhahn.com.tr\/tr\/portfolyo\/","title":{"rendered":"PORTFOLYO"},"content":{"rendered":"<section class=\"l-section wpb_row height_auto\"><div class=\"l-section-h i-cf\"><div class=\"g-cols vc_row type_default valign_top\"><div class=\"vc_col-sm-12 wpb_column vc_column_container\"><div class=\"vc_column-inner\"><div class=\"wpb_wrapper\"><div class=\"w-separator size_small\"><\/div><\/div><\/div><\/div><\/div><\/div><\/section><section class=\"l-section wpb_row height_auto\"><div class=\"l-section-h i-cf\"><div class=\"g-cols vc_row type_default valign_top\"><div class=\"vc_col-sm-4 wpb_column vc_column_container animate_afl\" style=\"animation-delay:0s\"><div class=\"vc_column-inner\"><div class=\"wpb_wrapper\"><div class=\"wpb_text_column\" ><div class=\"wpb_wrapper\"><h3>Erichhahn<strong> Portfolyo<\/strong><\/h3>\n<\/div><\/div><div class=\"w-separator size_custom\" style=\"height:4px\"><\/div><div class=\"w-image align_none animate_afl\" style=\"animation-delay:0s\"><div class=\"w-image-h\"><img loading=\"lazy\" decoding=\"async\" width=\"52\" height=\"3\" src=\"https:\/\/www.erichhahn.com.tr\/wp-content\/uploads\/2024\/04\/slash-1.jpg\" class=\"attachment-full size-full\" alt=\"\" \/><\/div><\/div><\/div><\/div><\/div><div class=\"vc_col-sm-8 wpb_column vc_column_container animate_afr\" style=\"animation-delay:0s\"><div class=\"vc_column-inner\"><div class=\"wpb_wrapper\"><div class=\"w-separator size_small\"><\/div><\/div><\/div><\/div><\/div><\/div><\/section><section class=\"l-section wpb_row height_small\"><div class=\"l-section-h i-cf\"><div class=\"g-cols vc_row type_default valign_top\"><div class=\"vc_col-sm-12 wpb_column vc_column_container\"><div class=\"vc_column-inner\"><div class=\"wpb_wrapper\"><div class=\"w-grid type_grid layout_blog_9 cols_2 overflow_hidden\" id=\"us_grid_1\" data-grid-filter=\"true\"><style id=\"us_grid_1_css\">#us_grid_1 .w-grid-item{padding:1.5rem}#us_grid_1 .w-grid-list{margin:-1.5rem}.w-grid + #us_grid_1 .w-grid-list{margin-top:1.5rem}@media (max-width:599px){#us_grid_1 .w-grid-list{margin:0}#us_grid_1 .w-grid-item{width:100%;padding:0;margin-bottom:1.5rem}}<\/style><style>.layout_blog_9 .w-grid-item-h{background:#ffffff;color:#0b4887;border-radius:0.3rem;z-index:3;box-shadow:0 0.03rem 0.06rem rgba(0,0,0,0.1),0 0.10rem 0.30rem rgba(0,0,0,0.1);transition-duration:0.3s}.no-touch .layout_blog_9 .w-grid-item-h:hover{box-shadow:0 0.12rem 0.24rem rgba(0,0,0,0.1),0 0.40rem 1.20rem rgba(0,0,0,0.15);z-index:4}.layout_blog_9 .usg_vwrapper_1{padding:0.8rem 1.5rem 1.5rem 1.5rem!important}.layout_blog_9 .usg_hwrapper_1{margin-bottom:0.3rem!important}.layout_blog_9 .usg_post_taxonomy_1{font-size:14px!important;font-weight:700!important;text-transform:uppercase!important;margin-right:0.6rem!important}.layout_blog_9 .usg_post_date_1{color:#999999!important;font-size:14px!important;margin-bottom:0.3rem!important}.layout_blog_9 .usg_post_title_1{color:inherit!important;font-weight:700!important;font-size:1.4rem!important}@media (max-width:599px){.layout_blog_9 .usg_post_title_1{font-size:1.2rem!important}}<\/style><div class=\"w-grid-list\" ><article class=\"w-grid-item size_1x1 post-5874 us_portfolio type-us_portfolio status-publish has-post-thumbnail hentry us_portfolio_category-portfolio-tr\" data-id=\"5874\">\r\n\t<div class=\"w-grid-item-h\">\r\n\t\t\t\t<div class=\"w-post-elm post_image usg_post_image_1 stretched\"><a href=\"https:\/\/www.erichhahn.com.tr\/tr\/products\/turuhan-adalari\/\" aria-label=\"Turuhan Adalar\u0131\"><img loading=\"lazy\" decoding=\"async\" width=\"1200\" height=\"800\" src=\"https:\/\/www.erichhahn.com.tr\/wp-content\/uploads\/2024\/08\/Turukhtan-Islands.jpg\" class=\"attachment-us_600_600_crop size-us_600_600_crop wp-post-image\" alt=\"\" srcset=\"https:\/\/www.erichhahn.com.tr\/wp-content\/uploads\/2024\/08\/Turukhtan-Islands.jpg 1200w, https:\/\/www.erichhahn.com.tr\/wp-content\/uploads\/2024\/08\/Turukhtan-Islands-250x167.jpg 250w, https:\/\/www.erichhahn.com.tr\/wp-content\/uploads\/2024\/08\/Turukhtan-Islands-1024x683.jpg 1024w\" sizes=\"auto, (max-width: 1200px) 100vw, 1200px\" \/><\/a><\/div><div class=\"w-vwrapper usg_vwrapper_1 align_left valign_top\"><div class=\"w-hwrapper usg_hwrapper_1 align_left valign_top\"><time class=\"w-post-elm post_date usg_post_date_1 entry-date published\" datetime=\"2025-09-23T22:44:41+03:00\" title=\"23 Eyl\u00fcl 2025, 22:44:41 +03:00\">23 Eyl 2025<\/time><\/div><h2 class=\"w-post-elm post_title usg_post_title_1 entry-title color_link_inherit has_text_color\"><a href=\"https:\/\/www.erichhahn.com.tr\/tr\/products\/turuhan-adalari\/\">Turuhan Adalar\u0131<\/a><\/h2><\/div>\t<\/div>\r\n<\/article>\r\n<article class=\"w-grid-item size_1x1 post-2777 us_portfolio type-us_portfolio status-publish has-post-thumbnail hentry us_portfolio_category-portfolio-tr\" data-id=\"2777\">\r\n\t<div class=\"w-grid-item-h\">\r\n\t\t\t\t<div class=\"w-post-elm post_image usg_post_image_1 stretched\"><a href=\"https:\/\/www.erichhahn.com.tr\/tr\/products\/altay-bitum-terminali-abt\/\" aria-label=\"Altay Bit\u00fcm Terminali\"><img loading=\"lazy\" decoding=\"async\" width=\"1200\" height=\"800\" src=\"https:\/\/www.erichhahn.com.tr\/wp-content\/uploads\/2024\/09\/ABT-1.jpg\" class=\"attachment-us_600_600_crop size-us_600_600_crop wp-post-image\" alt=\"\" srcset=\"https:\/\/www.erichhahn.com.tr\/wp-content\/uploads\/2024\/09\/ABT-1.jpg 1200w, https:\/\/www.erichhahn.com.tr\/wp-content\/uploads\/2024\/09\/ABT-1-500x333.jpg 500w, https:\/\/www.erichhahn.com.tr\/wp-content\/uploads\/2024\/09\/ABT-1-300x200.jpg 300w, https:\/\/www.erichhahn.com.tr\/wp-content\/uploads\/2024\/09\/ABT-1-1024x683.jpg 1024w\" sizes=\"auto, (max-width: 1200px) 100vw, 1200px\" \/><\/a><\/div><div class=\"w-vwrapper usg_vwrapper_1 align_left valign_top\"><div class=\"w-hwrapper usg_hwrapper_1 align_left valign_top\"><time class=\"w-post-elm post_date usg_post_date_1 entry-date published\" datetime=\"2024-08-24T12:30:30+03:00\" title=\"24 A\u011fustos 2024, 12:30:30 +03:00\">24 A\u011fu 2024<\/time><\/div><h2 class=\"w-post-elm post_title usg_post_title_1 entry-title color_link_inherit has_text_color\"><a href=\"https:\/\/www.erichhahn.com.tr\/tr\/products\/altay-bitum-terminali-abt\/\">Altay Bit\u00fcm Terminali<\/a><\/h2><\/div>\t<\/div>\r\n<\/article>\r\n<article class=\"w-grid-item size_1x1 post-2780 us_portfolio type-us_portfolio status-publish has-post-thumbnail hentry us_portfolio_category-portfolio-tr\" data-id=\"2780\">\r\n\t<div class=\"w-grid-item-h\">\r\n\t\t\t\t<div class=\"w-post-elm post_image usg_post_image_1 stretched\"><a href=\"https:\/\/www.erichhahn.com.tr\/tr\/products\/salsk-bitum-terminali-sbt\/\" aria-label=\"Salsk Bit\u00fcm Terminali\"><img loading=\"lazy\" decoding=\"async\" width=\"1200\" height=\"800\" src=\"https:\/\/www.erichhahn.com.tr\/wp-content\/uploads\/2024\/09\/SBT-7.jpg\" class=\"attachment-us_600_600_crop size-us_600_600_crop wp-post-image\" alt=\"\" srcset=\"https:\/\/www.erichhahn.com.tr\/wp-content\/uploads\/2024\/09\/SBT-7.jpg 1200w, https:\/\/www.erichhahn.com.tr\/wp-content\/uploads\/2024\/09\/SBT-7-500x333.jpg 500w, https:\/\/www.erichhahn.com.tr\/wp-content\/uploads\/2024\/09\/SBT-7-300x200.jpg 300w, https:\/\/www.erichhahn.com.tr\/wp-content\/uploads\/2024\/09\/SBT-7-1024x683.jpg 1024w\" sizes=\"auto, (max-width: 1200px) 100vw, 1200px\" \/><\/a><\/div><div class=\"w-vwrapper usg_vwrapper_1 align_left valign_top\"><div class=\"w-hwrapper usg_hwrapper_1 align_left valign_top\"><time class=\"w-post-elm post_date usg_post_date_1 entry-date published\" datetime=\"2024-08-01T12:30:52+03:00\" title=\"1 A\u011fustos 2024, 12:30:52 +03:00\">1 A\u011fu 2024<\/time><\/div><h2 class=\"w-post-elm post_title usg_post_title_1 entry-title color_link_inherit has_text_color\"><a href=\"https:\/\/www.erichhahn.com.tr\/tr\/products\/salsk-bitum-terminali-sbt\/\">Salsk Bit\u00fcm Terminali<\/a><\/h2><\/div>\t<\/div>\r\n<\/article>\r\n<article class=\"w-grid-item size_1x1 post-2785 us_portfolio type-us_portfolio status-publish has-post-thumbnail hentry us_portfolio_category-portfolio-tr\" data-id=\"2785\">\r\n\t<div class=\"w-grid-item-h\">\r\n\t\t\t\t<div class=\"w-post-elm post_image usg_post_image_1 stretched\"><a href=\"https:\/\/www.erichhahn.com.tr\/tr\/products\/ural-bitum-terminali-ubt\/\" aria-label=\"Ural Bit\u00fcm Terminali\"><img loading=\"lazy\" decoding=\"async\" width=\"1200\" height=\"800\" src=\"https:\/\/www.erichhahn.com.tr\/wp-content\/uploads\/2024\/09\/UBT-3.jpg\" class=\"attachment-us_600_600_crop size-us_600_600_crop wp-post-image\" alt=\"\" srcset=\"https:\/\/www.erichhahn.com.tr\/wp-content\/uploads\/2024\/09\/UBT-3.jpg 1200w, https:\/\/www.erichhahn.com.tr\/wp-content\/uploads\/2024\/09\/UBT-3-500x333.jpg 500w, https:\/\/www.erichhahn.com.tr\/wp-content\/uploads\/2024\/09\/UBT-3-300x200.jpg 300w, https:\/\/www.erichhahn.com.tr\/wp-content\/uploads\/2024\/09\/UBT-3-1024x683.jpg 1024w\" sizes=\"auto, (max-width: 1200px) 100vw, 1200px\" \/><\/a><\/div><div class=\"w-vwrapper usg_vwrapper_1 align_left valign_top\"><div class=\"w-hwrapper usg_hwrapper_1 align_left valign_top\"><time class=\"w-post-elm post_date usg_post_date_1 entry-date published\" datetime=\"2024-07-15T12:30:07+03:00\" title=\"15 Temmuz 2024, 12:30:07 +03:00\">15 Tem 2024<\/time><\/div><h2 class=\"w-post-elm post_title usg_post_title_1 entry-title color_link_inherit has_text_color\"><a href=\"https:\/\/www.erichhahn.com.tr\/tr\/products\/ural-bitum-terminali-ubt\/\">Ural Bit\u00fcm Terminali<\/a><\/h2><\/div>\t<\/div>\r\n<\/article>\r\n<article class=\"w-grid-item size_1x1 post-2789 us_portfolio type-us_portfolio status-publish has-post-thumbnail hentry us_portfolio_category-portfolio-tr\" data-id=\"2789\">\r\n\t<div class=\"w-grid-item-h\">\r\n\t\t\t\t<div class=\"w-post-elm post_image usg_post_image_1 stretched\"><a href=\"https:\/\/www.erichhahn.com.tr\/tr\/products\/alliance-neft-khim-ankh\/\" aria-label=\"AllianceNeftKhim\"><img loading=\"lazy\" decoding=\"async\" width=\"1200\" height=\"800\" src=\"https:\/\/www.erichhahn.com.tr\/wp-content\/uploads\/2024\/09\/ANKH-6.jpg\" class=\"attachment-us_600_600_crop size-us_600_600_crop wp-post-image\" alt=\"\" srcset=\"https:\/\/www.erichhahn.com.tr\/wp-content\/uploads\/2024\/09\/ANKH-6.jpg 1200w, https:\/\/www.erichhahn.com.tr\/wp-content\/uploads\/2024\/09\/ANKH-6-500x333.jpg 500w, https:\/\/www.erichhahn.com.tr\/wp-content\/uploads\/2024\/09\/ANKH-6-300x200.jpg 300w, https:\/\/www.erichhahn.com.tr\/wp-content\/uploads\/2024\/09\/ANKH-6-1024x683.jpg 1024w\" sizes=\"auto, (max-width: 1200px) 100vw, 1200px\" \/><\/a><\/div><div class=\"w-vwrapper usg_vwrapper_1 align_left valign_top\"><div class=\"w-hwrapper usg_hwrapper_1 align_left valign_top\"><time class=\"w-post-elm post_date usg_post_date_1 entry-date published\" datetime=\"2023-06-18T12:30:08+03:00\" title=\"18 Haziran 2023, 12:30:08 +03:00\">18 Haz 2023<\/time><\/div><h2 class=\"w-post-elm post_title usg_post_title_1 entry-title color_link_inherit has_text_color\"><a href=\"https:\/\/www.erichhahn.com.tr\/tr\/products\/alliance-neft-khim-ankh\/\">AllianceNeftKhim<\/a><\/h2><\/div>\t<\/div>\r\n<\/article>\r\n<\/div><div class=\"w-grid-preloader\"><div class=\"g-preloader type_3\">\r\n\t<div><\/div>\r\n<\/div>\r\n<\/div>\t<div class=\"w-grid-json hidden\" onclick='return {&quot;action&quot;:&quot;us_ajax_grid&quot;,&quot;ajax_url&quot;:&quot;https:\\\/\\\/www.erichhahn.com.tr\\\/wp-admin\\\/admin-ajax.php&quot;,&quot;infinite_scroll&quot;:0,&quot;max_num_pages&quot;:1,&quot;pagination&quot;:&quot;none&quot;,&quot;permalink_url&quot;:&quot;https:\\\/\\\/www.erichhahn.com.tr\\\/tr\\\/wp-json\\\/wp\\\/v2\\\/pages\\\/2775\\\/&quot;,&quot;template_vars&quot;:{&quot;columns&quot;:&quot;2&quot;,&quot;exclude_items&quot;:&quot;none&quot;,&quot;img_size&quot;:&quot;default&quot;,&quot;ignore_items_size&quot;:false,&quot;items_layout&quot;:&quot;blog_9&quot;,&quot;items_offset&quot;:&quot;1&quot;,&quot;overriding_link&quot;:&quot;none&quot;,&quot;post_id&quot;:2775,&quot;query_args&quot;:{&quot;post_type&quot;:[&quot;us_portfolio&quot;],&quot;tax_query&quot;:[{&quot;taxonomy&quot;:&quot;us_portfolio_category&quot;,&quot;field&quot;:&quot;slug&quot;,&quot;terms&quot;:[&quot;portfolio&quot;]}],&quot;post_status&quot;:[&quot;publish&quot;],&quot;orderby&quot;:{&quot;date&quot;:&quot;DESC&quot;},&quot;posts_per_page&quot;:&quot;10&quot;},&quot;type&quot;:&quot;grid&quot;,&quot;us_grid_ajax_index&quot;:1,&quot;us_grid_filter_params&quot;:null,&quot;us_grid_index&quot;:1,&quot;_us_grid_post_type&quot;:&quot;us_portfolio&quot;,&quot;lang&quot;:&quot;tr&quot;}}'><\/div>\r\n<\/div><\/div><\/div><\/div><\/div><\/div><\/section>\n","protected":false},"excerpt":{"rendered":"Konum: Rusya, Ryazan B\u00f6lgesi, Spassky B\u00f6lgesi, Zarechinskoye K\u0131rsal Yerle\u015fimi, Pronya \u0130stasyonu Yerle\u015fimi Alliance Neft Khim ErichHahn i\u015fletme yeniden in\u015fas\u0131, ekipman temini: &#8211; Y\u00fckleme\/bo\u015faltma: ATU, ATL &#8211; Tanklar: MT, ST, HT &#8211; Pompalama ve \u0131s\u0131tma ekipman\u0131 (FN, HPDU, OPS) \u015eu anda in\u015fan\u0131n ilk a\u015famas\u0131 tamamland\u0131 &#8211; 1. a\u015faman\u0131n tamamlanma tarihi 2023 ortas\u0131. Ayr\u0131 bir demiryolu hatt\u0131...","protected":false},"author":1,"featured_media":0,"parent":0,"menu_order":0,"comment_status":"closed","ping_status":"closed","template":"","meta":{"footnotes":""},"class_list":["post-2775","page","type-page","status-publish","hentry"],"_links":{"self":[{"href":"https:\/\/www.erichhahn.com.tr\/tr\/wp-json\/wp\/v2\/pages\/2775","targetHints":{"allow":["GET"]}}],"collection":[{"href":"https:\/\/www.erichhahn.com.tr\/tr\/wp-json\/wp\/v2\/pages"}],"about":[{"href":"https:\/\/www.erichhahn.com.tr\/tr\/wp-json\/wp\/v2\/types\/page"}],"author":[{"embeddable":true,"href":"https:\/\/www.erichhahn.com.tr\/tr\/wp-json\/wp\/v2\/users\/1"}],"replies":[{"embeddable":true,"href":"https:\/\/www.erichhahn.com.tr\/tr\/wp-json\/wp\/v2\/comments?post=2775"}],"version-history":[{"count":2,"href":"https:\/\/www.erichhahn.com.tr\/tr\/wp-json\/wp\/v2\/pages\/2775\/revisions"}],"predecessor-version":[{"id":2779,"href":"https:\/\/www.erichhahn.com.tr\/tr\/wp-json\/wp\/v2\/pages\/2775\/revisions\/2779"}],"wp:attachment":[{"href":"https:\/\/www.erichhahn.com.tr\/tr\/wp-json\/wp\/v2\/media?parent=2775"}],"curies":[{"name":"wp","href":"https:\/\/api.w.org\/{rel}","templated":true}]}}