{"id":2846,"date":"2024-09-30T18:48:59","date_gmt":"2024-09-30T15:48:59","guid":{"rendered":"https:\/\/www.erichhahn.com.tr\/mobile-tanker-truck-loading-platform-mtl\/"},"modified":"2025-12-11T01:45:35","modified_gmt":"2025-12-10T22:45:35","slug":"mobil-tanker-kamyon-yukleme-platformu-mtl","status":"publish","type":"page","link":"https:\/\/www.erichhahn.com.tr\/tr\/mobil-tanker-kamyon-yukleme-platformu-mtl\/","title":{"rendered":"Mobil Tanker Kamyon Y\u00fckleme Platformu | MTL"},"content":{"rendered":"<section class=\"l-section wpb_row height_auto\"><div class=\"l-section-h i-cf\"><div class=\"g-cols vc_row type_default valign_top\"><div class=\"vc_col-sm-12 wpb_column vc_column_container\"><div class=\"vc_column-inner\"><div class=\"wpb_wrapper\">\n\t\t\t<!-- START MTL TR REVOLUTION SLIDER 6.2.23 --><p class=\"rs-p-wp-fix\"><\/p>\n\t\t\t<rs-module-wrap id=\"rev_slider_78_1_wrapper\" data-source=\"gallery\" style=\"background:transparent;padding:0;margin:0px auto;margin-top:0;margin-bottom:0;max-width:;\">\n\t\t\t\t<rs-module id=\"rev_slider_78_1\" style=\"\" data-version=\"6.2.23\">\n\t\t\t\t\t<rs-slides>\n\t\t\t\t\t\t<rs-slide data-key=\"rs-95\" data-title=\"Erichhahn\" data-anim=\"ei:power4.inOut;eo:power4.inOut;s:2000;r:0;t:zoomin;sl:7;\" data-firstanim=\"t:fade;s:1500;sl:7;\">\n\t\t\t\t\t\t\t<img loading=\"lazy\" decoding=\"async\" src=\"\/\/www.erichhahn.com.tr\/wp-content\/uploads\/2024\/10\/MTL-Banner.jpg\" title=\"MTL-Banner\" width=\"1920\" height=\"885\" data-parallax=\"10\" data-panzoom=\"d:30000;ss:100;se:120;\" class=\"rev-slidebg\" data-no-retina>\n<!--\n\t\t\t\t\t\t\t--><rs-layer\n\t\t\t\t\t\t\t\tid=\"slider-78-slide-95-layer-1\" \n\t\t\t\t\t\t\t\tclass=\"NotGeneric-Title\"\n\t\t\t\t\t\t\t\tdata-type=\"text\"\n\t\t\t\t\t\t\t\tdata-color=\"rgba(255,255,255,1)\"\n\t\t\t\t\t\t\t\tdata-rsp_ch=\"on\"\n\t\t\t\t\t\t\t\tdata-xy=\"x:c;xo:-362px,-260px,-152px,-8px;y:m;yo:70px,137px,60px,58px;\"\n\t\t\t\t\t\t\t\tdata-text=\"s:23,22,20,20;l:20,19,16,15;ls:1px;fw:300;\"\n\t\t\t\t\t\t\t\tdata-dim=\"w:auto,auto,413.984px,413.985px;\"\n\t\t\t\t\t\t\t\tdata-padding=\"t:10;b:10;\"\n\t\t\t\t\t\t\t\tdata-frame_0=\"y:50;\"\n\t\t\t\t\t\t\t\tdata-frame_1=\"st:1530;sp:2950;sR:1530;\"\n\t\t\t\t\t\t\t\tdata-frame_999=\"y:100%;e:power2.inOut;st:w;sp:1000;sR:4520;\"\n\t\t\t\t\t\t\t\tdata-frame_999_mask=\"u:t;\"\n\t\t\t\t\t\t\t\tstyle=\"z-index:10;font-family:Roboto Condensed;\"\n\t\t\t\t\t\t\t>Mobil Tanker Kamyon Y\u00fckleme Platformu | MTL \n\t\t\t\t\t\t\t<\/rs-layer><!--\n\n\t\t\t\t\t\t\t--><rs-layer\n\t\t\t\t\t\t\t\tid=\"slider-78-slide-95-layer-12\" \n\t\t\t\t\t\t\t\tclass=\"tp-shape tp-shapewrapper\"\n\t\t\t\t\t\t\t\tdata-type=\"shape\"\n\t\t\t\t\t\t\t\tdata-rsp_ch=\"on\"\n\t\t\t\t\t\t\t\tdata-xy=\"x:c;xo:-540px,-442px,-365px,-416px;y:m;yo:68px,135px,58px,58px;\"\n\t\t\t\t\t\t\t\tdata-text=\"fw:800;\"\n\t\t\t\t\t\t\t\tdata-dim=\"w:872px,872px,872px,1258px;h:88px,85px,85px,79px;\"\n\t\t\t\t\t\t\t\tdata-border=\"bor:0px,15px,15px,50px;\"\n\t\t\t\t\t\t\t\tdata-frame_0=\"y:-100%;o:1;\"\n\t\t\t\t\t\t\t\tdata-frame_0_mask=\"u:t;\"\n\t\t\t\t\t\t\t\tdata-frame_1=\"e:power4.inOut;st:1050;sp:2450;sR:1050;\"\n\t\t\t\t\t\t\t\tdata-frame_1_mask=\"u:t;\"\n\t\t\t\t\t\t\t\tdata-frame_999=\"y:100%;e:power2.inOut;st:w;sp:1000;sR:5500;\"\n\t\t\t\t\t\t\t\tdata-frame_999_mask=\"u:t;\"\n\t\t\t\t\t\t\t\tstyle=\"z-index:9;background-color:rgba(0,55,112,0.97);\"\n\t\t\t\t\t\t\t> \n\t\t\t\t\t\t\t<\/rs-layer><!--\n-->\t\t\t\t\t\t<\/rs-slide>\n\t\t\t\t\t<\/rs-slides>\n\t\t\t\t<\/rs-module>\n\t\t\t\t<script type=\"text\/javascript\">\n\t\t\t\t\tsetREVStartSize({c: 'rev_slider_78_1',rl:[1240,1024,778,480],el:[524.984,524.984,499.983,399.983],gw:[1240,1024,778,480],gh:[525,525,500,400],type:'standard',justify:'',layout:'fullwidth',mh:\"0\"});\n\t\t\t\t\tvar\trevapi78,\n\t\t\t\t\t\ttpj;\n\t\t\t\t\tfunction revinit_revslider781() {\n\t\t\t\t\tjQuery(function() {\n\t\t\t\t\t\ttpj = jQuery;\n\t\t\t\t\t\trevapi78 = tpj(\"#rev_slider_78_1\");\n\t\t\t\t\t\tif(revapi78==undefined || revapi78.revolution == undefined){\n\t\t\t\t\t\t\trevslider_showDoubleJqueryError(\"rev_slider_78_1\");\n\t\t\t\t\t\t}else{\n\t\t\t\t\t\t\trevapi78.revolution({\n\t\t\t\t\t\t\t\tvisibilityLevels:\"1240,1024,778,480\",\n\t\t\t\t\t\t\t\tgridwidth:\"1240,1024,778,480\",\n\t\t\t\t\t\t\t\tgridheight:\"525,525,500,400\",\n\t\t\t\t\t\t\t\tperspective:600,\n\t\t\t\t\t\t\t\tperspectiveType:\"local\",\n\t\t\t\t\t\t\t\teditorheight:\"524.984,524.984,499.983,399.983\",\n\t\t\t\t\t\t\t\tresponsiveLevels:\"1240,1024,778,480\",\n\t\t\t\t\t\t\t\tprogressBar:{disableProgressBar:true},\n\t\t\t\t\t\t\t\tnavigation: {\n\t\t\t\t\t\t\t\t\tkeyboardNavigation:true,\n\t\t\t\t\t\t\t\t\tmouseScrollNavigation:false,\n\t\t\t\t\t\t\t\t\tonHoverStop:false,\n\t\t\t\t\t\t\t\t\ttouch: {\n\t\t\t\t\t\t\t\t\t\ttouchenabled:true\n\t\t\t\t\t\t\t\t\t}\n\t\t\t\t\t\t\t\t},\n\t\t\t\t\t\t\t\tparallax: {\n\t\t\t\t\t\t\t\t\tlevels:[2,3,4,5,6,7,12,16,10,50,47,48,49,50,51,30],\n\t\t\t\t\t\t\t\t\ttype:\"mouse\",\n\t\t\t\t\t\t\t\t\torigo:\"slidercenter\",\n\t\t\t\t\t\t\t\t\tspeed:2000\n\t\t\t\t\t\t\t\t},\n\t\t\t\t\t\t\t\tviewPort: {\n\t\t\t\t\t\t\t\t\tenable:true,\n\t\t\t\t\t\t\t\t\toutof:\"pause\",\n\t\t\t\t\t\t\t\t\tvisible_area:\"20%\"\n\t\t\t\t\t\t\t\t},\n\t\t\t\t\t\t\t\tfallbacks: {\n\t\t\t\t\t\t\t\t\tallowHTML5AutoPlayOnAndroid:true\n\t\t\t\t\t\t\t\t},\n\t\t\t\t\t\t\t});\n\t\t\t\t\t\t}\n\t\t\t\t\t\t\n\t\t\t\t\t});\n\t\t\t\t\t} \/\/ End of RevInitScript\n\t\t\t\tvar once_revslider781 = false;\n\t\t\t\tif (document.readyState === \"loading\") {document.addEventListener('readystatechange',function() { if((document.readyState === \"interactive\" || document.readyState === \"complete\") && !once_revslider781 ) { once_revslider781 = true; revinit_revslider781();}});} else {once_revslider781 = true; revinit_revslider781();}\n\t\t\t\t<\/script>\n\t\t\t<\/rs-module-wrap>\n\t\t\t<!-- END REVOLUTION SLIDER -->\n<\/div><\/div><\/div><\/div><\/div><\/section><section class=\"l-section wpb_row height_small\"><div class=\"l-section-h i-cf\"><div class=\"g-cols vc_row type_default valign_top\"><div class=\"vc_col-sm-12 wpb_column vc_column_container animate_afl\" style=\"animation-delay:0s\"><div class=\"vc_column-inner\"><div class=\"wpb_wrapper\"><ol class=\"g-breadcrumbs separator_icon align_left\" itemscope itemtype=\"http:\/\/schema.org\/BreadcrumbList\"><li class=\"g-breadcrumbs-item\" itemprop=\"itemListElement\" itemscope itemtype=\"http:\/\/schema.org\/ListItem\"><a itemprop=\"item\" href=\"https:\/\/www.erichhahn.com.tr\/tr\/\"><span itemprop=\"name\">Anasayfa<\/span><\/a><meta itemprop=\"position\" content=\"1\"\/><\/li><li class=\"g-breadcrumbs-separator\"><i class=\"far fa-angle-right\"><\/i><\/li><li class=\"g-breadcrumbs-item\">Sayfalar<\/li><\/ol><div class=\"w-separator size_custom\" style=\"height:5px\"><\/div><div class=\"w-separator size_custom with_line width_default thick_1 style_solid color_border align_center\" style=\"height:1px\"><div class=\"w-separator-h\"><\/div><\/div><\/div><\/div><\/div><\/div><\/div><\/section><section class=\"l-section wpb_row height_small\" id=\"1\"><div class=\"l-section-h i-cf\"><div class=\"g-cols vc_row type_default valign_top\"><div class=\"vc_col-sm-6 wpb_column vc_column_container animate_afl\" style=\"animation-delay:0s\"><div class=\"vc_column-inner\"><div class=\"wpb_wrapper\"><div class=\"wpb_text_column\" ><div class=\"wpb_wrapper\"><h3>Mobil Tanker Kamyon Y\u00fckleme Platformu | <strong>MTL<\/strong><\/h3>\n<\/div><\/div><div class=\"w-separator size_custom\" style=\"height:4px\"><\/div><div class=\"w-image align_none animate_afl\" style=\"animation-delay:0s\"><div class=\"w-image-h\"><img loading=\"lazy\" decoding=\"async\" width=\"52\" height=\"3\" src=\"https:\/\/www.erichhahn.com.tr\/wp-content\/uploads\/2024\/04\/slash-1.jpg\" class=\"attachment-full size-full\" alt=\"\" \/><\/div><\/div><div class=\"w-separator size_small\"><\/div><div class=\"wpb_text_column\" ><div class=\"wpb_wrapper\"><p>MTL mobil tanker kamyon y\u00fckleme platformu, bir veya iki hizmet postas\u0131 ile, viskoz ya\u011f \u00fcr\u00fcnlerinin tanker kamyonlar\u0131na \u00fcstten y\u00fcklenmesi i\u00e7in tasarlanm\u0131\u015ft\u0131r.<\/p>\n<\/div><\/div><div class=\"g-cols wpb_row  type_default valign_top vc_inner\"><div class=\"vc_col-sm-6 wpb_column vc_column_container\"><div class=\"vc_column-inner\"><div class=\"wpb_wrapper\"><div class=\"w-separator size_medium\"><\/div><div class=\"w-video align_left ratio_16x9\"><div class=\"w-video-h\"><iframe src=\"\/\/www.youtube.com\/embed\/BfLhnVzRjOY?autoplay=0&controls=1&origin=https%3A%2F%2Fwww.erichhahn.com.tr\" allowfullscreen=\"1\"><\/iframe><\/div><div class=\"w-video-icon\" style=\"font-size:1.5rem;background:rgba(0,0,0,0.5);color:#fff;\"><\/div><\/div><\/div><\/div><\/div><div class=\"vc_col-sm-6 wpb_column vc_column_container\"><div class=\"vc_column-inner\"><div class=\"wpb_wrapper\"><div class=\"w-separator size_medium\"><\/div><div class=\"wpb_text_column\" ><div class=\"wpb_wrapper\"><h5>ErichHahn MTL<b> Avantajlar\u0131<\/b><\/h5>\n<p>MTL bir\u00e7ok uygulama alan\u0131nda kullan\u0131labilir.<br \/>\n\u2022 Ya\u011f rafinasyonu<br \/>\n\u2022 Yol in\u015faat\u0131<br \/>\n\u2022 \u0130n\u015faat<br \/>\n\u2022 Kompakt boyutlar<br \/>\n\u2022 Birimler ve montajlar de\u011fi\u015ftirilebilir, bu da sistemin bak\u0131m ve onar\u0131m\u0131n\u0131 kolayla\u015ft\u0131r\u0131r<br \/>\n\u2022 Hizmet personelinin sa\u011fl\u0131\u011f\u0131 ve \u00e7evre i\u00e7in g\u00fcvenlidir<br \/>\n\u2022 Otomatik kontrol ve izleme<\/p>\n<\/div><\/div><\/div><\/div><\/div><\/div><\/div><\/div><\/div><div class=\"vc_col-sm-6 wpb_column vc_column_container animate_afr\" style=\"animation-delay:0s\"><div class=\"vc_column-inner\"><div class=\"wpb_wrapper\"><div class='ult_hotspot_container ult-adjust-bottom-margin ult-hotspot-tooltip-wrapper ' style=>  <img class='ult_hotspot_image' src=https:\/\/www.erichhahn.com.tr\/wp-content\/uploads\/2024\/09\/MTL-2.jpg alt='null'\/>     <div class='utl-hotspot-items ult-hotspot-item'><div class='ult-hotspot-item  ' style='top:-webkit-calc(28.538624572753907% - 12.5px);top:-moz-calc(28.538624572753907% - 12.5px);top:calc(28.538624572753907% - 12.5px);left: -webkit-calc(37.45719604492187% - 12.5px);left: -moz-calc(37.45719604492187% - 12.5px);left: calc(37.45719604492187% - 12.5px);' >  <div style='z-index: 39;position: relative;'>   <a data-link_style='tootip' data-mycust-id=\"hotspot-tooltip-3138\"  data-ultimate-target='#hotspot-tooltip-3138 .ult-tooltipster-content'  data-responsive-json-new='{\"font-size\":\"\",\"line-height\":\"\"}' data-tooltip-content-style=\"width:150px;\"data-tooltip-base-style=\"background-color:rgba(255,255,255,0.01);color:#0b4887;text-align:right;\" data-bubble-arrow=\"true\" data-tooltip-offsety=\"12.5\" class='ult-tooltipstered ult-hotspot-tooltip' href='#' data-status='show'><div class=\"ult-just-icon-wrapper  \"><div class=\"align-icon\" style=\"text-align:center;\">\n<div class=\"aio-icon  \"  style=\"color:#0b4887;font-size:25px;display:inline-block;\">\n\t<i class=\"Defaults-info-circle\"><\/i>\n<\/div><\/div><\/div><span class='hotspot-tooltip-content'>\n&lt;p style=&#039;text-align: center;&#039;&gt;&lt;span style=&#039;color: #0a437d;&#039;&gt;\u00dcstten Doldurma Cihaz\u0131&lt;\/span&gt;&lt;\/p&gt;\n&lt;p&gt;<\/span>  <\/a> <\/div><!-- ICON WRAP --> <div class='ult-glow' style=background-color:rgba(101,164,230,0.5);><\/div><\/div><div class='ult-hotspot-item  ' style='top:-webkit-calc(42.06117706298828% - 12.5px);top:-moz-calc(42.06117706298828% - 12.5px);top:calc(42.06117706298828% - 12.5px);left: -webkit-calc(74.03587280273437% - 12.5px);left: -moz-calc(74.03587280273437% - 12.5px);left: calc(74.03587280273437% - 12.5px);' >  <div style='z-index: 39;position: relative;'>   <a data-link_style='tootip' data-mycust-id=\"hotspot-tooltip-4722\"  data-ultimate-target='#hotspot-tooltip-4722 .ult-tooltipster-content'  data-responsive-json-new='{\"font-size\":\"\",\"line-height\":\"\"}' data-tooltip-content-style=\"width:150px;\"data-tooltip-base-style=\"background-color:rgba(255,255,255,0.01);color:#0b4887;\" data-bubble-arrow=\"true\" data-tooltip-offsety=\"12.5\" class='ult-tooltipstered ult-hotspot-tooltip' href='#' data-status='show'><div class=\"ult-just-icon-wrapper  \"><div class=\"align-icon\" style=\"text-align:center;\">\n<div class=\"aio-icon  \"  style=\"color:#0b4887;font-size:25px;display:inline-block;\">\n\t<i class=\"Defaults-info-circle\"><\/i>\n<\/div><\/div><\/div><span class='hotspot-tooltip-content'>&lt;\/p&gt;\n&lt;p style=&#039;text-align: center;&#039;&gt;&lt;span style=&#039;color: #0a437d;&#039;&gt;Katlanabilir Mekanizmal\u0131&lt;br \/&gt;\nGe\u00e7i\u015f Merdiveni&lt;\/span&gt;&lt;\/p&gt;\n&lt;p&gt;<\/span>  <\/a> <\/div><!-- ICON WRAP --> <div class='ult-glow' style=background-color:rgba(101,164,230,0.5);><\/div><\/div><div class='ult-hotspot-item  ' style='top:-webkit-calc(71.55059814453125% - 12.5px);top:-moz-calc(71.55059814453125% - 12.5px);top:calc(71.55059814453125% - 12.5px);left: -webkit-calc(4.0266662597656255% - 12.5px);left: -moz-calc(4.0266662597656255% - 12.5px);left: calc(4.0266662597656255% - 12.5px);' >  <div style='z-index: 39;position: relative;'>   <a data-link_style='tootip' data-mycust-id=\"hotspot-tooltip-9442\"  data-ultimate-target='#hotspot-tooltip-9442 .ult-tooltipster-content'  data-responsive-json-new='{\"font-size\":\"\",\"line-height\":\"\"}' data-tooltip-content-style=\"width:150px;\"data-tooltip-base-style=\"background-color:rgba(255,255,255,0.01);color:#0b4887;text-align:center;\" data-bubble-arrow=\"true\" data-tooltip-offsety=\"12.5\"data-arrowposition=\"bottom\" class='ult-tooltipstered ult-hotspot-tooltip' href='#' data-status='show'><div class=\"ult-just-icon-wrapper  \"><div class=\"align-icon\" style=\"text-align:center;\">\n<div class=\"aio-icon  \"  style=\"color:#0b4887;font-size:25px;display:inline-block;\">\n\t<i class=\"Defaults-info-circle\"><\/i>\n<\/div><\/div><\/div><span class='hotspot-tooltip-content'>&lt;\/p&gt;\n&lt;p style=&#039;text-align: center;&#039;&gt;&lt;span style=&#039;color: #0a437d;&#039;&gt;Boru&lt;br \/&gt;\nHatt\u0131 Ge\u00e7i\u015fi&lt;\/span&gt;&lt;\/p&gt;\n&lt;p&gt;<\/span>  <\/a> <\/div><!-- ICON WRAP --> <div class='ult-glow' style=background-color:rgba(101,164,230,0.5);><\/div><\/div><div class='ult-hotspot-item  ' style='top:-webkit-calc(73.07671966552735% - 12.5px);top:-moz-calc(73.07671966552735% - 12.5px);top:calc(73.07671966552735% - 12.5px);left: -webkit-calc(65.13698608398437% - 12.5px);left: -moz-calc(65.13698608398437% - 12.5px);left: calc(65.13698608398437% - 12.5px);' >  <div style='z-index: 39;position: relative;'>   <a data-link_style='tootip' data-mycust-id=\"hotspot-tooltip-2361\"  data-ultimate-target='#hotspot-tooltip-2361 .ult-tooltipster-content'  data-responsive-json-new='{\"font-size\":\"\",\"line-height\":\"\"}' data-tooltip-content-style=\"width:150px;\"data-tooltip-base-style=\"background-color:rgba(255,255,255,0.01);color:#0b4887;text-align:center;\" data-bubble-arrow=\"true\" data-tooltip-offsety=\"12.5\"data-arrowposition=\"bottom\" class='ult-tooltipstered ult-hotspot-tooltip' href='#' data-status='show'><div class=\"ult-just-icon-wrapper  \"><div class=\"align-icon\" style=\"text-align:center;\">\n<div class=\"aio-icon  \"  style=\"color:#0b4887;font-size:25px;display:inline-block;\">\n\t<i class=\"Defaults-info-circle\"><\/i>\n<\/div><\/div><\/div><span class='hotspot-tooltip-content'>&lt;\/p&gt;\n&lt;p style=&#039;text-align: center;&#039;&gt;&lt;span style=&#039;color: #0a437d;&#039;&gt;Merdivenli Destek&lt;br \/&gt;\nMetal Yap\u0131s\u0131&lt;\/span&gt;&lt;\/p&gt;\n&lt;p&gt;<\/span>  <\/a> <\/div><!-- ICON WRAP --> <div class='ult-glow' style=background-color:rgba(101,164,230,0.5);><\/div><\/div>\n<\/div>     <div style='color:#000;' data-image='    '><\/div><\/div><\/div><\/div><\/div><\/div><\/div><\/section><section class=\"l-section wpb_row height_small\" id=\"2\"><div class=\"l-section-h i-cf\"><div class=\"g-cols vc_row type_default valign_top\"><div class=\"vc_col-sm-6 wpb_column vc_column_container animate_afl\" style=\"animation-delay:0s\"><div class=\"vc_column-inner\"><div class=\"wpb_wrapper\"><div class=\"w-tabs layout_ver navpos_left navwidth_auto title_atleft style_modern switch_click icon_chevron iconpos_right title_atleft\"><div class=\"w-tabs-list items_1\"><div class=\"w-tabs-list-h\"><a class=\"w-tabs-item active\" aria-controls=\"content-1721763289369-910b3953-caf7\" href=\"javascript:void(0);\"><span class=\"w-tabs-item-title\">Ekipman<\/span><\/a><\/div><\/div><div class=\"w-tabs-sections\"><div class=\"w-tabs-sections-h\"><div class=\"w-tabs-section active\" id=\"1721763289369-910b3953-caf7\"><button class=\"w-tabs-section-header active\" aria-controls=\"content-1721763289369-910b3953-caf7\"><div class=\"w-tabs-section-header-h\"><div class=\"w-tabs-section-title\">Ekipman<\/div><div class=\"w-tabs-section-control\"><\/div><\/div><\/button><div class=\"w-tabs-section-content\" id=\"content-1721763289369-910b3953-caf7\" aria-expanded=\"true\"><div class=\"w-tabs-section-content-h i-cf\"><div class=\"wpb_text_column\" ><div class=\"wpb_wrapper\"><p>\u2022 Merdivenli destek metal yap\u0131s\u0131<br \/>\n\u2022 Katlanabilir mekanizmal\u0131 ge\u00e7i\u015f merdiveni<br \/>\n\u2022 \u00dcstten y\u00fckleme cihaz\u0131<br \/>\n\u2022 Boru hatt\u0131 ge\u00e7i\u015fi<\/p>\n<\/div><\/div><\/div><\/div><\/div><\/div><\/div><\/div><\/div><\/div><\/div><div class=\"vc_col-sm-6 wpb_column vc_column_container animate_afr\" style=\"animation-delay:0s\"><div class=\"vc_column-inner\"><div class=\"wpb_wrapper\"><div class=\"g-cols wpb_row  type_default valign_top vc_inner\"><div class=\"vc_col-sm-6 wpb_column vc_column_container\"><div class=\"vc_column-inner\"><div class=\"wpb_wrapper\"><div class=\"wpb_text_column\" ><div class=\"wpb_wrapper\"><h5><strong>Neden<\/strong> ErichHahn MTL ?<\/h5>\n<p>\u2022 S\u0131zd\u0131rmaz dolum<br \/>\n\u2022 Ta\u015fma \u00f6ncesi \u00f6nlem<br \/>\n\u2022 \u0130ki hizmet istasyonu<br \/>\n\u2022 Dayan\u0131kl\u0131 malzemeler<br \/>\n\u2022 Kontrol ve izleme<\/p>\n<\/div><\/div><\/div><\/div><\/div><div class=\"vc_col-sm-6 wpb_column vc_column_container\"><div class=\"vc_column-inner\"><div class=\"wpb_wrapper\"><div class=\"wpb_text_column\" ><div class=\"wpb_wrapper\"><h5><strong>Di\u011fer<\/strong> Ekipmanlar<\/h5>\n<\/div><\/div><div class=\"w-separator size_small\"><\/div>[vc_wp_custommenu nav_menu=&#8221;4&#8243;]<\/div><\/div><\/div><\/div><\/div><\/div><\/div><\/div><\/div><\/section><section class=\"l-section wpb_row height_custom\"><div class=\"l-section-h i-cf\"><div class=\"g-cols vc_row type_default valign_top\"><div class=\"vc_col-sm-12 wpb_column vc_column_container animate_afl\" style=\"animation-delay:0s\"><div class=\"vc_column-inner\"><div class=\"wpb_wrapper\"><div class=\"w-tabs layout_hor style_default switch_click icon_chevron iconpos_right title_atleft\"><div class=\"w-tabs-list hidden items_2\"><div class=\"w-tabs-list-h\"><a class=\"w-tabs-item active\" aria-controls=\"content-1721775023786-52b19121-3528\" href=\"javascript:void(0);\"><span class=\"w-tabs-item-title\">Mobil Tanker Kamyon Y\u00fckleme Platformu | MTL<\/span><\/a><a class=\"w-tabs-item with_icon\" aria-controls=\"content-1721775361044-deb1abb2-5c37\" href=\"javascript:void(0);\"><i class=\"fad fa-cogs\"><\/i><span class=\"w-tabs-item-title\">Teknik \u00d6zellikler<\/span><\/a><\/div><\/div><div class=\"w-tabs-sections\"><div class=\"w-tabs-sections-h\"><div class=\"w-tabs-section active\" id=\"1721775023786-52b19121-3528\"><button class=\"w-tabs-section-header active\" aria-controls=\"content-1721775023786-52b19121-3528\"><div class=\"w-tabs-section-header-h\"><div class=\"w-tabs-section-title\">Mobil Tanker Kamyon Y\u00fckleme Platformu | MTL<\/div><div class=\"w-tabs-section-control\"><\/div><\/div><\/button><div class=\"w-tabs-section-content\" id=\"content-1721775023786-52b19121-3528\" aria-expanded=\"true\"><div class=\"w-tabs-section-content-h i-cf\"><p class=\"w-itext type_typingChars align_left dynamic_bold\" onclick='return {&quot;duration&quot;:100,&quot;delay&quot;:1500,&quot;disablePartAnimation&quot;:false,&quot;dynamicColor&quot;:&quot;#0b4887&quot;,&quot;html_nbsp_char&quot;:true}'>Teknik\u00a0\u00d6zellikler\u00a0<span class=\"w-itext-part changesat_0 changesat_1 dynamic\" style=\"color:#0b4887;\" onclick='return [&quot;\\u0130nceleyin&quot;,&quot;i\\u00e7in\\u00a0Sekmeye\\u00a0T\\u0131klay\\u0131n&quot;]'><span>\u0130nceleyin<\/span><i class=\"w-itext-cursor\"><\/i><\/span><\/p><\/div><\/div><\/div><div class=\"w-tabs-section with_icon\" id=\"1721775361044-deb1abb2-5c37\"><button class=\"w-tabs-section-header\" aria-controls=\"content-1721775361044-deb1abb2-5c37\"><div class=\"w-tabs-section-header-h\"><i class=\"fad fa-cogs\"><\/i><div class=\"w-tabs-section-title\">Teknik \u00d6zellikler<\/div><div class=\"w-tabs-section-control\"><\/div><\/div><\/button><div class=\"w-tabs-section-content us_custom_18f706fa\" id=\"content-1721775361044-deb1abb2-5c37\" aria-expanded=\"false\"><div class=\"w-tabs-section-content-h i-cf\"><div class=\"wpb_text_column\" ><div class=\"wpb_wrapper\"><div id=\"footable_parent_3370\"\n         class=\" footable_parent ninja_table_wrapper loading_ninja_table wp_table_data_press_parent semantic_ui \">\n                <table data-ninja_table_instance=\"ninja_table_instance_1\" data-footable_id=\"3370\" data-filter-delay=\"1000\" aria-label=\"MTL-TR - Sayfa1 (1).csv\"            id=\"footable_3370\"\n           data-unique_identifier=\"ninja_table_unique_id_60940230_3370\"\n           class=\" foo-table ninja_footable foo_table_3370 ninja_table_unique_id_60940230_3370 ui table  nt_type_ajax_table fixed selectable celled striped  footable-paging-right ninja_table_search_disabled\">\n                <colgroup>\n                            <col class=\"ninja_column_0 \">\n                            <col class=\"ninja_column_1 \">\n                    <\/colgroup>\n            <\/table>\n    \n    \n    \n<\/div>\n\n<\/div><\/div><\/div><\/div><\/div><\/div><\/div><\/div><\/div><\/div><\/div><\/div><\/div><\/section>\n","protected":false},"excerpt":{"rendered":"Mobil Tanker Kamyon Y\u00fckleme Platformu | MTL AnasayfaSayfalarMobil Tanker Kamyon Y\u00fckleme Platformu | MTL MTL mobil tanker kamyon y\u00fckleme platformu, bir veya iki hizmet postas\u0131 ile, viskoz ya\u011f \u00fcr\u00fcnlerinin tanker kamyonlar\u0131na \u00fcstten y\u00fcklenmesi i\u00e7in tasarlanm\u0131\u015ft\u0131r. ErichHahn MTL Avantajlar\u0131 MTL bir\u00e7ok uygulama alan\u0131nda kullan\u0131labilir. \u2022 Ya\u011f rafinasyonu \u2022 Yol in\u015faat\u0131 \u2022 \u0130n\u015faat \u2022 Kompakt boyutlar \u2022...","protected":false},"author":1,"featured_media":0,"parent":0,"menu_order":0,"comment_status":"closed","ping_status":"closed","template":"","meta":{"footnotes":""},"class_list":["post-2846","page","type-page","status-publish","hentry"],"_links":{"self":[{"href":"https:\/\/www.erichhahn.com.tr\/tr\/wp-json\/wp\/v2\/pages\/2846","targetHints":{"allow":["GET"]}}],"collection":[{"href":"https:\/\/www.erichhahn.com.tr\/tr\/wp-json\/wp\/v2\/pages"}],"about":[{"href":"https:\/\/www.erichhahn.com.tr\/tr\/wp-json\/wp\/v2\/types\/page"}],"author":[{"embeddable":true,"href":"https:\/\/www.erichhahn.com.tr\/tr\/wp-json\/wp\/v2\/users\/1"}],"replies":[{"embeddable":true,"href":"https:\/\/www.erichhahn.com.tr\/tr\/wp-json\/wp\/v2\/comments?post=2846"}],"version-history":[{"count":11,"href":"https:\/\/www.erichhahn.com.tr\/tr\/wp-json\/wp\/v2\/pages\/2846\/revisions"}],"predecessor-version":[{"id":6553,"href":"https:\/\/www.erichhahn.com.tr\/tr\/wp-json\/wp\/v2\/pages\/2846\/revisions\/6553"}],"wp:attachment":[{"href":"https:\/\/www.erichhahn.com.tr\/tr\/wp-json\/wp\/v2\/media?parent=2846"}],"curies":[{"name":"wp","href":"https:\/\/api.w.org\/{rel}","templated":true}]}}