{"id":2997,"date":"2024-08-30T18:39:28","date_gmt":"2024-08-30T15:39:28","guid":{"rendered":"https:\/\/www.erichhahn.com.tr\/sustainability\/"},"modified":"2025-03-13T19:40:50","modified_gmt":"2025-03-13T16:40:50","slug":"surdurulebilirlik","status":"publish","type":"page","link":"https:\/\/www.erichhahn.com.tr\/tr\/surdurulebilirlik\/","title":{"rendered":"S\u00fcrd\u00fcr\u00fclebilirlik"},"content":{"rendered":"<section class=\"l-section wpb_row height_auto\"><div class=\"l-section-h i-cf\"><div class=\"g-cols vc_row type_default valign_top\"><div class=\"vc_col-sm-12 wpb_column vc_column_container\"><div class=\"vc_column-inner\"><div class=\"wpb_wrapper\">\n\t\t\t<!-- START Sustain  TR REVOLUTION SLIDER 6.2.23 --><p class=\"rs-p-wp-fix\"><\/p>\n\t\t\t<rs-module-wrap id=\"rev_slider_68_1_wrapper\" data-source=\"gallery\" style=\"background:transparent;padding:0;margin:0px auto;margin-top:0;margin-bottom:0;max-width:;\">\n\t\t\t\t<rs-module id=\"rev_slider_68_1\" style=\"\" data-version=\"6.2.23\">\n\t\t\t\t\t<rs-slides>\n\t\t\t\t\t\t<rs-slide data-key=\"rs-85\" data-title=\"Erichhahn\" data-anim=\"ei:power4.inOut;eo:power4.inOut;s:2000;r:0;t:zoomin;sl:7;\" data-firstanim=\"t:fade;s:1500;sl:7;\">\n\t\t\t\t\t\t\t<img loading=\"lazy\" decoding=\"async\" src=\"\/\/www.erichhahn.com.tr\/wp-content\/uploads\/2025\/09\/Sustain2.jpg\" title=\"Sustain2\" width=\"1920\" height=\"885\" data-parallax=\"10\" data-panzoom=\"d:30000;ss:100;se:120;\" class=\"rev-slidebg\" data-no-retina>\n<!--\n\t\t\t\t\t\t\t--><rs-layer\n\t\t\t\t\t\t\t\tid=\"slider-68-slide-85-layer-1\" \n\t\t\t\t\t\t\t\tclass=\"NotGeneric-Title\"\n\t\t\t\t\t\t\t\tdata-type=\"text\"\n\t\t\t\t\t\t\t\tdata-color=\"rgba(255,255,255,1)\"\n\t\t\t\t\t\t\t\tdata-rsp_ch=\"on\"\n\t\t\t\t\t\t\t\tdata-xy=\"x:c;xo:-369px,-258px,-162px,-9px;y:m;yo:71px,136px,59px,59px;\"\n\t\t\t\t\t\t\t\tdata-text=\"s:42,41,39,34;l:35,35,30,25;ls:2px;fw:300;\"\n\t\t\t\t\t\t\t\tdata-dim=\"w:auto,auto,267.998px,238.997px;\"\n\t\t\t\t\t\t\t\tdata-padding=\"t:10;b:10;\"\n\t\t\t\t\t\t\t\tdata-frame_0=\"x:-50;\"\n\t\t\t\t\t\t\t\tdata-frame_1=\"st:1300;sp:1820;sR:1300;\"\n\t\t\t\t\t\t\t\tdata-frame_999=\"y:100%;e:power2.inOut;st:w;sp:1000;sR:5880;\"\n\t\t\t\t\t\t\t\tdata-frame_999_mask=\"u:t;\"\n\t\t\t\t\t\t\t\tstyle=\"z-index:10;font-family:Roboto Condensed;\"\n\t\t\t\t\t\t\t>S\u00fcrd\u00fcr\u00fclebilirlik \n\t\t\t\t\t\t\t<\/rs-layer><!--\n\n\t\t\t\t\t\t\t--><rs-layer\n\t\t\t\t\t\t\t\tid=\"slider-68-slide-85-layer-12\" \n\t\t\t\t\t\t\t\tclass=\"tp-shape tp-shapewrapper\"\n\t\t\t\t\t\t\t\tdata-type=\"shape\"\n\t\t\t\t\t\t\t\tdata-rsp_ch=\"on\"\n\t\t\t\t\t\t\t\tdata-xy=\"x:c;xo:-540px,-442px,-365px,-416px;y:m;yo:68px,135px,58px,58px;\"\n\t\t\t\t\t\t\t\tdata-text=\"fw:800;\"\n\t\t\t\t\t\t\t\tdata-dim=\"w:872px,872px,872px,1258px;h:88px,85px,85px,79px;\"\n\t\t\t\t\t\t\t\tdata-border=\"bor:0px,15px,15px,50px;\"\n\t\t\t\t\t\t\t\tdata-frame_0=\"y:-100%;o:1;\"\n\t\t\t\t\t\t\t\tdata-frame_0_mask=\"u:t;\"\n\t\t\t\t\t\t\t\tdata-frame_1=\"e:power4.inOut;st:1050;sp:2450;sR:1050;\"\n\t\t\t\t\t\t\t\tdata-frame_1_mask=\"u:t;\"\n\t\t\t\t\t\t\t\tdata-frame_999=\"y:100%;e:power2.inOut;st:w;sp:1000;sR:5500;\"\n\t\t\t\t\t\t\t\tdata-frame_999_mask=\"u:t;\"\n\t\t\t\t\t\t\t\tstyle=\"z-index:9;background-color:rgba(0,55,112,0.95);\"\n\t\t\t\t\t\t\t> \n\t\t\t\t\t\t\t<\/rs-layer><!--\n\n\t\t\t\t\t\t\t--><rs-layer\n\t\t\t\t\t\t\t\tid=\"slider-68-slide-85-layer-13\" \n\t\t\t\t\t\t\t\tdata-type=\"image\"\n\t\t\t\t\t\t\t\tdata-rsp_ch=\"on\"\n\t\t\t\t\t\t\t\tdata-xy=\"xo:-159px,-131px,-144px,-61px;yo:235px,194px,199px,169px;\"\n\t\t\t\t\t\t\t\tdata-text=\"w:normal;s:20,16,12,7;l:0,20,15,9;\"\n\t\t\t\t\t\t\t\tdata-dim=\"w:794px,655px,606px,463px;h:418px,345px,319px,244px;\"\n\t\t\t\t\t\t\t\tdata-frame_1=\"e:power4.in;st:450;sp:4380;sR:450;\"\n\t\t\t\t\t\t\t\tdata-frame_999=\"o:0;st:w;sR:4170;\"\n\t\t\t\t\t\t\t\tstyle=\"z-index:8;\"\n\t\t\t\t\t\t\t><img loading=\"lazy\" decoding=\"async\" src=\"\/\/www.erichhahn.com.tr\/wp-content\/uploads\/2024\/04\/oklar-1.png\" width=\"741\" height=\"390\" data-no-retina> \n\t\t\t\t\t\t\t<\/rs-layer><!--\n-->\t\t\t\t\t\t<\/rs-slide>\n\t\t\t\t\t<\/rs-slides>\n\t\t\t\t<\/rs-module>\n\t\t\t\t<script type=\"text\/javascript\">\n\t\t\t\t\tsetREVStartSize({c: 'rev_slider_68_1',rl:[1240,1024,778,480],el:[525,525,500,399.985],gw:[1240,1024,778,480],gh:[525,525,500,400],type:'standard',justify:'',layout:'fullwidth',mh:\"0\"});\n\t\t\t\t\tvar\trevapi68,\n\t\t\t\t\t\ttpj;\n\t\t\t\t\tfunction revinit_revslider681() {\n\t\t\t\t\tjQuery(function() {\n\t\t\t\t\t\ttpj = jQuery;\n\t\t\t\t\t\trevapi68 = tpj(\"#rev_slider_68_1\");\n\t\t\t\t\t\tif(revapi68==undefined || revapi68.revolution == undefined){\n\t\t\t\t\t\t\trevslider_showDoubleJqueryError(\"rev_slider_68_1\");\n\t\t\t\t\t\t}else{\n\t\t\t\t\t\t\trevapi68.revolution({\n\t\t\t\t\t\t\t\tvisibilityLevels:\"1240,1024,778,480\",\n\t\t\t\t\t\t\t\tgridwidth:\"1240,1024,778,480\",\n\t\t\t\t\t\t\t\tgridheight:\"525,525,500,400\",\n\t\t\t\t\t\t\t\tperspective:600,\n\t\t\t\t\t\t\t\tperspectiveType:\"local\",\n\t\t\t\t\t\t\t\teditorheight:\"525,525,500,399.985\",\n\t\t\t\t\t\t\t\tresponsiveLevels:\"1240,1024,778,480\",\n\t\t\t\t\t\t\t\tprogressBar:{disableProgressBar:true},\n\t\t\t\t\t\t\t\tnavigation: {\n\t\t\t\t\t\t\t\t\tkeyboardNavigation:true,\n\t\t\t\t\t\t\t\t\tmouseScrollNavigation:false,\n\t\t\t\t\t\t\t\t\tonHoverStop:false,\n\t\t\t\t\t\t\t\t\ttouch: {\n\t\t\t\t\t\t\t\t\t\ttouchenabled:true\n\t\t\t\t\t\t\t\t\t}\n\t\t\t\t\t\t\t\t},\n\t\t\t\t\t\t\t\tparallax: {\n\t\t\t\t\t\t\t\t\tlevels:[2,3,4,5,6,7,12,16,10,50,47,48,49,50,51,30],\n\t\t\t\t\t\t\t\t\ttype:\"mouse\",\n\t\t\t\t\t\t\t\t\torigo:\"slidercenter\",\n\t\t\t\t\t\t\t\t\tspeed:2000\n\t\t\t\t\t\t\t\t},\n\t\t\t\t\t\t\t\tviewPort: {\n\t\t\t\t\t\t\t\t\tenable:true,\n\t\t\t\t\t\t\t\t\toutof:\"pause\",\n\t\t\t\t\t\t\t\t\tvisible_area:\"20%\"\n\t\t\t\t\t\t\t\t},\n\t\t\t\t\t\t\t\tfallbacks: {\n\t\t\t\t\t\t\t\t\tallowHTML5AutoPlayOnAndroid:true\n\t\t\t\t\t\t\t\t},\n\t\t\t\t\t\t\t});\n\t\t\t\t\t\t}\n\t\t\t\t\t\t\n\t\t\t\t\t});\n\t\t\t\t\t} \/\/ End of RevInitScript\n\t\t\t\tvar once_revslider681 = false;\n\t\t\t\tif (document.readyState === \"loading\") {document.addEventListener('readystatechange',function() { if((document.readyState === \"interactive\" || document.readyState === \"complete\") && !once_revslider681 ) { once_revslider681 = true; revinit_revslider681();}});} else {once_revslider681 = true; revinit_revslider681();}\n\t\t\t\t<\/script>\n\t\t\t<\/rs-module-wrap>\n\t\t\t<!-- END REVOLUTION SLIDER -->\n<\/div><\/div><\/div><\/div><\/div><\/section><section class=\"l-section wpb_row height_small\"><div class=\"l-section-h i-cf\"><div class=\"g-cols vc_row type_default valign_top\"><div class=\"vc_col-sm-12 wpb_column vc_column_container animate_afl\" style=\"animation-delay:0s\"><div class=\"vc_column-inner\"><div class=\"wpb_wrapper\"><ol class=\"g-breadcrumbs separator_icon align_left\" itemscope itemtype=\"http:\/\/schema.org\/BreadcrumbList\"><li class=\"g-breadcrumbs-item\" itemprop=\"itemListElement\" itemscope itemtype=\"http:\/\/schema.org\/ListItem\"><a itemprop=\"item\" href=\"https:\/\/www.erichhahn.com.tr\/tr\/\"><span itemprop=\"name\">Giri\u015f<\/span><\/a><meta itemprop=\"position\" content=\"1\"\/><\/li><li class=\"g-breadcrumbs-separator\"><i class=\"far fa-angle-right\"><\/i><\/li><li class=\"g-breadcrumbs-item\">Sayfalar<\/li><\/ol><div class=\"w-separator size_custom\" style=\"height:5px\"><\/div><div class=\"w-separator size_custom with_line width_default thick_1 style_solid color_border align_center\" style=\"height:1px\"><div class=\"w-separator-h\"><\/div><\/div><\/div><\/div><\/div><\/div><\/div><\/section><section class=\"l-section wpb_row height_auto\" id=\"1\"><div class=\"l-section-h i-cf\"><div class=\"g-cols vc_row type_default valign_top\"><div class=\"vc_col-sm-3 wpb_column vc_column_container animate_afl\" style=\"animation-delay:0s\"><div class=\"vc_column-inner\"><div class=\"wpb_wrapper\"><div class=\"wpb_text_column\" ><div class=\"wpb_wrapper\"><h4>Erichhahn <strong>Felsefesi<\/strong><\/h4>\n<\/div><\/div><div class=\"w-separator size_custom\" style=\"height:4px\"><\/div><div class=\"w-image align_none animate_afl\" style=\"animation-delay:0s\"><div class=\"w-image-h\"><img loading=\"lazy\" decoding=\"async\" width=\"52\" height=\"3\" src=\"https:\/\/www.erichhahn.com.tr\/wp-content\/uploads\/2024\/04\/slash-1.jpg\" class=\"attachment-full size-full\" alt=\"\" \/><\/div><\/div><div class=\"w-separator size_small\"><\/div><\/div><\/div><\/div><div class=\"vc_col-sm-9 wpb_column vc_column_container animate_afr\" style=\"animation-delay:0s\"><div class=\"vc_column-inner\"><div class=\"wpb_wrapper\"><div class=\"wpb_text_column\" ><div class=\"wpb_wrapper\"><p>\u00c7evremizi de\u011fi\u015ftiren yenilik\u00e7i teknolojiler geli\u015ftirerek, sekt\u00f6r\u00fcn lideri olmay\u0131 hedeflemekteyiz. ErichHahn, rakiplerine \u00f6rnek olan benzersiz \u00fcr\u00fcnler olu\u015fturmaktad\u0131r. M\u00fc\u015fterilerimizin hedeflerine ve ihtiya\u00e7lar\u0131na odaklanarak, onlar\u0131n ba\u015far\u0131lar\u0131n\u0131n bizim ba\u015far\u0131m\u0131z da oldu\u011funun fark\u0131nday\u0131z. M\u00fc\u015fterilerimizin teknolojimize dayal\u0131 ekonomik b\u00fcy\u00fcmesi, \u015firketimizin de b\u00fcy\u00fcmesini sa\u011flamaktad\u0131r.<\/p>\n<p>Yeni teknolojik s\u00fcre\u00e7leri hayata ge\u00e7iriyor ve mevcut olanlar\u0131 optimize ediyoruz ve b\u00f6ylece m\u00fc\u015fterilerimizin i\u015flerinin k\u00e2rl\u0131l\u0131\u011f\u0131n\u0131 art\u0131rmaktay\u0131z. Otomasyon ve standartla\u015ft\u0131rma \u00e7\u00f6z\u00fcmlerimiz, m\u00fc\u015fterilerimizin \u00fcretim k\u00fclt\u00fcr\u00fcn\u00fcn geli\u015fmesine katk\u0131 sa\u011flamaktad\u0131r. Her zaman beklenenden fazlas\u0131n\u0131 sunmakta ve bunun sonucunda m\u00fc\u015fterilerimiz bizim i\u015f ortaklar\u0131m\u0131z olmaktad\u0131r. <\/p>\n<\/div><\/div><div class=\"w-separator size_large\"><\/div><\/div><\/div><\/div><\/div><\/div><\/section><section class=\"l-section wpb_row height_auto\"><div class=\"l-section-h i-cf\"><div class=\"g-cols vc_row type_default valign_top\"><div class=\"vc_col-sm-3 wpb_column vc_column_container animate_afl\" style=\"animation-delay:0s\"><div class=\"vc_column-inner\"><div class=\"wpb_wrapper\"><div class=\"wpb_text_column\" ><div class=\"wpb_wrapper\"><h4>Yenilik\u00e7i<b><br \/>\n<\/b><strong>Teknolojilerin Geli\u015ftirilmesi<\/strong><\/h4>\n<\/div><\/div><div class=\"w-separator size_custom\" style=\"height:4px\"><\/div><div class=\"w-image align_none animate_afl\" style=\"animation-delay:0s\"><div class=\"w-image-h\"><img loading=\"lazy\" decoding=\"async\" width=\"52\" height=\"3\" src=\"https:\/\/www.erichhahn.com.tr\/wp-content\/uploads\/2024\/04\/slash-1.jpg\" class=\"attachment-full size-full\" alt=\"\" \/><\/div><\/div><div class=\"w-separator size_small\"><\/div><\/div><\/div><\/div><div class=\"vc_col-sm-9 wpb_column vc_column_container animate_afr\" style=\"animation-delay:0s\"><div class=\"vc_column-inner\"><div class=\"wpb_wrapper\"><div class=\"wpb_text_column\" ><div class=\"wpb_wrapper\"><p>ErichHahn, m\u00fc\u015fterilerinin rakiplerinin \u00f6n\u00fcne ge\u00e7melerini sa\u011flayan yenilik\u00e7i teknolojilerin geli\u015fimine b\u00fcy\u00fck \u00f6nem vermektedir. Ekibimiz \u00fcretim verimlili\u011fini art\u0131rmak i\u00e7in sekt\u00f6rde s\u00fcrd\u00fcr\u00fclebilir b\u00fcy\u00fcmeyi destekleyen yeni \u00e7\u00f6z\u00fcmler geli\u015ftirmek i\u00e7in s\u00fcrekli olarak \u00e7al\u0131\u015fmaktad\u0131r.<\/p>\n<p>Bit\u00fcm \u00fcretimi ve depolanmas\u0131 i\u00e7in en modern ve etkili teknolojileri sunmak amac\u0131yla ara\u015ft\u0131rma ve geli\u015ftirmeye yat\u0131r\u0131m yapmaktay\u0131z.<\/p>\n<\/div><\/div><div class=\"w-separator size_large\"><\/div><\/div><\/div><\/div><\/div><\/div><\/section><section class=\"l-section wpb_row height_auto\"><div class=\"l-section-h i-cf\"><div class=\"g-cols vc_row type_default valign_top\"><div class=\"vc_col-sm-3 wpb_column vc_column_container animate_afl\" style=\"animation-delay:0s\"><div class=\"vc_column-inner\"><div class=\"wpb_wrapper\"><div class=\"wpb_text_column\" ><div class=\"wpb_wrapper\"><h4>Teknolojik<b><br \/>\nS\u00fcre\u00e7lerin Optimizasyonu<\/b><\/h4>\n<\/div><\/div><div class=\"w-separator size_custom\" style=\"height:4px\"><\/div><div class=\"w-image align_none animate_afl\" style=\"animation-delay:0s\"><div class=\"w-image-h\"><img loading=\"lazy\" decoding=\"async\" width=\"52\" height=\"3\" src=\"https:\/\/www.erichhahn.com.tr\/wp-content\/uploads\/2024\/04\/slash-1.jpg\" class=\"attachment-full size-full\" alt=\"\" \/><\/div><\/div><div class=\"w-separator size_small\"><\/div><\/div><\/div><\/div><div class=\"vc_col-sm-9 wpb_column vc_column_container animate_afr\" style=\"animation-delay:0s\"><div class=\"vc_column-inner\"><div class=\"wpb_wrapper\"><div class=\"wpb_text_column\" ><div class=\"wpb_wrapper\"><p>\u00c7al\u0131\u015fmalar\u0131m\u0131z\u0131n temel alanlar\u0131ndan biri, teknolojik s\u00fcre\u00e7lerin optimizasyonudur. M\u00fc\u015fterilerimizin kaynaklar\u0131n\u0131 en verimli \u015fekilde kullanmalar\u0131n\u0131 sa\u011flamak ve \u00fcretim maliyetlerini azaltmak i\u00e7in \u00e7al\u0131\u015fmaktay\u0131z.<\/p>\n<p>\u00c7\u00f6z\u00fcmlerimiz, s\u00fcre\u00e7leri otomatikle\u015ftirip standartla\u015ft\u0131rarak \u00fcretim s\u00fcresini k\u0131saltmak ve \u00fcr\u00fcn kalitesinin art\u0131r\u0131lmas\u0131na yard\u0131mc\u0131 olmaktad\u0131r. Bu, m\u00fc\u015fterilerimize h\u0131zl\u0131 yat\u0131r\u0131m geri d\u00f6n\u00fc\u015f\u00fc ve uzun vadeli ekonomik b\u00fcy\u00fcme sa\u011flamaktad\u0131r.<\/p>\n<\/div><\/div><div class=\"w-separator size_large\"><\/div><\/div><\/div><\/div><\/div><\/div><\/section><section class=\"l-section wpb_row height_auto\"><div class=\"l-section-h i-cf\"><div class=\"g-cols vc_row type_default valign_top\"><div class=\"vc_col-sm-3 wpb_column vc_column_container animate_afl\" style=\"animation-delay:0s\"><div class=\"vc_column-inner\"><div class=\"wpb_wrapper\"><div class=\"wpb_text_column\" ><div class=\"wpb_wrapper\"><h4>Kaynak Tasarruf<b><br \/>\nve Verimlili\u011fin Art\u0131r\u0131lmas\u0131<\/b><\/h4>\n<\/div><\/div><div class=\"w-separator size_custom\" style=\"height:4px\"><\/div><div class=\"w-image align_none animate_afl\" style=\"animation-delay:0s\"><div class=\"w-image-h\"><img loading=\"lazy\" decoding=\"async\" width=\"52\" height=\"3\" src=\"https:\/\/www.erichhahn.com.tr\/wp-content\/uploads\/2024\/04\/slash-1.jpg\" class=\"attachment-full size-full\" alt=\"\" \/><\/div><\/div><div class=\"w-separator size_small\"><\/div><\/div><\/div><\/div><div class=\"vc_col-sm-9 wpb_column vc_column_container animate_afr\" style=\"animation-delay:0s\"><div class=\"vc_column-inner\"><div class=\"wpb_wrapper\"><div class=\"wpb_text_column\" ><div class=\"wpb_wrapper\"><p>ErichHahn, kaynaklar\u0131n rasyonel kullan\u0131m\u0131n\u0131n \u00f6nemini \u00e7ok iyi anlamaktad\u0131r. Teknolojilerimiz, enerji t\u00fcketimini azalt\u0131rken \u00fcretim at\u0131klar\u0131n\u0131 da minimum seviyeye indirmektedir.<\/p>\n<p>M\u00fc\u015fterilerimize, hem maliyetlerini d\u00fc\u015f\u00fcrmeye hem de genel i\u015f verimliliklerini art\u0131rmaya yard\u0131mc\u0131 olan \u00e7\u00f6z\u00fcmler sunmaktay\u0131z. Bu yakla\u015f\u0131mlar, yaln\u0131zca tasarrufu desteklemekle kalmamakta, ayn\u0131 zamanda s\u00fcrd\u00fcr\u00fclebilir kalk\u0131nmaya ve \u00e7evrenin korunmas\u0131na katk\u0131 sa\u011flamaktad\u0131r.<\/p>\n<\/div><\/div><div class=\"w-separator size_large\"><\/div><\/div><\/div><\/div><\/div><\/div><\/section><section class=\"l-section wpb_row height_auto\"><div class=\"l-section-h i-cf\"><div class=\"g-cols vc_row type_default valign_top\"><div class=\"vc_col-sm-3 wpb_column vc_column_container animate_afl\" style=\"animation-delay:0s\"><div class=\"vc_column-inner\"><div class=\"wpb_wrapper\"><div class=\"wpb_text_column\" ><div class=\"wpb_wrapper\"><h4>Kalite<b><br \/>\nKontrol Sistemi<\/b><\/h4>\n<\/div><\/div><div class=\"w-separator size_custom\" style=\"height:4px\"><\/div><div class=\"w-image align_none animate_afl\" style=\"animation-delay:0s\"><div class=\"w-image-h\"><img loading=\"lazy\" decoding=\"async\" width=\"52\" height=\"3\" src=\"https:\/\/www.erichhahn.com.tr\/wp-content\/uploads\/2024\/04\/slash-1.jpg\" class=\"attachment-full size-full\" alt=\"\" \/><\/div><\/div><div class=\"w-separator size_small\"><\/div><\/div><\/div><\/div><div class=\"vc_col-sm-9 wpb_column vc_column_container animate_afr\" style=\"animation-delay:0s\"><div class=\"vc_column-inner\"><div class=\"wpb_wrapper\"><div class=\"wpb_text_column\" ><div class=\"wpb_wrapper\"><p>Kalite kontrol, ErichHahn\u2019\u0131n \u00fcretim ve i\u015f s\u00fcre\u00e7lerinin ayr\u0131lmaz bir par\u00e7as\u0131d\u0131r. Malzemelerin y\u00fcksek kalitesini, ISO 9001:2015 ve TSE standartlar\u0131na uygun olarak sa\u011flamaktay\u0131z. \u00dcretimin her a\u015famas\u0131nda titiz denetimler ve testler ger\u00e7ekle\u015ftirmekte, ekipmanlar\u0131m\u0131z\u0131n belirlenen standartlara uygunlu\u011funu garanti alt\u0131na almaktay\u0131z.<\/p>\n<\/div><\/div><div class=\"w-separator size_large\"><\/div><\/div><\/div><\/div><\/div><\/div><\/section><section class=\"l-section wpb_row height_auto\"><div class=\"l-section-h i-cf\"><div class=\"g-cols vc_row type_default valign_top\"><div class=\"vc_col-sm-3 wpb_column vc_column_container animate_afl\" style=\"animation-delay:0s\"><div class=\"vc_column-inner\"><div class=\"wpb_wrapper\"><div class=\"wpb_text_column\" ><div class=\"wpb_wrapper\"><h4>\u00c7evresel<b><br \/>\nSorumluluklar<\/b><\/h4>\n<\/div><\/div><div class=\"w-separator size_custom\" style=\"height:4px\"><\/div><div class=\"w-image align_none animate_afl\" style=\"animation-delay:0s\"><div class=\"w-image-h\"><img loading=\"lazy\" decoding=\"async\" width=\"52\" height=\"3\" src=\"https:\/\/www.erichhahn.com.tr\/wp-content\/uploads\/2024\/04\/slash-1.jpg\" class=\"attachment-full size-full\" alt=\"\" \/><\/div><\/div><div class=\"w-separator size_small\"><\/div><\/div><\/div><\/div><div class=\"vc_col-sm-9 wpb_column vc_column_container animate_afr\" style=\"animation-delay:0s\"><div class=\"vc_column-inner\"><div class=\"wpb_wrapper\"><div class=\"wpb_text_column\" ><div class=\"wpb_wrapper\"><p>\u015eirketimiz, \u00e7evresel etkileri azaltmaya \u00e7ok \u00f6nem vermektedir. Hedef pazarlar\u0131n \u00e7evre y\u00f6netmeliklerine ve gerekliliklerine titizlikle uyarak, emisyonlar\u0131 azaltmaya ve enerji verimlili\u011finin art\u0131r\u0131lmas\u0131na y\u00f6nelik teknolojiler uygulamaktay\u0131z.<\/p>\n<p>Sanayi s\u00fcre\u00e7lerinin \u00e7evreye olumsuz etkileri olabilece\u011fini bilerek, \u00e7evresel ayak izimizi en aza indirmek i\u00e7in gerekli t\u00fcm \u00f6nlemleri almaktay\u0131z. \u00dcretim ve tasar\u0131mda ileri teknolojilerin kullan\u0131m\u0131 ve \u00e7evre standartlar\u0131na s\u0131k\u0131 s\u0131k\u0131ya ba\u011fl\u0131l\u0131k, hem \u015firketimizin ba\u015far\u0131s\u0131n\u0131n hem de m\u00fc\u015fterilerimizin \u00e7evre koruma konusundaki etkinli\u011finin temelidir.<\/p>\n<\/div><\/div><div class=\"w-separator size_large\"><\/div><\/div><\/div><\/div><\/div><\/div><\/section><section class=\"l-section wpb_row height_auto\"><div class=\"l-section-h i-cf\"><div class=\"g-cols vc_row type_default valign_top\"><div class=\"vc_col-sm-3 wpb_column vc_column_container animate_afl\" style=\"animation-delay:0s\"><div class=\"vc_column-inner\"><div class=\"wpb_wrapper\"><div class=\"wpb_text_column\" ><div class=\"wpb_wrapper\"><h4>Ekonomi ve End\u00fcstri<b><br \/>\nGeli\u015fimlerine Katk\u0131<\/b><\/h4>\n<\/div><\/div><div class=\"w-separator size_custom\" style=\"height:4px\"><\/div><div class=\"w-image align_none animate_afl\" style=\"animation-delay:0s\"><div class=\"w-image-h\"><img loading=\"lazy\" decoding=\"async\" width=\"52\" height=\"3\" src=\"https:\/\/www.erichhahn.com.tr\/wp-content\/uploads\/2024\/04\/slash-1.jpg\" class=\"attachment-full size-full\" alt=\"\" \/><\/div><\/div><div class=\"w-separator size_small\"><\/div><\/div><\/div><\/div><div class=\"vc_col-sm-9 wpb_column vc_column_container animate_afr\" style=\"animation-delay:0s\"><div class=\"vc_column-inner\"><div class=\"wpb_wrapper\"><div class=\"wpb_text_column\" ><div class=\"wpb_wrapper\"><p>ErichHahn, ekonomi ve sekt\u00f6r geli\u015fimi \u00fczerinde \u00f6nemli bir etkiye sahiptir. Yenilik\u00e7i \u00e7\u00f6z\u00fcmlerimiz, teknolojik s\u00fcre\u00e7lerin optimize edilmesine odaklanarak sekt\u00f6r\u00fcn verimlili\u011fini ve rekabet g\u00fcc\u00fcn\u00fc art\u0131rmaktad\u0131r. \u015eirketimizin benzersiz yenilikleri, kendi alan\u0131nda birer referans noktas\u0131 haline gelerek m\u00fc\u015fterilerimizin ekonomik b\u00fcy\u00fcmesine katk\u0131da bulunmakta ve i\u015fletmelerinin s\u00fcrd\u00fcr\u00fclebilir kalk\u0131nmas\u0131n\u0131 sa\u011flamaktad\u0131r.<\/p>\n<p>Bit\u00fcm i\u015finde tamamen yeni bir i\u015f modeli sunmaktay\u0131z. Bu model, \u00e7evre dostu yakla\u015f\u0131m\u0131, k\u00e2rl\u0131l\u0131\u011f\u0131 ve ileri teknolojileri m\u00fckemmel bir \u015fekilde birle\u015ftirmektedir ve sadece ekonomik verimlili\u011fi art\u0131rmakla kalmay\u0131p ayn\u0131 zamanda sekt\u00f6rde yeni standartlar belirleyerek m\u00fc\u015fterilerimizin s\u00fcrd\u00fcr\u00fclebilir b\u00fcy\u00fcmesine ve ba\u015far\u0131s\u0131na katk\u0131da bulunmaktad\u0131r.<\/p>\n<\/div><\/div><div class=\"w-separator size_large\"><\/div><\/div><\/div><\/div><\/div><\/div><\/section>\n","protected":false},"excerpt":{"rendered":"S\u00fcrd\u00fcr\u00fclebilirlik Giri\u015fSayfalarErichhahn Felsefesi \u00c7evremizi de\u011fi\u015ftiren yenilik\u00e7i teknolojiler geli\u015ftirerek, sekt\u00f6r\u00fcn lideri olmay\u0131 hedeflemekteyiz. ErichHahn, rakiplerine \u00f6rnek olan benzersiz \u00fcr\u00fcnler olu\u015fturmaktad\u0131r. M\u00fc\u015fterilerimizin hedeflerine ve ihtiya\u00e7lar\u0131na odaklanarak, onlar\u0131n ba\u015far\u0131lar\u0131n\u0131n bizim ba\u015far\u0131m\u0131z da oldu\u011funun fark\u0131nday\u0131z. M\u00fc\u015fterilerimizin teknolojimize dayal\u0131 ekonomik b\u00fcy\u00fcmesi, \u015firketimizin de b\u00fcy\u00fcmesini sa\u011flamaktad\u0131r. Yeni teknolojik s\u00fcre\u00e7leri hayata ge\u00e7iriyor ve mevcut olanlar\u0131 optimize ediyoruz ve b\u00f6ylece m\u00fc\u015fterilerimizin i\u015flerinin k\u00e2rl\u0131l\u0131\u011f\u0131n\u0131...","protected":false},"author":1,"featured_media":0,"parent":0,"menu_order":0,"comment_status":"closed","ping_status":"closed","template":"","meta":{"footnotes":""},"class_list":["post-2997","page","type-page","status-publish","hentry"],"_links":{"self":[{"href":"https:\/\/www.erichhahn.com.tr\/tr\/wp-json\/wp\/v2\/pages\/2997","targetHints":{"allow":["GET"]}}],"collection":[{"href":"https:\/\/www.erichhahn.com.tr\/tr\/wp-json\/wp\/v2\/pages"}],"about":[{"href":"https:\/\/www.erichhahn.com.tr\/tr\/wp-json\/wp\/v2\/types\/page"}],"author":[{"embeddable":true,"href":"https:\/\/www.erichhahn.com.tr\/tr\/wp-json\/wp\/v2\/users\/1"}],"replies":[{"embeddable":true,"href":"https:\/\/www.erichhahn.com.tr\/tr\/wp-json\/wp\/v2\/comments?post=2997"}],"version-history":[{"count":4,"href":"https:\/\/www.erichhahn.com.tr\/tr\/wp-json\/wp\/v2\/pages\/2997\/revisions"}],"predecessor-version":[{"id":4008,"href":"https:\/\/www.erichhahn.com.tr\/tr\/wp-json\/wp\/v2\/pages\/2997\/revisions\/4008"}],"wp:attachment":[{"href":"https:\/\/www.erichhahn.com.tr\/tr\/wp-json\/wp\/v2\/media?parent=2997"}],"curies":[{"name":"wp","href":"https:\/\/api.w.org\/{rel}","templated":true}]}}