{"id":3023,"date":"2024-08-30T23:31:23","date_gmt":"2024-08-30T20:31:23","guid":{"rendered":"https:\/\/www.erichhahn.com.tr\/vacancies\/"},"modified":"2024-12-25T02:23:21","modified_gmt":"2024-12-24T23:23:21","slug":"kariyer","status":"publish","type":"page","link":"https:\/\/www.erichhahn.com.tr\/tr\/kariyer\/","title":{"rendered":"Kariyer"},"content":{"rendered":"<section class=\"l-section wpb_row height_auto\"><div class=\"l-section-h i-cf\"><div class=\"g-cols vc_row type_default valign_top\"><div class=\"vc_col-sm-12 wpb_column vc_column_container\"><div class=\"vc_column-inner\"><div class=\"wpb_wrapper\">\n\t\t\t<!-- START Vacancies  TR REVOLUTION SLIDER 6.2.23 --><p class=\"rs-p-wp-fix\"><\/p>\n\t\t\t<rs-module-wrap id=\"rev_slider_73_1_wrapper\" data-source=\"gallery\" style=\"background:transparent;padding:0;margin:0px auto;margin-top:0;margin-bottom:0;max-width:;\">\n\t\t\t\t<rs-module id=\"rev_slider_73_1\" style=\"\" data-version=\"6.2.23\">\n\t\t\t\t\t<rs-slides>\n\t\t\t\t\t\t<rs-slide data-key=\"rs-90\" data-title=\"Erichhahn\" data-anim=\"ei:power4.inOut;eo:power4.inOut;s:2000;r:0;t:zoomin;sl:7;\" data-firstanim=\"t:fade;s:1500;sl:7;\">\n\t\t\t\t\t\t\t<img loading=\"lazy\" decoding=\"async\" src=\"\/\/www.erichhahn.com.tr\/wp-content\/uploads\/2024\/09\/Vacancies.jpg\" title=\"Vacancies\" width=\"1920\" height=\"885\" data-parallax=\"10\" data-panzoom=\"d:30000;ss:100;se:120;\" class=\"rev-slidebg\" data-no-retina>\n<!--\n\t\t\t\t\t\t\t--><rs-layer\n\t\t\t\t\t\t\t\tid=\"slider-73-slide-90-layer-1\" \n\t\t\t\t\t\t\t\tclass=\"NotGeneric-Title\"\n\t\t\t\t\t\t\t\tdata-type=\"text\"\n\t\t\t\t\t\t\t\tdata-color=\"rgba(255,255,255,1)\"\n\t\t\t\t\t\t\t\tdata-rsp_ch=\"on\"\n\t\t\t\t\t\t\t\tdata-xy=\"x:c;xo:-369px,-258px,-162px,-8px;y:m;yo:68px,136px,58px,58px;\"\n\t\t\t\t\t\t\t\tdata-text=\"s:38,37,36,35;l:30;ls:2px,3px,2px,1px;fw:300;\"\n\t\t\t\t\t\t\t\tdata-dim=\"w:auto,auto,112.995px,103.99100000000001px;\"\n\t\t\t\t\t\t\t\tdata-padding=\"t:10;b:10;\"\n\t\t\t\t\t\t\t\tdata-frame_0=\"x:-50;\"\n\t\t\t\t\t\t\t\tdata-frame_1=\"st:1300;sp:1820;sR:1300;\"\n\t\t\t\t\t\t\t\tdata-frame_999=\"y:100%;e:power2.inOut;st:w;sp:1000;sR:5880;\"\n\t\t\t\t\t\t\t\tdata-frame_999_mask=\"u:t;\"\n\t\t\t\t\t\t\t\tstyle=\"z-index:10;font-family:Roboto Condensed;\"\n\t\t\t\t\t\t\t>Kariyer \n\t\t\t\t\t\t\t<\/rs-layer><!--\n\n\t\t\t\t\t\t\t--><rs-layer\n\t\t\t\t\t\t\t\tid=\"slider-73-slide-90-layer-12\" \n\t\t\t\t\t\t\t\tclass=\"tp-shape tp-shapewrapper\"\n\t\t\t\t\t\t\t\tdata-type=\"shape\"\n\t\t\t\t\t\t\t\tdata-rsp_ch=\"on\"\n\t\t\t\t\t\t\t\tdata-xy=\"x:c;xo:-540px,-442px,-365px,-416px;y:m;yo:68px,135px,58px,58px;\"\n\t\t\t\t\t\t\t\tdata-text=\"fw:800;\"\n\t\t\t\t\t\t\t\tdata-dim=\"w:872px,872px,872px,1258px;h:88px,85px,85px,79px;\"\n\t\t\t\t\t\t\t\tdata-border=\"bor:0px,15px,15px,50px;\"\n\t\t\t\t\t\t\t\tdata-frame_0=\"y:-100%;o:1;\"\n\t\t\t\t\t\t\t\tdata-frame_0_mask=\"u:t;\"\n\t\t\t\t\t\t\t\tdata-frame_1=\"e:power4.inOut;st:1050;sp:2450;sR:1050;\"\n\t\t\t\t\t\t\t\tdata-frame_1_mask=\"u:t;\"\n\t\t\t\t\t\t\t\tdata-frame_999=\"y:100%;e:power2.inOut;st:w;sp:1000;sR:5500;\"\n\t\t\t\t\t\t\t\tdata-frame_999_mask=\"u:t;\"\n\t\t\t\t\t\t\t\tstyle=\"z-index:9;background-color:rgba(0,55,112,0.95);\"\n\t\t\t\t\t\t\t> \n\t\t\t\t\t\t\t<\/rs-layer><!--\n-->\t\t\t\t\t\t<\/rs-slide>\n\t\t\t\t\t<\/rs-slides>\n\t\t\t\t<\/rs-module>\n\t\t\t\t<script type=\"text\/javascript\">\n\t\t\t\t\tsetREVStartSize({c: 'rev_slider_73_1',rl:[1240,1024,778,480],el:[524.984,524.984,499.983,399.983],gw:[1240,1024,778,480],gh:[525,525,500,400],type:'standard',justify:'',layout:'fullwidth',mh:\"0\"});\n\t\t\t\t\tvar\trevapi73,\n\t\t\t\t\t\ttpj;\n\t\t\t\t\tfunction revinit_revslider731() {\n\t\t\t\t\tjQuery(function() {\n\t\t\t\t\t\ttpj = jQuery;\n\t\t\t\t\t\trevapi73 = tpj(\"#rev_slider_73_1\");\n\t\t\t\t\t\tif(revapi73==undefined || revapi73.revolution == undefined){\n\t\t\t\t\t\t\trevslider_showDoubleJqueryError(\"rev_slider_73_1\");\n\t\t\t\t\t\t}else{\n\t\t\t\t\t\t\trevapi73.revolution({\n\t\t\t\t\t\t\t\tvisibilityLevels:\"1240,1024,778,480\",\n\t\t\t\t\t\t\t\tgridwidth:\"1240,1024,778,480\",\n\t\t\t\t\t\t\t\tgridheight:\"525,525,500,400\",\n\t\t\t\t\t\t\t\tperspective:600,\n\t\t\t\t\t\t\t\tperspectiveType:\"local\",\n\t\t\t\t\t\t\t\teditorheight:\"524.984,524.984,499.983,399.983\",\n\t\t\t\t\t\t\t\tresponsiveLevels:\"1240,1024,778,480\",\n\t\t\t\t\t\t\t\tprogressBar:{disableProgressBar:true},\n\t\t\t\t\t\t\t\tnavigation: {\n\t\t\t\t\t\t\t\t\tkeyboardNavigation:true,\n\t\t\t\t\t\t\t\t\tmouseScrollNavigation:false,\n\t\t\t\t\t\t\t\t\tonHoverStop:false,\n\t\t\t\t\t\t\t\t\ttouch: {\n\t\t\t\t\t\t\t\t\t\ttouchenabled:true\n\t\t\t\t\t\t\t\t\t}\n\t\t\t\t\t\t\t\t},\n\t\t\t\t\t\t\t\tparallax: {\n\t\t\t\t\t\t\t\t\tlevels:[2,3,4,5,6,7,12,16,10,50,47,48,49,50,51,30],\n\t\t\t\t\t\t\t\t\ttype:\"mouse\",\n\t\t\t\t\t\t\t\t\torigo:\"slidercenter\",\n\t\t\t\t\t\t\t\t\tspeed:2000\n\t\t\t\t\t\t\t\t},\n\t\t\t\t\t\t\t\tviewPort: {\n\t\t\t\t\t\t\t\t\tenable:true,\n\t\t\t\t\t\t\t\t\toutof:\"pause\",\n\t\t\t\t\t\t\t\t\tvisible_area:\"20%\"\n\t\t\t\t\t\t\t\t},\n\t\t\t\t\t\t\t\tfallbacks: {\n\t\t\t\t\t\t\t\t\tallowHTML5AutoPlayOnAndroid:true\n\t\t\t\t\t\t\t\t},\n\t\t\t\t\t\t\t});\n\t\t\t\t\t\t}\n\t\t\t\t\t\t\n\t\t\t\t\t});\n\t\t\t\t\t} \/\/ End of RevInitScript\n\t\t\t\tvar once_revslider731 = false;\n\t\t\t\tif (document.readyState === \"loading\") {document.addEventListener('readystatechange',function() { if((document.readyState === \"interactive\" || document.readyState === \"complete\") && !once_revslider731 ) { once_revslider731 = true; revinit_revslider731();}});} else {once_revslider731 = true; revinit_revslider731();}\n\t\t\t\t<\/script>\n\t\t\t<\/rs-module-wrap>\n\t\t\t<!-- END REVOLUTION SLIDER -->\n<\/div><\/div><\/div><\/div><\/div><\/section><section class=\"l-section wpb_row height_small\"><div class=\"l-section-h i-cf\"><div class=\"g-cols vc_row type_default valign_top\"><div class=\"vc_col-sm-12 wpb_column vc_column_container animate_afl\" style=\"animation-delay:0s\"><div class=\"vc_column-inner\"><div class=\"wpb_wrapper\"><ol class=\"g-breadcrumbs separator_icon align_left\" itemscope itemtype=\"http:\/\/schema.org\/BreadcrumbList\"><li class=\"g-breadcrumbs-item\" itemprop=\"itemListElement\" itemscope itemtype=\"http:\/\/schema.org\/ListItem\"><a itemprop=\"item\" href=\"https:\/\/www.erichhahn.com.tr\/tr\/\"><span itemprop=\"name\">Giri\u015f<\/span><\/a><meta itemprop=\"position\" content=\"1\"\/><\/li><li class=\"g-breadcrumbs-separator\"><i class=\"far fa-angle-right\"><\/i><\/li><li class=\"g-breadcrumbs-item\">Sayfalar<\/li><\/ol><div class=\"w-separator size_custom\" style=\"height:5px\"><\/div><div class=\"w-separator size_custom with_line width_default thick_1 style_solid color_border align_center\" style=\"height:1px\"><div class=\"w-separator-h\"><\/div><\/div><\/div><\/div><\/div><\/div><\/div><\/section><section class=\"l-section wpb_row height_auto\" id=\"1\"><div class=\"l-section-h i-cf\"><div class=\"g-cols vc_row type_default valign_top\"><div class=\"vc_col-sm-3 wpb_column vc_column_container animate_afl\" style=\"animation-delay:0s\"><div class=\"vc_column-inner\"><div class=\"wpb_wrapper\"><div class=\"wpb_text_column\" ><div class=\"wpb_wrapper\"><h4>ErichHahn<strong> Ekibi<\/strong><\/h4>\n<\/div><\/div><div class=\"w-separator size_custom\" style=\"height:4px\"><\/div><div class=\"w-image align_none animate_afl\" style=\"animation-delay:0s\"><div class=\"w-image-h\"><img loading=\"lazy\" decoding=\"async\" width=\"52\" height=\"3\" src=\"https:\/\/www.erichhahn.com.tr\/wp-content\/uploads\/2024\/04\/slash-1.jpg\" class=\"attachment-full size-full\" alt=\"\" \/><\/div><\/div><div class=\"w-separator size_small\"><\/div><\/div><\/div><\/div><div class=\"vc_col-sm-9 wpb_column vc_column_container animate_afr\" style=\"animation-delay:0s\"><div class=\"vc_column-inner\"><div class=\"wpb_wrapper\"><div class=\"wpb_text_column\" ><div class=\"wpb_wrapper\"><p>ErichHahn, bit\u00fcm end\u00fcstrisine y\u00f6nelik end\u00fcstriyel ekipman \u00fcretiminde lider bir \u015firkettir. \u00c7al\u0131\u015fanlar\u0131m\u0131za sadece i\u015f de\u011fil, ayn\u0131 zamanda b\u00fcy\u00fck ve uyumlu bir profesyonel ekip olma f\u0131rsat\u0131 sundu\u011fumuz i\u00e7in gurur duymaktay\u0131z.<\/p>\n<p>Kurumsal k\u00fclt\u00fcr\u00fcm\u00fcz, sayg\u0131, yenilik\u00e7ilik ve s\u00fcrekli geli\u015fim \u00fczerine kuruludur. \u00c7al\u0131\u015fanlar\u0131m\u0131za konforlu \u00e7al\u0131\u015fma ko\u015fullar\u0131, rekabet\u00e7i maa\u015flar ve profesyonel geli\u015fim i\u00e7in geni\u015f f\u0131rsatlar sunmaktay\u0131z.<\/p>\n<\/div><\/div><div class=\"w-separator size_large\"><\/div><\/div><\/div><\/div><\/div><\/div><\/section><section class=\"l-section wpb_row height_auto\"><div class=\"l-section-h i-cf\"><div class=\"g-cols vc_row type_default valign_top\"><div class=\"vc_col-sm-3 wpb_column vc_column_container animate_afl\" style=\"animation-delay:0s\"><div class=\"vc_column-inner\"><div class=\"wpb_wrapper\"><div class=\"wpb_text_column\" ><div class=\"wpb_wrapper\"><h4>Kurum <strong>K\u00fclt\u00fcr\u00fc<\/strong><\/h4>\n<\/div><\/div><div class=\"w-separator size_custom\" style=\"height:4px\"><\/div><div class=\"w-image align_none animate_afl\" style=\"animation-delay:0s\"><div class=\"w-image-h\"><img loading=\"lazy\" decoding=\"async\" width=\"52\" height=\"3\" src=\"https:\/\/www.erichhahn.com.tr\/wp-content\/uploads\/2024\/04\/slash-1.jpg\" class=\"attachment-full size-full\" alt=\"\" \/><\/div><\/div><div class=\"w-separator size_small\"><\/div><\/div><\/div><\/div><div class=\"vc_col-sm-9 wpb_column vc_column_container animate_afr\" style=\"animation-delay:0s\"><div class=\"vc_column-inner\"><div class=\"wpb_wrapper\"><div class=\"wpb_text_column\" ><div class=\"wpb_wrapper\"><p>\u2022 Yenilik\u00e7ilik ve Geli\u015fim: S\u00fcrekli iyile\u015ftirme ve ileri teknoloji uygulamalar\u0131 konusundaki \u00e7abalar\u0131m\u0131z\u0131 s\u00fcrd\u00fcrmekteyiz.<br \/>\n\u2022 \u0130\u015fbirli\u011fi ve Tak\u0131m Ruhu: \u00c7al\u0131\u015fanlar\u0131m\u0131z, hem meslekta\u015flar\u0131ndan hem de y\u00f6neticilerinden destek alarak verimli ve keyifli bir \u00e7al\u0131\u015fma ortam\u0131 bulmaktalar.<br \/>\n\u2022 E\u011fitim ve Geli\u015fim: E\u011fitim iste\u011fini destekliyor ve \u00e7e\u015fitli mesleki geli\u015fim programlar\u0131 sunmaktay\u0131z.<\/p>\n<\/div><\/div><div class=\"w-separator size_large\"><\/div><\/div><\/div><\/div><\/div><\/div><\/section><section class=\"l-section wpb_row height_auto\"><div class=\"l-section-h i-cf\"><div class=\"g-cols vc_row type_default valign_top\"><div class=\"vc_col-sm-3 wpb_column vc_column_container animate_afl\" style=\"animation-delay:0s\"><div class=\"vc_column-inner\"><div class=\"wpb_wrapper\"><div class=\"wpb_text_column\" ><div class=\"wpb_wrapper\"><h4>\u00c7al\u0131\u015fanlar i\u00e7in<b> Avantajlar<\/b><\/h4>\n<\/div><\/div><div class=\"w-separator size_custom\" style=\"height:4px\"><\/div><div class=\"w-image align_none animate_afl\" style=\"animation-delay:0s\"><div class=\"w-image-h\"><img loading=\"lazy\" decoding=\"async\" width=\"52\" height=\"3\" src=\"https:\/\/www.erichhahn.com.tr\/wp-content\/uploads\/2024\/04\/slash-1.jpg\" class=\"attachment-full size-full\" alt=\"\" \/><\/div><\/div><div class=\"w-separator size_small\"><\/div><\/div><\/div><\/div><div class=\"vc_col-sm-9 wpb_column vc_column_container animate_afr\" style=\"animation-delay:0s\"><div class=\"vc_column-inner\"><div class=\"wpb_wrapper\"><div class=\"wpb_text_column\" ><div class=\"wpb_wrapper\"><p>\u2022 Rekabet\u00e7i Maa\u015f: Adil ve cazip bir \u00fccretlendirme sistemi sunulmaktad\u0131r.<br \/>\n\u2022 Sosyal Paket: Sa\u011fl\u0131k sigortas\u0131, \u00fccretli izinler ve di\u011fer sosyal g\u00fcvenceleri i\u00e7ermektedir.<br \/>\n\u2022 Mesleki Geli\u015fim: Kariyer ve profesyonel geli\u015fim i\u00e7in geni\u015f f\u0131rsatlar sunulmaktad\u0131r.<\/p>\n<\/div><\/div><div class=\"w-separator size_large\"><\/div><\/div><\/div><\/div><\/div><\/div><\/section><section class=\"l-section wpb_row height_auto\"><div class=\"l-section-h i-cf\"><div class=\"g-cols vc_row type_default valign_top\"><div class=\"vc_col-sm-3 wpb_column vc_column_container animate_afl\" style=\"animation-delay:0s\"><div class=\"vc_column-inner\"><div class=\"wpb_wrapper\"><div class=\"wpb_text_column\" ><div class=\"wpb_wrapper\"><h4>Mevcut<b> \u0130lanlar<\/b><\/h4>\n<\/div><\/div><div class=\"w-separator size_custom\" style=\"height:4px\"><\/div><div class=\"w-image align_none animate_afl\" style=\"animation-delay:0s\"><div class=\"w-image-h\"><img loading=\"lazy\" decoding=\"async\" width=\"52\" height=\"3\" src=\"https:\/\/www.erichhahn.com.tr\/wp-content\/uploads\/2024\/04\/slash-1.jpg\" class=\"attachment-full size-full\" alt=\"\" \/><\/div><\/div><div class=\"w-separator size_small\"><\/div><\/div><\/div><\/div><div class=\"vc_col-sm-9 wpb_column vc_column_container animate_afr\" style=\"animation-delay:0s\"><div class=\"vc_column-inner\"><div class=\"wpb_wrapper\"><div class=\"wpb_text_column\" ><div class=\"wpb_wrapper\"><p>\u015eirketimizin farkl\u0131 departmanlar\u0131nda yetenekli ve h\u0131rsl\u0131 profesyoneller aray\u0131\u015f\u0131nday\u0131z. A\u015fa\u011f\u0131da yer alan g\u00fcncel i\u015f ilanlar\u0131m\u0131za g\u00f6z atarak sizin i\u00e7in uygun olan pozisyonu bulabilirsiniz.<\/p>\n<\/div><\/div><div class=\"w-separator size_large\"><\/div><\/div><\/div><\/div><\/div><\/div><\/section><section class=\"l-section wpb_row height_auto\"><div class=\"l-section-h i-cf\"><div class=\"g-cols vc_row type_default valign_top\"><div class=\"vc_col-sm-3 wpb_column vc_column_container animate_afl\" style=\"animation-delay:0s\"><div class=\"vc_column-inner\"><div class=\"wpb_wrapper\"><div class=\"wpb_text_column\" ><div class=\"wpb_wrapper\"><h4>Ba\u015fvuru<b> \u0130\u015flemleri<\/b><\/h4>\n<\/div><\/div><div class=\"w-separator size_custom\" style=\"height:4px\"><\/div><div class=\"w-image align_none animate_afl\" style=\"animation-delay:0s\"><div class=\"w-image-h\"><img loading=\"lazy\" decoding=\"async\" width=\"52\" height=\"3\" src=\"https:\/\/www.erichhahn.com.tr\/wp-content\/uploads\/2024\/04\/slash-1.jpg\" class=\"attachment-full size-full\" alt=\"\" \/><\/div><\/div><div class=\"w-separator size_small\"><\/div><\/div><\/div><\/div><div class=\"vc_col-sm-9 wpb_column vc_column_container animate_afr\" style=\"animation-delay:0s\"><div class=\"vc_column-inner\"><div class=\"wpb_wrapper\"><div class=\"wpb_text_column\" ><div class=\"wpb_wrapper\"><p>E\u011fer mevcut pozisyonlar\u0131m\u0131zdan birine ba\u015fvurmak isterseniz, a\u015fa\u011f\u0131daki talimatlar\u0131 izleyebilirsiniz:<\/p>\n<p>1. Pozisyon Se\u00e7iniz: Mevcut a\u00e7\u0131k pozisyonlar\u0131n listesine g\u00f6z at\u0131n ve becerileriniz ile ilgi alanlar\u0131n\u0131za uygun bir pozisyon se\u00e7iniz.<br \/>\n2. \u00d6zge\u00e7mi\u015f Haz\u0131rlay\u0131n\u0131z: \u00d6zge\u00e7mi\u015finizin g\u00fcncel oldu\u011fundan ve deneyiminizi ile niteliklerinizi do\u011fru bir \u015fekilde yans\u0131tt\u0131\u011f\u0131ndan emin olunuz.<br \/>\n3. Ba\u015fvurunuzu G\u00f6nderiniz: \u00d6zge\u00e7mi\u015finizi ve \u00f6n yaz\u0131n\u0131z\u0131 insan kaynaklar\u0131 departman\u0131m\u0131za e-posta yoluyla g\u00f6nderebilir veya ba\u015fvuru yapmak i\u00e7in online formumuzu kullanabilirsiniz<\/p>\n<\/div><\/div><div class=\"w-separator size_large\"><\/div><\/div><\/div><\/div><\/div><\/div><\/section><section class=\"l-section wpb_row height_auto\"><div class=\"l-section-h i-cf\"><div class=\"g-cols vc_row type_default valign_top\"><div class=\"vc_col-sm-3 wpb_column vc_column_container animate_afl\" style=\"animation-delay:0s\"><div class=\"vc_column-inner\"><div class=\"wpb_wrapper\"><div class=\"wpb_text_column\" ><div class=\"wpb_wrapper\"><h4>\u0130nsan Kaynaklar\u0131<br \/>\n<b>\u0130leti\u015fim Bilgileri <\/b><\/h4>\n<\/div><\/div><div class=\"w-separator size_custom\" style=\"height:4px\"><\/div><div class=\"w-image align_none animate_afl\" style=\"animation-delay:0s\"><div class=\"w-image-h\"><img loading=\"lazy\" decoding=\"async\" width=\"52\" height=\"3\" src=\"https:\/\/www.erichhahn.com.tr\/wp-content\/uploads\/2024\/04\/slash-1.jpg\" class=\"attachment-full size-full\" alt=\"\" \/><\/div><\/div><div class=\"w-separator size_small\"><\/div><\/div><\/div><\/div><div class=\"vc_col-sm-9 wpb_column vc_column_container animate_afr\" style=\"animation-delay:0s\"><div class=\"vc_column-inner\"><div class=\"wpb_wrapper\"><div class=\"wpb_text_column\" ><div class=\"wpb_wrapper\"><p>Herhangi bir sorunuz varsa veya dan\u0131\u015fmanl\u0131k almak isterseniz, insan kaynaklar\u0131 departman\u0131m\u0131zla a\u015fa\u011f\u0131daki yollarla ileti\u015fime ge\u00e7ebilirsiniz:<\/p>\n<p>Telefon: +90 222 231 22 99<br \/>\nE-posta: info@erichhahn.com.tr <\/p>\n<\/div><\/div><div class=\"w-separator size_large\"><\/div><\/div><\/div><\/div><\/div><\/div><\/section><section class=\"l-section wpb_row height_auto\"><div class=\"l-section-h i-cf\"><div class=\"g-cols vc_row type_default valign_top\"><div class=\"vc_col-sm-3 wpb_column vc_column_container animate_afl\" style=\"animation-delay:0s\"><div class=\"vc_column-inner\"><div class=\"wpb_wrapper\"><div class=\"wpb_text_column\" ><div class=\"wpb_wrapper\"><h4>Ba\u015fvuru \u0130\u00e7in<b><br \/>\nOnline Form<\/b><\/h4>\n<\/div><\/div><div class=\"w-separator size_custom\" style=\"height:4px\"><\/div><div class=\"w-image align_none animate_afl\" style=\"animation-delay:0s\"><div class=\"w-image-h\"><img loading=\"lazy\" decoding=\"async\" width=\"52\" height=\"3\" src=\"https:\/\/www.erichhahn.com.tr\/wp-content\/uploads\/2024\/04\/slash-1.jpg\" class=\"attachment-full size-full\" alt=\"\" \/><\/div><\/div><div class=\"w-separator size_small\"><\/div><\/div><\/div><\/div><div class=\"vc_col-sm-9 wpb_column vc_column_container animate_afr\" style=\"animation-delay:0s\"><div class=\"vc_column-inner\"><div class=\"wpb_wrapper\"><div class=\"wpb_text_column\" ><div class=\"wpb_wrapper\"><p>Kolayl\u0131\u011f\u0131n\u0131z i\u00e7in ba\u015fvurular\u0131n\u0131z\u0131 g\u00f6nderebilmeniz i\u00e7in online ba\u015fvuru formu haz\u0131rlad\u0131k. L\u00fctfen t\u00fcm alanlar\u0131 doldurunuz ve \u00f6zge\u00e7mi\u015finizi ekleyiniz. Ekibimiz en k\u0131sa s\u00fcrede sizinle ileti\u015fime ge\u00e7ecektir.<\/p>\n<p>ErichHahn \u015firketine g\u00f6sterdi\u011finiz ilgi i\u00e7in te\u015fekk\u00fcr eder, sizinle \u00e7al\u0131\u015fma f\u0131rsat\u0131n\u0131 d\u00f6rt g\u00f6zle beklemekteyiz!<\/p>\n<\/div><\/div><div class=\"w-separator size_small\"><\/div><div class=\"g-cols wpb_row  type_default valign_top vc_inner\"><div class=\"vc_col-sm-8 wpb_column vc_column_container\"><div class=\"vc_column-inner\"><div class=\"wpb_wrapper\"><div class=\"w-form  layout_ver for_cform us_form_1\">\r\n\t<form class=\"w-form-h\" autocomplete=\"off\" action=\"https:\/\/www.erichhahn.com.tr\/tr\/wp-json\/wp\/v2\/pages\/3023\" method=\"post\">\r\n\t\t<div class=\"w-form-row for_text required\">\r\n\t\t<div class=\"w-form-row-field\">\r\n\t\t\t\t\t\t<input aria-label=\"\u0130sim \/ Soyad:\" type=\"text\" name=\"us_form_1_text_1\" value placeholder=\"\u0130sim \/ Soyad: *\" data-required=\"true\" aria-required=\"true\"\/>\r\n\t\t\t<\/div>\r\n\t\t<div class=\"w-form-row-state\">Fill out this field<\/div>\r\n<\/div>\r\n<div class=\"w-form-row for_text\">\r\n\t\t<div class=\"w-form-row-field\">\r\n\t\t\t\t\t\t<input aria-label=\"Daha \u00d6nce \u00c7al\u0131\u015ft\u0131\u011f\u0131n\u0131z \u015e\u0130rket:\" type=\"text\" name=\"us_form_1_text_2\" value placeholder=\"Daha \u00d6nce \u00c7al\u0131\u015ft\u0131\u011f\u0131n\u0131z \u015e\u0130rket:\"\/>\r\n\t\t\t<\/div>\r\n\t\t<div class=\"w-form-row-state\">Fill out this field<\/div>\r\n<\/div>\r\n<div class=\"w-form-row for_text required\">\r\n\t\t<div class=\"w-form-row-field\">\r\n\t\t\t\t\t\t<input aria-label=\"Telefon:\" type=\"text\" name=\"us_form_1_text_3\" value placeholder=\"Telefon: *\" data-required=\"true\" aria-required=\"true\"\/>\r\n\t\t\t<\/div>\r\n\t\t<div class=\"w-form-row-state\">Fill out this field<\/div>\r\n<\/div>\r\n<div class=\"w-form-row for_email\">\r\n\t\t<div class=\"w-form-row-field\">\r\n\t\t\t\t\t\t<input aria-label=\"Konu:\" type=\"email\" name=\"us_form_1_email_1\" value placeholder=\"Konu:\"\/>\r\n\t\t\t<\/div>\r\n\t\t<div class=\"w-form-row-state\">L\u00fctfen ge\u00e7erli bir e-posta adresi yaz\u0131n.<\/div>\r\n<\/div>\r\n<div class=\"w-form-row for_textarea\">\r\n\t\t<div class=\"w-form-row-field\">\r\n\t\t\t\t\t\t<textarea aria-label=\"Mesaj\u0131n\u0131z\u0131 B\u0131rak\u0131n...\" name=\"us_form_1_textarea_1\" placeholder=\"Mesaj\u0131n\u0131z\u0131 B\u0131rak\u0131n...\"><\/textarea>\r\n\t\t\t<\/div>\r\n\t\t<div class=\"w-form-row-state\">Fill out this field<\/div>\r\n<\/div>\r\n<input type=\"hidden\" name=\"action\" value=\"us_ajax_cform\" \/><input type=\"hidden\" name=\"post_id\" value \/><input type=\"hidden\" name=\"form_index\" value=\"1\" \/><div class=\"w-form-row for_submit align_left\">\r\n\t<div class=\"w-form-row-field\">\r\n\t\t\t\t<button class=\"w-btn  us-btn-style_1\" aria-label=\"G\u00f6nder\" type=\"submit\">\r\n\t\t\t<span class=\"g-preloader type_1\"><\/span>\r\n\t\t\t\t\t\t<span class=\"w-btn-label\">G\u00f6nder<\/span>\r\n\t\t\t\t\t<\/button>\r\n\t<\/div>\r\n<\/div>\t<\/form>\r\n\t<div class=\"w-form-message\"><\/div>\r\n\t<div class=\"w-form-json hidden\" onclick='return {&quot;ajaxurl&quot;:&quot;https:\\\/\\\/www.erichhahn.com.tr\\\/wp-admin\\\/admin-ajax.php&quot;}'><\/div>\r\n<\/div><\/div><\/div><\/div><div class=\"vc_col-sm-4 wpb_column vc_column_container\"><div class=\"vc_column-inner\"><div class=\"wpb_wrapper\"><\/div><\/div><\/div><\/div><\/div><\/div><\/div><\/div><\/div><\/section>\n","protected":false},"excerpt":{"rendered":"Kariyer Giri\u015fSayfalar ErichHahn Ekibi ErichHahn, bit\u00fcm end\u00fcstrisine y\u00f6nelik end\u00fcstriyel ekipman \u00fcretiminde lider bir \u015firkettir. \u00c7al\u0131\u015fanlar\u0131m\u0131za sadece i\u015f de\u011fil, ayn\u0131 zamanda b\u00fcy\u00fck ve uyumlu bir profesyonel ekip olma f\u0131rsat\u0131 sundu\u011fumuz i\u00e7in gurur duymaktay\u0131z. Kurumsal k\u00fclt\u00fcr\u00fcm\u00fcz, sayg\u0131, yenilik\u00e7ilik ve s\u00fcrekli geli\u015fim \u00fczerine kuruludur. \u00c7al\u0131\u015fanlar\u0131m\u0131za konforlu \u00e7al\u0131\u015fma ko\u015fullar\u0131, rekabet\u00e7i maa\u015flar ve profesyonel geli\u015fim i\u00e7in geni\u015f f\u0131rsatlar sunmaktay\u0131z. Kurum...","protected":false},"author":1,"featured_media":0,"parent":0,"menu_order":0,"comment_status":"closed","ping_status":"closed","template":"","meta":{"footnotes":""},"class_list":["post-3023","page","type-page","status-publish","hentry"],"_links":{"self":[{"href":"https:\/\/www.erichhahn.com.tr\/tr\/wp-json\/wp\/v2\/pages\/3023","targetHints":{"allow":["GET"]}}],"collection":[{"href":"https:\/\/www.erichhahn.com.tr\/tr\/wp-json\/wp\/v2\/pages"}],"about":[{"href":"https:\/\/www.erichhahn.com.tr\/tr\/wp-json\/wp\/v2\/types\/page"}],"author":[{"embeddable":true,"href":"https:\/\/www.erichhahn.com.tr\/tr\/wp-json\/wp\/v2\/users\/1"}],"replies":[{"embeddable":true,"href":"https:\/\/www.erichhahn.com.tr\/tr\/wp-json\/wp\/v2\/comments?post=3023"}],"version-history":[{"count":4,"href":"https:\/\/www.erichhahn.com.tr\/tr\/wp-json\/wp\/v2\/pages\/3023\/revisions"}],"predecessor-version":[{"id":3063,"href":"https:\/\/www.erichhahn.com.tr\/tr\/wp-json\/wp\/v2\/pages\/3023\/revisions\/3063"}],"wp:attachment":[{"href":"https:\/\/www.erichhahn.com.tr\/tr\/wp-json\/wp\/v2\/media?parent=3023"}],"curies":[{"name":"wp","href":"https:\/\/api.w.org\/{rel}","templated":true}]}}