{"id":3181,"date":"2024-09-12T17:18:33","date_gmt":"2024-09-12T14:18:33","guid":{"rendered":"https:\/\/www.erichhahn.com.tr\/flow-heater-fh\/"},"modified":"2025-12-11T01:55:41","modified_gmt":"2025-12-10T22:55:41","slug":"akis-isitici-fh","status":"publish","type":"page","link":"https:\/\/www.erichhahn.com.tr\/tr\/akis-isitici-fh\/","title":{"rendered":"Ak\u0131\u015f Is\u0131t\u0131c\u0131s\u0131 | FH"},"content":{"rendered":"<section class=\"l-section wpb_row height_auto\"><div class=\"l-section-h i-cf\"><div class=\"g-cols vc_row type_default valign_top\"><div class=\"vc_col-sm-12 wpb_column vc_column_container\"><div class=\"vc_column-inner\"><div class=\"wpb_wrapper\">\n\t\t\t<!-- START FH  TR REVOLUTION SLIDER 6.2.23 --><p class=\"rs-p-wp-fix\"><\/p>\n\t\t\t<rs-module-wrap id=\"rev_slider_89_1_wrapper\" data-source=\"gallery\" style=\"background:transparent;padding:0;margin:0px auto;margin-top:0;margin-bottom:0;max-width:;\">\n\t\t\t\t<rs-module id=\"rev_slider_89_1\" style=\"\" data-version=\"6.2.23\">\n\t\t\t\t\t<rs-slides>\n\t\t\t\t\t\t<rs-slide data-key=\"rs-106\" data-title=\"Erichhahn\" data-anim=\"ei:power4.inOut;eo:power4.inOut;s:2000;r:0;t:zoomin;sl:7;\" data-firstanim=\"t:fade;s:1500;sl:7;\">\n\t\t\t\t\t\t\t<img loading=\"lazy\" decoding=\"async\" src=\"\/\/www.erichhahn.com.tr\/wp-content\/uploads\/2024\/09\/FH-Banner-1.jpg\" title=\"FH-Banner (1)\" width=\"1920\" height=\"885\" data-parallax=\"10\" data-panzoom=\"d:30000;ss:100;se:120;\" class=\"rev-slidebg\" data-no-retina>\n<!--\n\t\t\t\t\t\t\t--><rs-layer\n\t\t\t\t\t\t\t\tid=\"slider-89-slide-106-layer-1\" \n\t\t\t\t\t\t\t\tclass=\"NotGeneric-Title\"\n\t\t\t\t\t\t\t\tdata-type=\"text\"\n\t\t\t\t\t\t\t\tdata-color=\"rgba(255,255,255,1)\"\n\t\t\t\t\t\t\t\tdata-rsp_ch=\"on\"\n\t\t\t\t\t\t\t\tdata-xy=\"x:c;xo:-346px,-260px,-160px,-8px;y:m;yo:68px,135px,60px,60px;\"\n\t\t\t\t\t\t\t\tdata-text=\"s:32,27,26,25;l:30,27,26,25;ls:1px;fw:300;\"\n\t\t\t\t\t\t\t\tdata-dim=\"w:auto,195.923px,186.999px,178.987px;\"\n\t\t\t\t\t\t\t\tdata-padding=\"t:10;b:10;\"\n\t\t\t\t\t\t\t\tdata-frame_0=\"y:50;\"\n\t\t\t\t\t\t\t\tdata-frame_1=\"st:1530;sp:2950;sR:1530;\"\n\t\t\t\t\t\t\t\tdata-frame_999=\"y:100%;e:power2.inOut;st:w;sp:1000;sR:4520;\"\n\t\t\t\t\t\t\t\tdata-frame_999_mask=\"u:t;\"\n\t\t\t\t\t\t\t\tstyle=\"z-index:10;font-family:Roboto Condensed;\"\n\t\t\t\t\t\t\t>Ak\u0131\u015f Is\u0131t\u0131c\u0131s\u0131 | FH\n \n\t\t\t\t\t\t\t<\/rs-layer><!--\n\n\t\t\t\t\t\t\t--><rs-layer\n\t\t\t\t\t\t\t\tid=\"slider-89-slide-106-layer-12\" \n\t\t\t\t\t\t\t\tclass=\"tp-shape tp-shapewrapper\"\n\t\t\t\t\t\t\t\tdata-type=\"shape\"\n\t\t\t\t\t\t\t\tdata-rsp_ch=\"on\"\n\t\t\t\t\t\t\t\tdata-xy=\"x:c;xo:-509px,-442px,-365px,-416px;y:m;yo:67px,135px,58px,58px;\"\n\t\t\t\t\t\t\t\tdata-text=\"fw:800;\"\n\t\t\t\t\t\t\t\tdata-dim=\"w:872px,872px,872px,1258px;h:88px,85px,85px,79px;\"\n\t\t\t\t\t\t\t\tdata-border=\"bor:0px,15px,15px,50px;\"\n\t\t\t\t\t\t\t\tdata-frame_0=\"y:-100%;o:1;\"\n\t\t\t\t\t\t\t\tdata-frame_0_mask=\"u:t;\"\n\t\t\t\t\t\t\t\tdata-frame_1=\"e:power4.inOut;st:1050;sp:2450;sR:1050;\"\n\t\t\t\t\t\t\t\tdata-frame_1_mask=\"u:t;\"\n\t\t\t\t\t\t\t\tdata-frame_999=\"y:100%;e:power2.inOut;st:w;sp:1000;sR:5500;\"\n\t\t\t\t\t\t\t\tdata-frame_999_mask=\"u:t;\"\n\t\t\t\t\t\t\t\tstyle=\"z-index:9;background-color:rgba(0,55,112,0.97);\"\n\t\t\t\t\t\t\t> \n\t\t\t\t\t\t\t<\/rs-layer><!--\n-->\t\t\t\t\t\t<\/rs-slide>\n\t\t\t\t\t<\/rs-slides>\n\t\t\t\t<\/rs-module>\n\t\t\t\t<script type=\"text\/javascript\">\n\t\t\t\t\tsetREVStartSize({c: 'rev_slider_89_1',rl:[1240,1024,778,480],el:[524.984,524.984,499.983,399.983],gw:[1240,1024,778,480],gh:[525,525,500,400],type:'standard',justify:'',layout:'fullwidth',mh:\"0\"});\n\t\t\t\t\tvar\trevapi89,\n\t\t\t\t\t\ttpj;\n\t\t\t\t\tfunction revinit_revslider891() {\n\t\t\t\t\tjQuery(function() {\n\t\t\t\t\t\ttpj = jQuery;\n\t\t\t\t\t\trevapi89 = tpj(\"#rev_slider_89_1\");\n\t\t\t\t\t\tif(revapi89==undefined || revapi89.revolution == undefined){\n\t\t\t\t\t\t\trevslider_showDoubleJqueryError(\"rev_slider_89_1\");\n\t\t\t\t\t\t}else{\n\t\t\t\t\t\t\trevapi89.revolution({\n\t\t\t\t\t\t\t\tvisibilityLevels:\"1240,1024,778,480\",\n\t\t\t\t\t\t\t\tgridwidth:\"1240,1024,778,480\",\n\t\t\t\t\t\t\t\tgridheight:\"525,525,500,400\",\n\t\t\t\t\t\t\t\tperspective:600,\n\t\t\t\t\t\t\t\tperspectiveType:\"local\",\n\t\t\t\t\t\t\t\teditorheight:\"524.984,524.984,499.983,399.983\",\n\t\t\t\t\t\t\t\tresponsiveLevels:\"1240,1024,778,480\",\n\t\t\t\t\t\t\t\tprogressBar:{disableProgressBar:true},\n\t\t\t\t\t\t\t\tnavigation: {\n\t\t\t\t\t\t\t\t\tkeyboardNavigation:true,\n\t\t\t\t\t\t\t\t\tmouseScrollNavigation:false,\n\t\t\t\t\t\t\t\t\tonHoverStop:false,\n\t\t\t\t\t\t\t\t\ttouch: {\n\t\t\t\t\t\t\t\t\t\ttouchenabled:true\n\t\t\t\t\t\t\t\t\t}\n\t\t\t\t\t\t\t\t},\n\t\t\t\t\t\t\t\tparallax: {\n\t\t\t\t\t\t\t\t\tlevels:[2,3,4,5,6,7,12,16,10,50,47,48,49,50,51,30],\n\t\t\t\t\t\t\t\t\ttype:\"mouse\",\n\t\t\t\t\t\t\t\t\torigo:\"slidercenter\",\n\t\t\t\t\t\t\t\t\tspeed:2000\n\t\t\t\t\t\t\t\t},\n\t\t\t\t\t\t\t\tviewPort: {\n\t\t\t\t\t\t\t\t\tenable:true,\n\t\t\t\t\t\t\t\t\toutof:\"pause\",\n\t\t\t\t\t\t\t\t\tvisible_area:\"20%\"\n\t\t\t\t\t\t\t\t},\n\t\t\t\t\t\t\t\tfallbacks: {\n\t\t\t\t\t\t\t\t\tallowHTML5AutoPlayOnAndroid:true\n\t\t\t\t\t\t\t\t},\n\t\t\t\t\t\t\t});\n\t\t\t\t\t\t}\n\t\t\t\t\t\t\n\t\t\t\t\t});\n\t\t\t\t\t} \/\/ End of RevInitScript\n\t\t\t\tvar once_revslider891 = false;\n\t\t\t\tif (document.readyState === \"loading\") {document.addEventListener('readystatechange',function() { if((document.readyState === \"interactive\" || document.readyState === \"complete\") && !once_revslider891 ) { once_revslider891 = true; revinit_revslider891();}});} else {once_revslider891 = true; revinit_revslider891();}\n\t\t\t\t<\/script>\n\t\t\t<\/rs-module-wrap>\n\t\t\t<!-- END REVOLUTION SLIDER -->\n<\/div><\/div><\/div><\/div><\/div><\/section><section class=\"l-section wpb_row height_small\"><div class=\"l-section-h i-cf\"><div class=\"g-cols vc_row type_default valign_top\"><div class=\"vc_col-sm-12 wpb_column vc_column_container animate_afl\" style=\"animation-delay:0s\"><div class=\"vc_column-inner\"><div class=\"wpb_wrapper\"><ol class=\"g-breadcrumbs separator_icon align_left\" itemscope itemtype=\"http:\/\/schema.org\/BreadcrumbList\"><li class=\"g-breadcrumbs-item\" itemprop=\"itemListElement\" itemscope itemtype=\"http:\/\/schema.org\/ListItem\"><a itemprop=\"item\" href=\"https:\/\/www.erichhahn.com.tr\/tr\/\"><span itemprop=\"name\">Anasayfa<\/span><\/a><meta itemprop=\"position\" content=\"1\"\/><\/li><li class=\"g-breadcrumbs-separator\"><i class=\"far fa-angle-right\"><\/i><\/li><li class=\"g-breadcrumbs-item\">Sayfalar<\/li><\/ol><div class=\"w-separator size_custom\" style=\"height:5px\"><\/div><div class=\"w-separator size_custom with_line width_default thick_1 style_solid color_border align_center\" style=\"height:1px\"><div class=\"w-separator-h\"><\/div><\/div><\/div><\/div><\/div><\/div><\/div><\/section><section class=\"l-section wpb_row height_small\" id=\"1\"><div class=\"l-section-h i-cf\"><div class=\"g-cols vc_row type_default valign_top\"><div class=\"vc_col-sm-6 wpb_column vc_column_container animate_afl\" style=\"animation-delay:0s\"><div class=\"vc_column-inner\"><div class=\"wpb_wrapper\"><div class=\"wpb_text_column\" ><div class=\"wpb_wrapper\"><h3>Ak\u0131\u015f Is\u0131t\u0131c\u0131s\u0131 | <strong>FH<\/strong><\/h3>\n<\/div><\/div><div class=\"w-separator size_custom\" style=\"height:4px\"><\/div><div class=\"w-image align_none animate_afl\" style=\"animation-delay:0s\"><div class=\"w-image-h\"><img loading=\"lazy\" decoding=\"async\" width=\"52\" height=\"3\" src=\"https:\/\/www.erichhahn.com.tr\/wp-content\/uploads\/2024\/04\/slash-1.jpg\" class=\"attachment-full size-full\" alt=\"\" \/><\/div><\/div><div class=\"w-separator size_small\"><\/div><div class=\"wpb_text_column\" ><div class=\"wpb_wrapper\"><p>Viskoz petrol \u00fcr\u00fcnleri i\u00e7in ak\u0131\u015f \u0131s\u0131t\u0131c\u0131s\u0131 &#8211; FH, viskoz \u00fcr\u00fcnleri proses medyalar\u0131 aras\u0131ndaki \u0131s\u0131 transferi yoluyla \u0131s\u0131tmak i\u00e7in tasarlanm\u0131\u015ft\u0131r. Rafineri, petrokimya, petrol, gaz ve di\u011fer sanayi tesislerinde proses ekipman\u0131 olarak kullan\u0131labilir.<\/p>\n<\/div><\/div><div class=\"g-cols wpb_row  type_default valign_top vc_inner\"><div class=\"vc_col-sm-6 wpb_column vc_column_container\"><div class=\"vc_column-inner\"><div class=\"wpb_wrapper\"><div class=\"w-separator size_medium\"><\/div><div class=\"w-video align_left ratio_16x9\"><div class=\"w-video-h\"><iframe src=\"\/\/www.youtube.com\/embed\/BfLhnVzRjOY?autoplay=0&controls=1&origin=https%3A%2F%2Fwww.erichhahn.com.tr\" allowfullscreen=\"1\"><\/iframe><\/div><div class=\"w-video-icon\" style=\"font-size:1.5rem;background:rgba(0,0,0,0.5);color:#fff;\"><\/div><\/div><\/div><\/div><\/div><div class=\"vc_col-sm-6 wpb_column vc_column_container\"><div class=\"vc_column-inner\"><div class=\"wpb_wrapper\"><div class=\"w-separator size_medium\"><\/div><div class=\"wpb_text_column\" ><div class=\"wpb_wrapper\"><h5>FH <strong>Avantajlar\u0131<\/strong><\/h5>\n<p>\u00dcnite, iki borulu \u0131s\u0131 e\u015fanj\u00f6r\u00fc, ba\u011flant\u0131 borular\u0131, kapatma ve kontrol vanalar\u0131, kontrol ve \u00f6l\u00e7\u00fcm cihazlar\u0131 ile termal izolasyondan olu\u015fur. T\u00fcm ekipman kompakt bir \u015fekilde destek \u00e7er\u00e7evesi \u00fczerine yerle\u015ftirilmi\u015ftir<\/p>\n<\/div><\/div><\/div><\/div><\/div><\/div><\/div><\/div><\/div><div class=\"vc_col-sm-6 wpb_column vc_column_container animate_afr\" style=\"animation-delay:0s\"><div class=\"vc_column-inner\"><div class=\"wpb_wrapper\"><div class='ult_hotspot_container ult-adjust-bottom-margin ult-hotspot-tooltip-wrapper ' style=>  <img class='ult_hotspot_image' src=https:\/\/www.erichhahn.com.tr\/wp-content\/uploads\/2024\/09\/FH-3.png alt='null'\/>     <div class='utl-hotspot-items ult-hotspot-item'><div class='ult-hotspot-item  ' style='top:-webkit-calc(13.537423794285845% - 12.5px);top:-moz-calc(13.537423794285845% - 12.5px);top:calc(13.537423794285845% - 12.5px);left: -webkit-calc(57.46395341649556% - 12.5px);left: -moz-calc(57.46395341649556% - 12.5px);left: calc(57.46395341649556% - 12.5px);' >  <div style='z-index: 39;position: relative;'>   <a data-link_style='tootip' data-mycust-id=\"hotspot-tooltip-9880\"  data-ultimate-target='#hotspot-tooltip-9880 .ult-tooltipster-content'  data-responsive-json-new='{\"font-size\":\"\",\"line-height\":\"\"}' data-tooltip-content-style=\"width:150px;\"data-tooltip-base-style=\"background-color:rgba(255,255,255,0.01);color:#0b4887;text-align:right;\" data-bubble-arrow=\"true\" data-tooltip-offsety=\"12.5\"data-arrowposition=\"left\" class='ult-tooltipstered ult-hotspot-tooltip' href='#' data-status='show'><div class=\"ult-just-icon-wrapper  \"><div class=\"align-icon\" style=\"text-align:center;\">\n<div class=\"aio-icon  \"  style=\"color:#0b4887;font-size:25px;display:inline-block;\">\n\t<i class=\"Defaults-info-circle\"><\/i>\n<\/div><\/div><\/div><span class='hotspot-tooltip-content'>\n&lt;p style=&#039;text-align: center;&#039;&gt;&lt;span style=&#039;color: #0a437d;&#039;&gt;S\u0131cakl\u0131k D\u00f6n\u00fc\u015ft\u00fcr\u00fcc\u00fc&lt;\/span&gt;&lt;\/p&gt;\n&lt;p&gt;<\/span>  <\/a> <\/div><!-- ICON WRAP --> <div class='ult-glow' style=background-color:rgba(101,164,230,0.5);><\/div><\/div><div class='ult-hotspot-item  ' style='top:-webkit-calc(45.34253391393223% - 12.5px);top:-moz-calc(45.34253391393223% - 12.5px);top:calc(45.34253391393223% - 12.5px);left: -webkit-calc(26.550640668618215% - 12.5px);left: -moz-calc(26.550640668618215% - 12.5px);left: calc(26.550640668618215% - 12.5px);' >  <div style='z-index: 39;position: relative;'>   <a data-link_style='tootip' data-mycust-id=\"hotspot-tooltip-5937\"  data-ultimate-target='#hotspot-tooltip-5937 .ult-tooltipster-content'  data-responsive-json-new='{\"font-size\":\"\",\"line-height\":\"\"}' data-tooltip-content-style=\"width:150px;\"data-tooltip-base-style=\"background-color:rgba(255,255,255,0.01);color:#0b4887;text-align:right;\" data-bubble-arrow=\"true\" data-tooltip-offsety=\"12.5\"data-arrowposition=\"left\" class='ult-tooltipstered ult-hotspot-tooltip' href='#' data-status='show'><div class=\"ult-just-icon-wrapper  \"><div class=\"align-icon\" style=\"text-align:center;\">\n<div class=\"aio-icon  \"  style=\"color:#0b4887;font-size:25px;display:inline-block;\">\n\t<i class=\"Defaults-info-circle\"><\/i>\n<\/div><\/div><\/div><span class='hotspot-tooltip-content'>&lt;\/p&gt;\n&lt;p style=&#039;text-align: center;&#039;&gt;&lt;span style=&#039;color: #0a437d;&#039;&gt;Ba\u011flant\u0131 Boru Hatlar\u0131&lt;\/span&gt;&lt;\/p&gt;\n&lt;p&gt;<\/span>  <\/a> <\/div><!-- ICON WRAP --> <div class='ult-glow' style=background-color:rgba(101,164,230,0.5);><\/div><\/div><div class='ult-hotspot-item  ' style='top:-webkit-calc(36.100383668210014% - 12.5px);top:-moz-calc(36.100383668210014% - 12.5px);top:calc(36.100383668210014% - 12.5px);left: -webkit-calc(75.26174840361722% - 12.5px);left: -moz-calc(75.26174840361722% - 12.5px);left: calc(75.26174840361722% - 12.5px);' >  <div style='z-index: 39;position: relative;'>   <a data-link_style='tootip' data-mycust-id=\"hotspot-tooltip-6282\"  data-ultimate-target='#hotspot-tooltip-6282 .ult-tooltipster-content'  data-responsive-json-new='{\"font-size\":\"\",\"line-height\":\"\"}' data-tooltip-content-style=\"width:150px;\"data-tooltip-base-style=\"background-color:rgba(255,255,255,0.01);color:#0b4887;text-align:right;\" data-bubble-arrow=\"true\" data-tooltip-offsety=\"12.5\"data-arrowposition=\"right\" class='ult-tooltipstered ult-hotspot-tooltip' href='#' data-status='show'><div class=\"ult-just-icon-wrapper  \"><div class=\"align-icon\" style=\"text-align:center;\">\n<div class=\"aio-icon  \"  style=\"color:#0b4887;font-size:25px;display:inline-block;\">\n\t<i class=\"Defaults-info-circle\"><\/i>\n<\/div><\/div><\/div><span class='hotspot-tooltip-content'>&lt;\/p&gt;\n&lt;p style=&#039;text-align: center;&#039;&gt;&lt;span style=&#039;color: #0a437d;&#039;&gt;D\u0131\u015f Borulu Is\u0131&lt;br \/&gt;\nDe\u011fi\u015ftirici (Yal\u0131t\u0131ml\u0131)&lt;\/span&gt;&lt;\/p&gt;\n&lt;p&gt;<\/span>  <\/a> <\/div><!-- ICON WRAP --> <div class='ult-glow' style=background-color:rgba(101,164,230,0.5);><\/div><\/div><div class='ult-hotspot-item  ' style='top:-webkit-calc(71.8062014026449% - 12.5px);top:-moz-calc(71.8062014026449% - 12.5px);top:calc(71.8062014026449% - 12.5px);left: -webkit-calc(34.85127697768443% - 12.5px);left: -moz-calc(34.85127697768443% - 12.5px);left: calc(34.85127697768443% - 12.5px);' >  <div style='z-index: 39;position: relative;'>   <a data-link_style='tootip' data-mycust-id=\"hotspot-tooltip-3729\"  data-ultimate-target='#hotspot-tooltip-3729 .ult-tooltipster-content'  data-responsive-json-new='{\"font-size\":\"\",\"line-height\":\"\"}' data-tooltip-content-style=\"width:150px;\"data-tooltip-base-style=\"background-color:rgba(255,255,255,0.01);color:#0b4887;\" data-bubble-arrow=\"true\" data-tooltip-offsety=\"12.5\"data-arrowposition=\"bottom\" class='ult-tooltipstered ult-hotspot-tooltip' href='#' data-status='show'><div class=\"ult-just-icon-wrapper  \"><div class=\"align-icon\" style=\"text-align:center;\">\n<div class=\"aio-icon  \"  style=\"color:#ffffff;font-size:25px;display:inline-block;\">\n\t<i class=\"Defaults-info-circle\"><\/i>\n<\/div><\/div><\/div><span class='hotspot-tooltip-content'>&lt;\/p&gt;\n&lt;p style=&#039;text-align: center;&#039;&gt;&lt;span style=&#039;color: #0a437d;&#039;&gt;Kapanma Vana Donan\u0131m\u0131&lt;\/span&gt;&lt;\/p&gt;\n&lt;p&gt;<\/span>  <\/a> <\/div><!-- ICON WRAP --> <div class='ult-glow' style=background-color:rgba(101,164,230,0.5);><\/div><\/div><div class='ult-hotspot-item  ' style='top:-webkit-calc(63.85586370826252% - 12.5px);top:-moz-calc(63.85586370826252% - 12.5px);top:calc(63.85586370826252% - 12.5px);left: -webkit-calc(75.8330028565199% - 12.5px);left: -moz-calc(75.8330028565199% - 12.5px);left: calc(75.8330028565199% - 12.5px);' >  <div style='z-index: 39;position: relative;'>   <a data-link_style='tootip' data-mycust-id=\"hotspot-tooltip-2850\"  data-ultimate-target='#hotspot-tooltip-2850 .ult-tooltipster-content'  data-responsive-json-new='{\"font-size\":\"\",\"line-height\":\"\"}' data-tooltip-content-style=\"width:150px;\"data-tooltip-base-style=\"background-color:rgba(255,255,255,0.01);color:#0b4887;\" data-bubble-arrow=\"true\" data-tooltip-offsety=\"12.5\"data-arrowposition=\"bottom\" class='ult-tooltipstered ult-hotspot-tooltip' href='#' data-status='show'><div class=\"ult-just-icon-wrapper  \"><div class=\"align-icon\" style=\"text-align:center;\">\n<div class=\"aio-icon  \"  style=\"color:#0b4887;font-size:25px;display:inline-block;\">\n\t<i class=\"Defaults-info-circle\"><\/i>\n<\/div><\/div><\/div><span class='hotspot-tooltip-content'>&lt;\/p&gt;\n&lt;p style=&#039;text-align: center;&#039;&gt;&lt;span style=&#039;color: #0a437d;&#039;&gt;Destek \u00c7er\u00e7evesi&lt;\/span&gt;&lt;\/p&gt;\n&lt;p&gt;<\/span>  <\/a> <\/div><!-- ICON WRAP --> <div class='ult-glow' style=background-color:rgba(101,164,230,0.5);><\/div><\/div>\n<\/div>     <div style='color:#000;' data-image='    '><\/div><\/div><\/div><\/div><\/div><\/div><\/div><\/section><section class=\"l-section wpb_row height_small\" id=\"2\"><div class=\"l-section-h i-cf\"><div class=\"g-cols vc_row type_default valign_top\"><div class=\"vc_col-sm-6 wpb_column vc_column_container animate_afl\" style=\"animation-delay:0s\"><div class=\"vc_column-inner\"><div class=\"wpb_wrapper\"><div class=\"w-tabs layout_ver navpos_left navwidth_auto title_atleft style_modern switch_click icon_chevron iconpos_right title_atleft\"><div class=\"w-tabs-list items_1\"><div class=\"w-tabs-list-h\"><a class=\"w-tabs-item active defined-active\" aria-controls=\"content-1721763276383-ba31c569-c4de\" href=\"javascript:void(0);\"><span class=\"w-tabs-item-title\">Ekipmanlar<\/span><\/a><\/div><\/div><div class=\"w-tabs-sections\"><div class=\"w-tabs-sections-h\"><div class=\"w-tabs-section active\" id=\"1721763276383-ba31c569-c4de\"><button class=\"w-tabs-section-header active\" aria-controls=\"content-1721763276383-ba31c569-c4de\"><div class=\"w-tabs-section-header-h\"><div class=\"w-tabs-section-title\">Ekipmanlar<\/div><div class=\"w-tabs-section-control\"><\/div><\/div><\/button><div class=\"w-tabs-section-content\" id=\"content-1721763276383-ba31c569-c4de\" aria-expanded=\"true\"><div class=\"w-tabs-section-content-h i-cf\"><div class=\"wpb_text_column\" ><div class=\"wpb_wrapper\"><p>\u2022 Borulu \u0131s\u0131 e\u015fanj\u00f6rleri<br \/>\n\u2022 Kapatma ve kontrol vanalar\u0131<br \/>\n\u2022 Ba\u011flant\u0131 borular\u0131<br \/>\n\u2022 Kontrol ve \u00f6l\u00e7\u00fcm cihazlar\u0131<br \/>\n\u2022 Termal izolasyon<br \/>\n\u2022 Destek \u00e7er\u00e7evesi<\/p>\n<\/div><\/div><\/div><\/div><\/div><\/div><\/div><\/div><\/div><\/div><\/div><div class=\"vc_col-sm-6 wpb_column vc_column_container animate_afr\" style=\"animation-delay:0s\"><div class=\"vc_column-inner\"><div class=\"wpb_wrapper\"><div class=\"g-cols wpb_row  type_default valign_top vc_inner\"><div class=\"vc_col-sm-6 wpb_column vc_column_container\"><div class=\"vc_column-inner\"><div class=\"wpb_wrapper\"><div class=\"wpb_text_column\" ><div class=\"wpb_wrapper\"><h5><strong>Neden<\/strong> FH ?<\/h5>\n<p>\u2022 Mod\u00fcler Tasar\u0131m<br \/>\n\u2022 Modern Ekipman<br \/>\n\u2022 Y\u00fcksek Standartlar<\/p>\n<\/div><\/div><\/div><\/div><\/div><div class=\"vc_col-sm-6 wpb_column vc_column_container\"><div class=\"vc_column-inner\"><div class=\"wpb_wrapper\"><\/div><\/div><\/div><\/div><\/div><\/div><\/div><\/div><\/div><\/section><section class=\"l-section wpb_row height_custom\"><div class=\"l-section-h i-cf\"><div class=\"g-cols vc_row type_default valign_top\"><div class=\"vc_col-sm-12 wpb_column vc_column_container animate_afl\" style=\"animation-delay:0s\"><div class=\"vc_column-inner\"><div class=\"wpb_wrapper\"><div class=\"w-tabs layout_hor style_default switch_click icon_chevron iconpos_right title_atleft\"><div class=\"w-tabs-list hidden items_2\"><div class=\"w-tabs-list-h\"><a class=\"w-tabs-item active\" aria-controls=\"content-1721775023786-52b19121-3528\" href=\"javascript:void(0);\"><span class=\"w-tabs-item-title\">Ak\u0131\u015f Is\u0131t\u0131c\u0131s\u0131 | FH<\/span><\/a><a class=\"w-tabs-item with_icon\" aria-controls=\"content-1721775361044-deb1abb2-5c37\" href=\"javascript:void(0);\"><i class=\"fad fa-cogs\"><\/i><span class=\"w-tabs-item-title\">Teknik \u00d6zellikler<\/span><\/a><\/div><\/div><div class=\"w-tabs-sections\"><div class=\"w-tabs-sections-h\"><div class=\"w-tabs-section active\" id=\"1721775023786-52b19121-3528\"><button class=\"w-tabs-section-header active\" aria-controls=\"content-1721775023786-52b19121-3528\"><div class=\"w-tabs-section-header-h\"><div class=\"w-tabs-section-title\">Ak\u0131\u015f Is\u0131t\u0131c\u0131s\u0131 | FH<\/div><div class=\"w-tabs-section-control\"><\/div><\/div><\/button><div class=\"w-tabs-section-content\" id=\"content-1721775023786-52b19121-3528\" aria-expanded=\"true\"><div class=\"w-tabs-section-content-h i-cf\"><p class=\"w-itext type_typingChars align_left dynamic_bold\" onclick='return {&quot;duration&quot;:100,&quot;delay&quot;:1500,&quot;disablePartAnimation&quot;:false,&quot;dynamicColor&quot;:&quot;#0b4887&quot;,&quot;html_nbsp_char&quot;:true}'>Teknik\u00a0\u00d6zellikler\u00a0<span class=\"w-itext-part changesat_0 changesat_1 dynamic\" style=\"color:#0b4887;\" onclick='return [&quot;\\u0130nceleyin&quot;,&quot;i\\u00e7in\\u00a0Sekmeye\\u00a0T\\u0131klay\\u0131n&quot;]'><span>\u0130nceleyin<\/span><i class=\"w-itext-cursor\"><\/i><\/span><\/p><\/div><\/div><\/div><div class=\"w-tabs-section with_icon\" id=\"1721775361044-deb1abb2-5c37\"><button class=\"w-tabs-section-header\" aria-controls=\"content-1721775361044-deb1abb2-5c37\"><div class=\"w-tabs-section-header-h\"><i class=\"fad fa-cogs\"><\/i><div class=\"w-tabs-section-title\">Teknik \u00d6zellikler<\/div><div class=\"w-tabs-section-control\"><\/div><\/div><\/button><div class=\"w-tabs-section-content us_custom_18f706fa\" id=\"content-1721775361044-deb1abb2-5c37\" aria-expanded=\"false\"><div class=\"w-tabs-section-content-h i-cf\"><div class=\"wpb_text_column\" ><div class=\"wpb_wrapper\"><div id=\"footable_parent_3390\"\n         class=\" footable_parent ninja_table_wrapper loading_ninja_table wp_table_data_press_parent semantic_ui \">\n                <table data-ninja_table_instance=\"ninja_table_instance_1\" data-footable_id=\"3390\" data-filter-delay=\"1000\" aria-label=\"Ak\u0131\u015f Is\u0131t\u0131c\u0131s\u0131 _ FH - Sayfa1.csv\"            id=\"footable_3390\"\n           data-unique_identifier=\"ninja_table_unique_id_3596260259_3390\"\n           class=\" foo-table ninja_footable foo_table_3390 ninja_table_unique_id_3596260259_3390 ui table  nt_type_ajax_table fixed selectable celled striped compact  footable-paging-right ninja_table_search_disabled\">\n                <colgroup>\n                            <col class=\"ninja_column_0 \">\n                            <col class=\"ninja_column_1 \">\n                    <\/colgroup>\n            <\/table>\n    \n    \n    \n<\/div>\n\n<\/div><\/div><\/div><\/div><\/div><\/div><\/div><\/div><\/div><\/div><\/div><\/div><\/div><\/section>\n","protected":false},"excerpt":{"rendered":"Ak\u0131\u015f Is\u0131t\u0131c\u0131s\u0131 | FH AnasayfaSayfalarAk\u0131\u015f Is\u0131t\u0131c\u0131s\u0131 | FH Viskoz petrol \u00fcr\u00fcnleri i\u00e7in ak\u0131\u015f \u0131s\u0131t\u0131c\u0131s\u0131 &#8211; FH, viskoz \u00fcr\u00fcnleri proses medyalar\u0131 aras\u0131ndaki \u0131s\u0131 transferi yoluyla \u0131s\u0131tmak i\u00e7in tasarlanm\u0131\u015ft\u0131r. Rafineri, petrokimya, petrol, gaz ve di\u011fer sanayi tesislerinde proses ekipman\u0131 olarak kullan\u0131labilir. FH Avantajlar\u0131 \u00dcnite, iki borulu \u0131s\u0131 e\u015fanj\u00f6r\u00fc, ba\u011flant\u0131 borular\u0131, kapatma ve kontrol vanalar\u0131, kontrol ve \u00f6l\u00e7\u00fcm...","protected":false},"author":1,"featured_media":0,"parent":0,"menu_order":0,"comment_status":"closed","ping_status":"closed","template":"","meta":{"footnotes":""},"class_list":["post-3181","page","type-page","status-publish","hentry"],"_links":{"self":[{"href":"https:\/\/www.erichhahn.com.tr\/tr\/wp-json\/wp\/v2\/pages\/3181","targetHints":{"allow":["GET"]}}],"collection":[{"href":"https:\/\/www.erichhahn.com.tr\/tr\/wp-json\/wp\/v2\/pages"}],"about":[{"href":"https:\/\/www.erichhahn.com.tr\/tr\/wp-json\/wp\/v2\/types\/page"}],"author":[{"embeddable":true,"href":"https:\/\/www.erichhahn.com.tr\/tr\/wp-json\/wp\/v2\/users\/1"}],"replies":[{"embeddable":true,"href":"https:\/\/www.erichhahn.com.tr\/tr\/wp-json\/wp\/v2\/comments?post=3181"}],"version-history":[{"count":10,"href":"https:\/\/www.erichhahn.com.tr\/tr\/wp-json\/wp\/v2\/pages\/3181\/revisions"}],"predecessor-version":[{"id":6558,"href":"https:\/\/www.erichhahn.com.tr\/tr\/wp-json\/wp\/v2\/pages\/3181\/revisions\/6558"}],"wp:attachment":[{"href":"https:\/\/www.erichhahn.com.tr\/tr\/wp-json\/wp\/v2\/media?parent=3181"}],"curies":[{"name":"wp","href":"https:\/\/api.w.org\/{rel}","templated":true}]}}