{"id":3186,"date":"2024-09-30T17:37:11","date_gmt":"2024-09-30T14:37:11","guid":{"rendered":"https:\/\/www.erichhahn.com.tr\/thermal-oil-heating-unit-thu\/"},"modified":"2025-12-11T01:50:55","modified_gmt":"2025-12-10T22:50:55","slug":"kizgin-yag-isitma-unitesi-thu","status":"publish","type":"page","link":"https:\/\/www.erichhahn.com.tr\/tr\/kizgin-yag-isitma-unitesi-thu\/","title":{"rendered":"K\u0131zg\u0131n Ya\u011f Is\u0131tma \u00dcnitesi | THU"},"content":{"rendered":"<section class=\"l-section wpb_row height_auto\"><div class=\"l-section-h i-cf\"><div class=\"g-cols vc_row type_default valign_top\"><div class=\"vc_col-sm-12 wpb_column vc_column_container\"><div class=\"vc_column-inner\"><div class=\"wpb_wrapper\">\n\t\t\t<!-- START THU  TR REVOLUTION SLIDER 6.2.23 --><p class=\"rs-p-wp-fix\"><\/p>\n\t\t\t<rs-module-wrap id=\"rev_slider_90_1_wrapper\" data-source=\"gallery\" style=\"background:transparent;padding:0;margin:0px auto;margin-top:0;margin-bottom:0;max-width:;\">\n\t\t\t\t<rs-module id=\"rev_slider_90_1\" style=\"\" data-version=\"6.2.23\">\n\t\t\t\t\t<rs-slides>\n\t\t\t\t\t\t<rs-slide data-key=\"rs-107\" data-title=\"Erichhahn\" data-anim=\"ei:power4.inOut;eo:power4.inOut;s:2000;r:0;t:zoomin;sl:7;\" data-firstanim=\"t:fade;s:1500;sl:7;\">\n\t\t\t\t\t\t\t<img loading=\"lazy\" decoding=\"async\" src=\"\/\/www.erichhahn.com.tr\/wp-content\/uploads\/2024\/10\/THU-Banner.jpg\" title=\"THU-Banner\" width=\"1920\" height=\"885\" data-parallax=\"10\" data-panzoom=\"d:30000;ss:100;se:120;\" class=\"rev-slidebg\" data-no-retina>\n<!--\n\t\t\t\t\t\t\t--><rs-layer\n\t\t\t\t\t\t\t\tid=\"slider-90-slide-107-layer-1\" \n\t\t\t\t\t\t\t\tclass=\"NotGeneric-Title\"\n\t\t\t\t\t\t\t\tdata-type=\"text\"\n\t\t\t\t\t\t\t\tdata-color=\"rgba(255,255,255,1)\"\n\t\t\t\t\t\t\t\tdata-rsp_ch=\"on\"\n\t\t\t\t\t\t\t\tdata-xy=\"x:c;xo:-346px,-260px,-160px,-8px;y:m;yo:67px,135px,59px,58px;\"\n\t\t\t\t\t\t\t\tdata-text=\"s:30,30,27,26;l:21,18,35,32;ls:1px;fw:300;\"\n\t\t\t\t\t\t\t\tdata-dim=\"w:383.985px,390.987px,355.999px,344.988px;h:auto,auto,55.971px,auto;\"\n\t\t\t\t\t\t\t\tdata-padding=\"t:10;b:10;\"\n\t\t\t\t\t\t\t\tdata-frame_0=\"y:50;\"\n\t\t\t\t\t\t\t\tdata-frame_1=\"st:1530;sp:2950;sR:1530;\"\n\t\t\t\t\t\t\t\tdata-frame_999=\"y:100%;e:power2.inOut;st:w;sp:1000;sR:4520;\"\n\t\t\t\t\t\t\t\tdata-frame_999_mask=\"u:t;\"\n\t\t\t\t\t\t\t\tstyle=\"z-index:10;font-family:Roboto Condensed;\"\n\t\t\t\t\t\t\t>K\u0131zg\u0131n Ya\u011f Is\u0131tma \u00dcnitesi | THU \n\t\t\t\t\t\t\t<\/rs-layer><!--\n\n\t\t\t\t\t\t\t--><rs-layer\n\t\t\t\t\t\t\t\tid=\"slider-90-slide-107-layer-12\" \n\t\t\t\t\t\t\t\tclass=\"tp-shape tp-shapewrapper\"\n\t\t\t\t\t\t\t\tdata-type=\"shape\"\n\t\t\t\t\t\t\t\tdata-rsp_ch=\"on\"\n\t\t\t\t\t\t\t\tdata-xy=\"x:c;xo:-509px,-442px,-365px,-416px;y:m;yo:67px,135px,58px,58px;\"\n\t\t\t\t\t\t\t\tdata-text=\"fw:800;\"\n\t\t\t\t\t\t\t\tdata-dim=\"w:872px,872px,872px,1258px;h:88px,85px,85px,79px;\"\n\t\t\t\t\t\t\t\tdata-border=\"bor:0px,15px,15px,50px;\"\n\t\t\t\t\t\t\t\tdata-frame_0=\"y:-100%;o:1;\"\n\t\t\t\t\t\t\t\tdata-frame_0_mask=\"u:t;\"\n\t\t\t\t\t\t\t\tdata-frame_1=\"e:power4.inOut;st:1050;sp:2450;sR:1050;\"\n\t\t\t\t\t\t\t\tdata-frame_1_mask=\"u:t;\"\n\t\t\t\t\t\t\t\tdata-frame_999=\"y:100%;e:power2.inOut;st:w;sp:1000;sR:5500;\"\n\t\t\t\t\t\t\t\tdata-frame_999_mask=\"u:t;\"\n\t\t\t\t\t\t\t\tstyle=\"z-index:9;background-color:rgba(0,55,112,0.97);\"\n\t\t\t\t\t\t\t> \n\t\t\t\t\t\t\t<\/rs-layer><!--\n-->\t\t\t\t\t\t<\/rs-slide>\n\t\t\t\t\t<\/rs-slides>\n\t\t\t\t<\/rs-module>\n\t\t\t\t<script type=\"text\/javascript\">\n\t\t\t\t\tsetREVStartSize({c: 'rev_slider_90_1',rl:[1240,1024,778,480],el:[524.984,524.984,499.983,399.983],gw:[1240,1024,778,480],gh:[525,525,500,400],type:'standard',justify:'',layout:'fullwidth',mh:\"0\"});\n\t\t\t\t\tvar\trevapi90,\n\t\t\t\t\t\ttpj;\n\t\t\t\t\tfunction revinit_revslider901() {\n\t\t\t\t\tjQuery(function() {\n\t\t\t\t\t\ttpj = jQuery;\n\t\t\t\t\t\trevapi90 = tpj(\"#rev_slider_90_1\");\n\t\t\t\t\t\tif(revapi90==undefined || revapi90.revolution == undefined){\n\t\t\t\t\t\t\trevslider_showDoubleJqueryError(\"rev_slider_90_1\");\n\t\t\t\t\t\t}else{\n\t\t\t\t\t\t\trevapi90.revolution({\n\t\t\t\t\t\t\t\tvisibilityLevels:\"1240,1024,778,480\",\n\t\t\t\t\t\t\t\tgridwidth:\"1240,1024,778,480\",\n\t\t\t\t\t\t\t\tgridheight:\"525,525,500,400\",\n\t\t\t\t\t\t\t\tperspective:600,\n\t\t\t\t\t\t\t\tperspectiveType:\"local\",\n\t\t\t\t\t\t\t\teditorheight:\"524.984,524.984,499.983,399.983\",\n\t\t\t\t\t\t\t\tresponsiveLevels:\"1240,1024,778,480\",\n\t\t\t\t\t\t\t\tprogressBar:{disableProgressBar:true},\n\t\t\t\t\t\t\t\tnavigation: {\n\t\t\t\t\t\t\t\t\tkeyboardNavigation:true,\n\t\t\t\t\t\t\t\t\tmouseScrollNavigation:false,\n\t\t\t\t\t\t\t\t\tonHoverStop:false,\n\t\t\t\t\t\t\t\t\ttouch: {\n\t\t\t\t\t\t\t\t\t\ttouchenabled:true\n\t\t\t\t\t\t\t\t\t}\n\t\t\t\t\t\t\t\t},\n\t\t\t\t\t\t\t\tparallax: {\n\t\t\t\t\t\t\t\t\tlevels:[2,3,4,5,6,7,12,16,10,50,47,48,49,50,51,30],\n\t\t\t\t\t\t\t\t\ttype:\"mouse\",\n\t\t\t\t\t\t\t\t\torigo:\"slidercenter\",\n\t\t\t\t\t\t\t\t\tspeed:2000\n\t\t\t\t\t\t\t\t},\n\t\t\t\t\t\t\t\tviewPort: {\n\t\t\t\t\t\t\t\t\tenable:true,\n\t\t\t\t\t\t\t\t\toutof:\"pause\",\n\t\t\t\t\t\t\t\t\tvisible_area:\"20%\"\n\t\t\t\t\t\t\t\t},\n\t\t\t\t\t\t\t\tfallbacks: {\n\t\t\t\t\t\t\t\t\tallowHTML5AutoPlayOnAndroid:true\n\t\t\t\t\t\t\t\t},\n\t\t\t\t\t\t\t});\n\t\t\t\t\t\t}\n\t\t\t\t\t\t\n\t\t\t\t\t});\n\t\t\t\t\t} \/\/ End of RevInitScript\n\t\t\t\tvar once_revslider901 = false;\n\t\t\t\tif (document.readyState === \"loading\") {document.addEventListener('readystatechange',function() { if((document.readyState === \"interactive\" || document.readyState === \"complete\") && !once_revslider901 ) { once_revslider901 = true; revinit_revslider901();}});} else {once_revslider901 = true; revinit_revslider901();}\n\t\t\t\t<\/script>\n\t\t\t<\/rs-module-wrap>\n\t\t\t<!-- END REVOLUTION SLIDER -->\n<\/div><\/div><\/div><\/div><\/div><\/section><section class=\"l-section wpb_row height_small\"><div class=\"l-section-h i-cf\"><div class=\"g-cols vc_row type_default valign_top\"><div class=\"vc_col-sm-12 wpb_column vc_column_container animate_afl\" style=\"animation-delay:0s\"><div class=\"vc_column-inner\"><div class=\"wpb_wrapper\"><ol class=\"g-breadcrumbs separator_icon align_left\" itemscope itemtype=\"http:\/\/schema.org\/BreadcrumbList\"><li class=\"g-breadcrumbs-item\" itemprop=\"itemListElement\" itemscope itemtype=\"http:\/\/schema.org\/ListItem\"><a itemprop=\"item\" href=\"https:\/\/www.erichhahn.com.tr\/tr\/\"><span itemprop=\"name\">Anasayfa<\/span><\/a><meta itemprop=\"position\" content=\"1\"\/><\/li><li class=\"g-breadcrumbs-separator\"><i class=\"far fa-angle-right\"><\/i><\/li><li class=\"g-breadcrumbs-item\">Sayfalar<\/li><\/ol><div class=\"w-separator size_custom\" style=\"height:5px\"><\/div><div class=\"w-separator size_custom with_line width_default thick_1 style_solid color_border align_center\" style=\"height:1px\"><div class=\"w-separator-h\"><\/div><\/div><\/div><\/div><\/div><\/div><\/div><\/section><section class=\"l-section wpb_row height_small\" id=\"1\"><div class=\"l-section-h i-cf\"><div class=\"g-cols vc_row type_default valign_top\"><div class=\"vc_col-sm-6 wpb_column vc_column_container animate_afl\" style=\"animation-delay:0s\"><div class=\"vc_column-inner\"><div class=\"wpb_wrapper\"><div class=\"wpb_text_column\" ><div class=\"wpb_wrapper\"><h3>K\u0131zg\u0131n Ya\u011f Is\u0131tma \u00dcnitesi | <strong>THU<\/strong><\/h3>\n<\/div><\/div><div class=\"w-separator size_custom\" style=\"height:4px\"><\/div><div class=\"w-image align_none animate_afl\" style=\"animation-delay:0s\"><div class=\"w-image-h\"><img loading=\"lazy\" decoding=\"async\" width=\"52\" height=\"3\" src=\"https:\/\/www.erichhahn.com.tr\/wp-content\/uploads\/2024\/04\/slash-1.jpg\" class=\"attachment-full size-full\" alt=\"\" \/><\/div><\/div><div class=\"w-separator size_small\"><\/div><div class=\"wpb_text_column\" ><div class=\"wpb_wrapper\"><p>Mini terminalin \u0131s\u0131tma sisteminde termal ya\u011f\u0131n \u0131s\u0131t\u0131lmas\u0131 ve dola\u015f\u0131m\u0131n\u0131 d\u00fczenlemek i\u00e7in tasarlanm\u0131\u015ft\u0131r. \u00dcnite, termal ya\u011f kazanlar\u0131 temel al\u0131narak \u00fcretilmi\u015ftir. Kazan\u0131n i\u00e7ine bir gaz br\u00fcl\u00f6r\u00fc yerle\u015ftirilmi\u015ftir. M\u00fc\u015fteri gereksinimlerine ba\u011fl\u0131 olarak kazanlar, dizel yak\u0131t ve fuel oil dahil olmak \u00fczere her t\u00fcr yak\u0131tla \u00e7al\u0131\u015fabilir. Kazana monte edilen br\u00fcl\u00f6r, \u00e7oklu yak\u0131t \u00f6zelli\u011fine sahiptir.<\/p>\n<\/div><\/div><div class=\"g-cols wpb_row  type_default valign_top vc_inner\"><div class=\"vc_col-sm-6 wpb_column vc_column_container\"><div class=\"vc_column-inner\"><div class=\"wpb_wrapper\"><div class=\"w-separator size_medium\"><\/div><div class=\"w-video align_left ratio_16x9\"><div class=\"w-video-h\"><iframe src=\"\/\/www.youtube.com\/embed\/BfLhnVzRjOY?autoplay=0&controls=1&origin=https%3A%2F%2Fwww.erichhahn.com.tr\" allowfullscreen=\"1\"><\/iframe><\/div><div class=\"w-video-icon\" style=\"font-size:1.5rem;background:rgba(0,0,0,0.5);color:#fff;\"><\/div><\/div><\/div><\/div><\/div><div class=\"vc_col-sm-6 wpb_column vc_column_container\"><div class=\"vc_column-inner\"><div class=\"wpb_wrapper\"><div class=\"w-separator size_medium\"><\/div><div class=\"wpb_text_column\" ><div class=\"wpb_wrapper\"><h5>THU <strong>Avantajlar\u0131<\/strong><\/h5>\n<p>THU, bir\u00e7ok uygulama alan\u0131nda kullan\u0131labilir:<br \/>\n\u2022 Yol yap\u0131m\u0131<br \/>\n\u2022 Petrol rafinerisi<br \/>\n\u2022 Petrokimya<br \/>\n\u2022 Kimya<br \/>\n\u2022 Enerji m\u00fchendisli\u011fi<br \/>\n\u2022 Tekstil end\u00fcstrisi<br \/>\n\u2022 Ka\u011f\u0131t end\u00fcstrisi<br \/>\n\u2022 Metalurji<br \/>\n\u2022 Ah\u015fap i\u015fleme end\u00fcstr<\/p>\n<\/div><\/div><\/div><\/div><\/div><\/div><\/div><\/div><\/div><div class=\"vc_col-sm-6 wpb_column vc_column_container animate_afr\" style=\"animation-delay:0s\"><div class=\"vc_column-inner\"><div class=\"wpb_wrapper\"><div class=\"w-image align_none\"><div class=\"w-image-h\"><img loading=\"lazy\" decoding=\"async\" width=\"1017\" height=\"1000\" src=\"https:\/\/www.erichhahn.com.tr\/wp-content\/uploads\/2024\/09\/THU-2.jpg\" class=\"attachment-full size-full\" alt=\"\" srcset=\"https:\/\/www.erichhahn.com.tr\/wp-content\/uploads\/2024\/09\/THU-2.jpg 1017w, https:\/\/www.erichhahn.com.tr\/wp-content\/uploads\/2024\/09\/THU-2-500x492.jpg 500w, https:\/\/www.erichhahn.com.tr\/wp-content\/uploads\/2024\/09\/THU-2-300x295.jpg 300w\" sizes=\"auto, (max-width: 1017px) 100vw, 1017px\" \/><\/div><\/div><\/div><\/div><\/div><\/div><\/div><\/section><section class=\"l-section wpb_row height_small\" id=\"2\"><div class=\"l-section-h i-cf\"><div class=\"g-cols vc_row type_default valign_top\"><div class=\"vc_col-sm-6 wpb_column vc_column_container animate_afl\" style=\"animation-delay:0s\"><div class=\"vc_column-inner\"><div class=\"wpb_wrapper\"><div class=\"w-tabs layout_ver navpos_left navwidth_auto title_atleft style_modern switch_click icon_chevron iconpos_right title_atleft\"><div class=\"w-tabs-list items_1\"><div class=\"w-tabs-list-h\"><a class=\"w-tabs-item active defined-active\" aria-controls=\"content-1721763276383-ba31c569-c4de\" href=\"javascript:void(0);\"><span class=\"w-tabs-item-title\">Is\u0131 Ta\u015f\u0131y\u0131c\u0131 Is\u0131tma \u00dcnitesi<\/span><\/a><\/div><\/div><div class=\"w-tabs-sections\"><div class=\"w-tabs-sections-h\"><div class=\"w-tabs-section active\" id=\"1721763276383-ba31c569-c4de\"><button class=\"w-tabs-section-header active\" aria-controls=\"content-1721763276383-ba31c569-c4de\"><div class=\"w-tabs-section-header-h\"><div class=\"w-tabs-section-title\">Is\u0131 Ta\u015f\u0131y\u0131c\u0131 Is\u0131tma \u00dcnitesi<\/div><div class=\"w-tabs-section-control\"><\/div><\/div><\/button><div class=\"w-tabs-section-content\" id=\"content-1721763276383-ba31c569-c4de\" aria-expanded=\"true\"><div class=\"w-tabs-section-content-h i-cf\"><div class=\"wpb_text_column\" ><div class=\"wpb_wrapper\"><p>\u00dcnite, kompleks ekipmanlar\u0131n\u0131n \u0131s\u0131t\u0131lmas\u0131 i\u00e7in gerekli olan \u0131s\u0131 ta\u015f\u0131y\u0131c\u0131n\u0131n teknolojik s\u00fcre\u00e7lerde \u0131s\u0131t\u0131lmas\u0131 amac\u0131yla tasarlanm\u0131\u015ft\u0131r.<br \/>\n\u2022 \u00dcnite a\u015fa\u011f\u0131daki bile\u015fenleri i\u00e7erir:<br \/>\n\u2022 Termal Ya\u011f Kazan\u0131<br \/>\n\u2022 Pompalama Ekipman\u0131<br \/>\n\u2022 Gerekli Kontrol Vanalar\u0131<\/p>\n<\/div><\/div><\/div><\/div><\/div><\/div><\/div><\/div><\/div><\/div><\/div><div class=\"vc_col-sm-6 wpb_column vc_column_container animate_afr\" style=\"animation-delay:0s\"><div class=\"vc_column-inner\"><div class=\"wpb_wrapper\"><div class=\"g-cols wpb_row  type_default valign_top vc_inner\"><div class=\"vc_col-sm-12 wpb_column vc_column_container\"><div class=\"vc_column-inner\"><div class=\"wpb_wrapper\"><div class=\"wpb_text_column\" ><div class=\"wpb_wrapper\"><h5><strong>Neden<\/strong> THU ?<\/h5>\n<p>\u2022 Anahtar teslim \u00e7\u00f6z\u00fcm<br \/>\n\u2022 Kolay kurulum ve kullan\u0131m<br \/>\n\u2022 %96\u2019dan az olmayan y\u00fcksek verimlilik ve termal verim<br \/>\n\u2022 Her t\u00fcrl\u00fc yak\u0131tla \u00e7al\u0131\u015fma olana\u011f\u0131 (do\u011fal gaz, dizel yak\u0131t, fuel oil) ve \u00e7oklu yak\u0131t br\u00fcl\u00f6r\u00fc montaj\u0131<br \/>\n\u2022 Uzun servis \u00f6mr\u00fc (kazanlar korozyona kar\u015f\u0131 dayan\u0131kl\u0131d\u0131r)<br \/>\n\u2022 Mevzuat ve standartlara uygunluk<\/p>\n<\/div><\/div><\/div><\/div><\/div><\/div><\/div><\/div><\/div><\/div><\/div><\/section><section class=\"l-section wpb_row height_custom\"><div class=\"l-section-h i-cf\"><div class=\"g-cols vc_row type_default valign_top\"><div class=\"vc_col-sm-12 wpb_column vc_column_container animate_afl\" style=\"animation-delay:0s\"><div class=\"vc_column-inner\"><div class=\"wpb_wrapper\"><div class=\"w-tabs layout_hor style_default switch_click icon_chevron iconpos_right title_atleft\"><div class=\"w-tabs-list hidden items_2\"><div class=\"w-tabs-list-h\"><a class=\"w-tabs-item active\" aria-controls=\"content-1721775023786-52b19121-3528\" href=\"javascript:void(0);\"><span class=\"w-tabs-item-title\">K\u0131zg\u0131n Ya\u011f Is\u0131tma \u00dcnitesi | THU<\/span><\/a><a class=\"w-tabs-item with_icon\" aria-controls=\"content-1721775361044-deb1abb2-5c37\" href=\"javascript:void(0);\"><i class=\"fad fa-cogs\"><\/i><span class=\"w-tabs-item-title\">Teknik \u00d6zellikler<\/span><\/a><\/div><\/div><div class=\"w-tabs-sections\"><div class=\"w-tabs-sections-h\"><div class=\"w-tabs-section active\" id=\"1721775023786-52b19121-3528\"><button class=\"w-tabs-section-header active\" aria-controls=\"content-1721775023786-52b19121-3528\"><div class=\"w-tabs-section-header-h\"><div class=\"w-tabs-section-title\">K\u0131zg\u0131n Ya\u011f Is\u0131tma \u00dcnitesi | THU<\/div><div class=\"w-tabs-section-control\"><\/div><\/div><\/button><div class=\"w-tabs-section-content\" id=\"content-1721775023786-52b19121-3528\" aria-expanded=\"true\"><div class=\"w-tabs-section-content-h i-cf\"><p class=\"w-itext type_typingChars align_left dynamic_bold\" onclick='return {&quot;duration&quot;:100,&quot;delay&quot;:1500,&quot;disablePartAnimation&quot;:false,&quot;dynamicColor&quot;:&quot;#0b4887&quot;,&quot;html_nbsp_char&quot;:true}'>Teknik\u00a0\u00d6zellikler\u00a0<span class=\"w-itext-part changesat_0 changesat_1 dynamic\" style=\"color:#0b4887;\" onclick='return [&quot;\\u0130nceleyin&quot;,&quot;i\\u00e7in\\u00a0Sekmeye\\u00a0T\\u0131klay\\u0131n&quot;]'><span>\u0130nceleyin<\/span><i class=\"w-itext-cursor\"><\/i><\/span><\/p><\/div><\/div><\/div><div class=\"w-tabs-section with_icon\" id=\"1721775361044-deb1abb2-5c37\"><button class=\"w-tabs-section-header\" aria-controls=\"content-1721775361044-deb1abb2-5c37\"><div class=\"w-tabs-section-header-h\"><i class=\"fad fa-cogs\"><\/i><div class=\"w-tabs-section-title\">Teknik \u00d6zellikler<\/div><div class=\"w-tabs-section-control\"><\/div><\/div><\/button><div class=\"w-tabs-section-content us_custom_18f706fa\" id=\"content-1721775361044-deb1abb2-5c37\" aria-expanded=\"false\"><div class=\"w-tabs-section-content-h i-cf\"><div class=\"wpb_text_column\" ><div class=\"wpb_wrapper\"><div id=\"footable_parent_3392\"\n         class=\" footable_parent ninja_table_wrapper loading_ninja_table wp_table_data_press_parent semantic_ui \">\n                <table data-ninja_table_instance=\"ninja_table_instance_1\" data-footable_id=\"3392\" data-filter-delay=\"1000\" aria-label=\"THU-TR - Sayfa1.csv\"            id=\"footable_3392\"\n           data-unique_identifier=\"ninja_table_unique_id_3544826780_3392\"\n           class=\" foo-table ninja_footable foo_table_3392 ninja_table_unique_id_3544826780_3392 ui table  nt_type_ajax_table fixed selectable celled striped compact  footable-paging-right ninja_table_search_disabled\">\n                <colgroup>\n                            <col class=\"ninja_column_0 \">\n                            <col class=\"ninja_column_1 \">\n                    <\/colgroup>\n            <\/table>\n    \n    \n    \n<\/div>\n\n<\/div><\/div><\/div><\/div><\/div><\/div><\/div><\/div><\/div><\/div><\/div><\/div><\/div><\/section>\n","protected":false},"excerpt":{"rendered":"K\u0131zg\u0131n Ya\u011f Is\u0131tma \u00dcnitesi | THU AnasayfaSayfalarK\u0131zg\u0131n Ya\u011f Is\u0131tma \u00dcnitesi | THU Mini terminalin \u0131s\u0131tma sisteminde termal ya\u011f\u0131n \u0131s\u0131t\u0131lmas\u0131 ve dola\u015f\u0131m\u0131n\u0131 d\u00fczenlemek i\u00e7in tasarlanm\u0131\u015ft\u0131r. \u00dcnite, termal ya\u011f kazanlar\u0131 temel al\u0131narak \u00fcretilmi\u015ftir. Kazan\u0131n i\u00e7ine bir gaz br\u00fcl\u00f6r\u00fc yerle\u015ftirilmi\u015ftir. M\u00fc\u015fteri gereksinimlerine ba\u011fl\u0131 olarak kazanlar, dizel yak\u0131t ve fuel oil dahil olmak \u00fczere her t\u00fcr yak\u0131tla \u00e7al\u0131\u015fabilir. Kazana...","protected":false},"author":1,"featured_media":0,"parent":0,"menu_order":0,"comment_status":"closed","ping_status":"closed","template":"","meta":{"footnotes":""},"class_list":["post-3186","page","type-page","status-publish","hentry"],"_links":{"self":[{"href":"https:\/\/www.erichhahn.com.tr\/tr\/wp-json\/wp\/v2\/pages\/3186","targetHints":{"allow":["GET"]}}],"collection":[{"href":"https:\/\/www.erichhahn.com.tr\/tr\/wp-json\/wp\/v2\/pages"}],"about":[{"href":"https:\/\/www.erichhahn.com.tr\/tr\/wp-json\/wp\/v2\/types\/page"}],"author":[{"embeddable":true,"href":"https:\/\/www.erichhahn.com.tr\/tr\/wp-json\/wp\/v2\/users\/1"}],"replies":[{"embeddable":true,"href":"https:\/\/www.erichhahn.com.tr\/tr\/wp-json\/wp\/v2\/comments?post=3186"}],"version-history":[{"count":7,"href":"https:\/\/www.erichhahn.com.tr\/tr\/wp-json\/wp\/v2\/pages\/3186\/revisions"}],"predecessor-version":[{"id":6555,"href":"https:\/\/www.erichhahn.com.tr\/tr\/wp-json\/wp\/v2\/pages\/3186\/revisions\/6555"}],"wp:attachment":[{"href":"https:\/\/www.erichhahn.com.tr\/tr\/wp-json\/wp\/v2\/media?parent=3186"}],"curies":[{"name":"wp","href":"https:\/\/api.w.org\/{rel}","templated":true}]}}