{"id":3233,"date":"2024-08-24T23:04:38","date_gmt":"2024-08-24T20:04:38","guid":{"rendered":"https:\/\/www.erichhahn.com.tr\/mmt-mini-terminals\/"},"modified":"2025-05-21T04:20:40","modified_gmt":"2025-05-21T01:20:40","slug":"mmt-mini-terminals","status":"publish","type":"page","link":"https:\/\/www.erichhahn.com.tr\/tr\/mmt-mini-terminals\/","title":{"rendered":"Mobil Mini Terminal | MMT"},"content":{"rendered":"<section class=\"l-section wpb_row height_auto\"><div class=\"l-section-h i-cf\"><div class=\"g-cols vc_row type_default valign_top\"><div class=\"vc_col-sm-12 wpb_column vc_column_container\"><div class=\"vc_column-inner\"><div class=\"wpb_wrapper\">\n\t\t\t<!-- START MMT REVOLUTION SLIDER 6.2.23 --><p class=\"rs-p-wp-fix\"><\/p>\n\t\t\t<rs-module-wrap id=\"rev_slider_19_1_wrapper\" data-source=\"gallery\" style=\"background:transparent;padding:0;margin:0px auto;margin-top:0;margin-bottom:0;max-width:;\">\n\t\t\t\t<rs-module id=\"rev_slider_19_1\" style=\"\" data-version=\"6.2.23\">\n\t\t\t\t\t<rs-slides>\n\t\t\t\t\t\t<rs-slide data-key=\"rs-32\" data-title=\"Erichhahn\" data-anim=\"ei:power4.inOut;eo:power4.inOut;s:2000;r:0;t:zoomin;sl:7;\" data-firstanim=\"t:fade;s:1500;sl:7;\">\n\t\t\t\t\t\t\t<img loading=\"lazy\" decoding=\"async\" src=\"\/\/www.erichhahn.com.tr\/wp-content\/uploads\/2024\/08\/MMT-Banner-2.jpg\" title=\"MMT-Banner-2\" width=\"1920\" height=\"885\" data-parallax=\"10\" data-panzoom=\"d:30000;ss:100;se:120;\" class=\"rev-slidebg\" data-no-retina>\n<!--\n\t\t\t\t\t\t\t--><rs-layer\n\t\t\t\t\t\t\t\tid=\"slider-19-slide-32-layer-1\" \n\t\t\t\t\t\t\t\tclass=\"NotGeneric-Title\"\n\t\t\t\t\t\t\t\tdata-type=\"text\"\n\t\t\t\t\t\t\t\tdata-color=\"rgba(255,255,255,1)\"\n\t\t\t\t\t\t\t\tdata-rsp_ch=\"on\"\n\t\t\t\t\t\t\t\tdata-xy=\"x:c;xo:-346px,-260px,-160px,-8px;y:m;yo:69px,135px,57px,58px;\"\n\t\t\t\t\t\t\t\tdata-text=\"s:35,34,34,31;l:39,29,36,32;ls:2px,1px,1px,1px;fw:300;\"\n\t\t\t\t\t\t\t\tdata-dim=\"w:333px,306.988px,307.997px,277.988px;h:auto,auto,auto,51.9717px;\"\n\t\t\t\t\t\t\t\tdata-padding=\"t:10;b:10;\"\n\t\t\t\t\t\t\t\tdata-frame_0=\"y:50;\"\n\t\t\t\t\t\t\t\tdata-frame_1=\"st:1530;sp:2950;sR:1530;\"\n\t\t\t\t\t\t\t\tdata-frame_999=\"y:100%;e:power2.inOut;st:w;sp:1000;sR:4520;\"\n\t\t\t\t\t\t\t\tdata-frame_999_mask=\"u:t;\"\n\t\t\t\t\t\t\t\tstyle=\"z-index:10;font-family:Roboto Condensed;\"\n\t\t\t\t\t\t\t>Mini Terminals | MMT \n\t\t\t\t\t\t\t<\/rs-layer><!--\n\n\t\t\t\t\t\t\t--><rs-layer\n\t\t\t\t\t\t\t\tid=\"slider-19-slide-32-layer-12\" \n\t\t\t\t\t\t\t\tclass=\"tp-shape tp-shapewrapper\"\n\t\t\t\t\t\t\t\tdata-type=\"shape\"\n\t\t\t\t\t\t\t\tdata-rsp_ch=\"on\"\n\t\t\t\t\t\t\t\tdata-xy=\"x:c;xo:-509px,-442px,-365px,-416px;y:m;yo:67px,135px,58px,58px;\"\n\t\t\t\t\t\t\t\tdata-text=\"fw:800;\"\n\t\t\t\t\t\t\t\tdata-dim=\"w:872px,872px,872px,1258px;h:88px,85px,85px,79px;\"\n\t\t\t\t\t\t\t\tdata-border=\"bor:0px,15px,15px,50px;\"\n\t\t\t\t\t\t\t\tdata-frame_0=\"y:-100%;o:1;\"\n\t\t\t\t\t\t\t\tdata-frame_0_mask=\"u:t;\"\n\t\t\t\t\t\t\t\tdata-frame_1=\"e:power4.inOut;st:1050;sp:2450;sR:1050;\"\n\t\t\t\t\t\t\t\tdata-frame_1_mask=\"u:t;\"\n\t\t\t\t\t\t\t\tdata-frame_999=\"y:100%;e:power2.inOut;st:w;sp:1000;sR:5500;\"\n\t\t\t\t\t\t\t\tdata-frame_999_mask=\"u:t;\"\n\t\t\t\t\t\t\t\tstyle=\"z-index:9;background-color:rgba(0,55,112,0.97);\"\n\t\t\t\t\t\t\t> \n\t\t\t\t\t\t\t<\/rs-layer><!--\n-->\t\t\t\t\t\t<\/rs-slide>\n\t\t\t\t\t<\/rs-slides>\n\t\t\t\t<\/rs-module>\n\t\t\t\t<script type=\"text\/javascript\">\n\t\t\t\t\tsetREVStartSize({c: 'rev_slider_19_1',rl:[1240,1024,778,480],el:[524.984,525,500,399.985],gw:[1240,1024,778,480],gh:[525,525,500,400],type:'standard',justify:'',layout:'fullwidth',mh:\"0\"});\n\t\t\t\t\tvar\trevapi19,\n\t\t\t\t\t\ttpj;\n\t\t\t\t\tfunction revinit_revslider191() {\n\t\t\t\t\tjQuery(function() {\n\t\t\t\t\t\ttpj = jQuery;\n\t\t\t\t\t\trevapi19 = tpj(\"#rev_slider_19_1\");\n\t\t\t\t\t\tif(revapi19==undefined || revapi19.revolution == undefined){\n\t\t\t\t\t\t\trevslider_showDoubleJqueryError(\"rev_slider_19_1\");\n\t\t\t\t\t\t}else{\n\t\t\t\t\t\t\trevapi19.revolution({\n\t\t\t\t\t\t\t\tvisibilityLevels:\"1240,1024,778,480\",\n\t\t\t\t\t\t\t\tgridwidth:\"1240,1024,778,480\",\n\t\t\t\t\t\t\t\tgridheight:\"525,525,500,400\",\n\t\t\t\t\t\t\t\tperspective:600,\n\t\t\t\t\t\t\t\tperspectiveType:\"local\",\n\t\t\t\t\t\t\t\teditorheight:\"524.984,525,500,399.985\",\n\t\t\t\t\t\t\t\tresponsiveLevels:\"1240,1024,778,480\",\n\t\t\t\t\t\t\t\tprogressBar:{disableProgressBar:true},\n\t\t\t\t\t\t\t\tnavigation: {\n\t\t\t\t\t\t\t\t\tkeyboardNavigation:true,\n\t\t\t\t\t\t\t\t\tmouseScrollNavigation:false,\n\t\t\t\t\t\t\t\t\tonHoverStop:false,\n\t\t\t\t\t\t\t\t\ttouch: {\n\t\t\t\t\t\t\t\t\t\ttouchenabled:true\n\t\t\t\t\t\t\t\t\t}\n\t\t\t\t\t\t\t\t},\n\t\t\t\t\t\t\t\tparallax: {\n\t\t\t\t\t\t\t\t\tlevels:[2,3,4,5,6,7,12,16,10,50,47,48,49,50,51,30],\n\t\t\t\t\t\t\t\t\ttype:\"mouse\",\n\t\t\t\t\t\t\t\t\torigo:\"slidercenter\",\n\t\t\t\t\t\t\t\t\tspeed:2000\n\t\t\t\t\t\t\t\t},\n\t\t\t\t\t\t\t\tviewPort: {\n\t\t\t\t\t\t\t\t\tenable:true,\n\t\t\t\t\t\t\t\t\toutof:\"pause\",\n\t\t\t\t\t\t\t\t\tvisible_area:\"20%\"\n\t\t\t\t\t\t\t\t},\n\t\t\t\t\t\t\t\tfallbacks: {\n\t\t\t\t\t\t\t\t\tallowHTML5AutoPlayOnAndroid:true\n\t\t\t\t\t\t\t\t},\n\t\t\t\t\t\t\t});\n\t\t\t\t\t\t}\n\t\t\t\t\t\t\n\t\t\t\t\t});\n\t\t\t\t\t} \/\/ End of RevInitScript\n\t\t\t\tvar once_revslider191 = false;\n\t\t\t\tif (document.readyState === \"loading\") {document.addEventListener('readystatechange',function() { if((document.readyState === \"interactive\" || document.readyState === \"complete\") && !once_revslider191 ) { once_revslider191 = true; revinit_revslider191();}});} else {once_revslider191 = true; revinit_revslider191();}\n\t\t\t\t<\/script>\n\t\t\t<\/rs-module-wrap>\n\t\t\t<!-- END REVOLUTION SLIDER -->\n<\/div><\/div><\/div><\/div><\/div><\/section><section class=\"l-section wpb_row height_small\"><div class=\"l-section-h i-cf\"><div class=\"g-cols vc_row type_default valign_top\"><div class=\"vc_col-sm-12 wpb_column vc_column_container animate_afl\" style=\"animation-delay:0s\"><div class=\"vc_column-inner\"><div class=\"wpb_wrapper\"><ol class=\"g-breadcrumbs separator_icon align_left\" itemscope itemtype=\"http:\/\/schema.org\/BreadcrumbList\"><li class=\"g-breadcrumbs-item\" itemprop=\"itemListElement\" itemscope itemtype=\"http:\/\/schema.org\/ListItem\"><a itemprop=\"item\" href=\"https:\/\/www.erichhahn.com.tr\/tr\/\"><span itemprop=\"name\">Proje \u00c7\u00f6z\u00fcmleri<\/span><\/a><meta itemprop=\"position\" content=\"1\"\/><\/li><li class=\"g-breadcrumbs-separator\"><i class=\"far fa-angle-right\"><\/i><\/li><li class=\"g-breadcrumbs-item\">Sayfalar<\/li><\/ol><div class=\"w-separator size_custom\" style=\"height:5px\"><\/div><div class=\"w-separator size_custom with_line width_default thick_1 style_solid color_border align_center\" style=\"height:1px\"><div class=\"w-separator-h\"><\/div><\/div><\/div><\/div><\/div><\/div><\/div><\/section><section class=\"l-section wpb_row height_small\" id=\"1\"><div class=\"l-section-h i-cf\"><div class=\"g-cols vc_row type_default valign_top\"><div class=\"vc_col-sm-8 wpb_column vc_column_container animate_afl\" style=\"animation-delay:0s\"><div class=\"vc_column-inner\"><div class=\"wpb_wrapper\"><div class=\"wpb_text_column\" ><div class=\"wpb_wrapper\"><h3>Mobil Mini Terminaller | <strong>MMT<\/strong><\/h3>\n<\/div><\/div><div class=\"w-separator size_custom\" style=\"height:4px\"><\/div><div class=\"w-image align_none animate_afl\" style=\"animation-delay:0s\"><div class=\"w-image-h\"><img loading=\"lazy\" decoding=\"async\" width=\"52\" height=\"3\" src=\"https:\/\/www.erichhahn.com.tr\/wp-content\/uploads\/2024\/04\/slash-1.jpg\" class=\"attachment-full size-full\" alt=\"\" \/><\/div><\/div><div class=\"w-separator size_small\"><\/div><div class=\"wpb_text_column\" ><div class=\"wpb_wrapper\"><p>Mobil Mini Terminaller, viskoz \u00fcr\u00fcnlerin al\u0131nmas\u0131, depolanmas\u0131 ve teslim edilmesi i\u00e7in otomatik bir sistemdir.<\/p>\n<p>Mini terminaller, ayn\u0131 anda birden fazla tanker bo\u015falt\u0131m\u0131 i\u00e7in otomatik bir istasyon, \u00fcr\u00fcnlerin depolanmas\u0131 i\u00e7in dikey tanklar, ba\u011flant\u0131 boru hatlar\u0131, vana ve reg\u00fclasyon ekipmanlar\u0131 ile otomasyon sistemleriyle donat\u0131lm\u0131\u015ft\u0131r.<\/p>\n<\/div><\/div><div class=\"g-cols wpb_row  type_default valign_top vc_inner\"><div class=\"vc_col-sm-6 wpb_column vc_column_container\"><div class=\"vc_column-inner\"><div class=\"wpb_wrapper\"><div class=\"w-separator size_medium\"><\/div><div class=\"w-video align_left ratio_16x9\"><div class=\"w-video-h\"><iframe src=\"\/\/www.youtube.com\/embed\/BfLhnVzRjOY?autoplay=0&controls=1&origin=https%3A%2F%2Fwww.erichhahn.com.tr\" allowfullscreen=\"1\"><\/iframe><\/div><div class=\"w-video-icon\" style=\"font-size:1.5rem;background:rgba(0,0,0,0.5);color:#fff;\"><\/div><\/div><\/div><\/div><\/div><div class=\"vc_col-sm-6 wpb_column vc_column_container\"><div class=\"vc_column-inner\"><div class=\"wpb_wrapper\"><div class=\"w-separator size_medium\"><\/div><div class=\"wpb_text_column\" ><div class=\"wpb_wrapper\"><h5>ErichHahn MMT <b>Avantajlar\u0131<\/b><\/h5>\n<p>K\u00fc\u00e7\u00fck, mod\u00fcler, pratik ve kusursuz \u00e7al\u0131\u015f\u0131r.<\/p>\n<\/div><\/div><\/div><\/div><\/div><\/div><\/div><\/div><\/div><div class=\"vc_col-sm-4 wpb_column vc_column_container animate_afr\" style=\"animation-delay:0s\"><div class=\"vc_column-inner\"><div class=\"wpb_wrapper\"><div class='ult_hotspot_container ult-adjust-bottom-margin ult-hotspot-tooltip-wrapper ' style=>  <img class='ult_hotspot_image' src=https:\/\/www.erichhahn.com.tr\/wp-content\/uploads\/2024\/08\/MMTank.jpg alt='null'\/>     <div class='utl-hotspot-items ult-hotspot-item'><div class='ult-hotspot-item  ' style='top:-webkit-calc(44.18966397372159% - 12.5px);top:-moz-calc(44.18966397372159% - 12.5px);top:calc(44.18966397372159% - 12.5px);left: -webkit-calc(36.97261962890625% - 12.5px);left: -moz-calc(36.97261962890625% - 12.5px);left: calc(36.97261962890625% - 12.5px);' >  <div style='z-index: 39;position: relative;'>   <a data-link_style='tootip' data-mycust-id=\"hotspot-tooltip-6592\"  data-ultimate-target='#hotspot-tooltip-6592 .ult-tooltipster-content'  data-responsive-json-new='{\"font-size\":\"\",\"line-height\":\"\"}' data-tooltip-content-style=\"width:150px;\"data-tooltip-base-style=\"background-color:rgba(255,255,255,0.01);color:#0b4887;\" data-bubble-arrow=\"true\" data-tooltip-offsety=\"12.5\"data-arrowposition=\"left\" class='ult-tooltipstered ult-hotspot-tooltip' href='#' data-status='show'><div class=\"ult-just-icon-wrapper  \"><div class=\"align-icon\" style=\"text-align:center;\">\n<div class=\"aio-icon  \"  style=\"color:#0b4887;font-size:25px;display:inline-block;\">\n\t<i class=\"Defaults-info-circle\"><\/i>\n<\/div><\/div><\/div><span class='hotspot-tooltip-content'>\n&lt;p style=&#039;text-align: right;&#039;&gt;\u00dcr\u00fcn&lt;br \/&gt;\nDepolama&lt;br \/&gt;\nTanklar\u0131&lt;\/p&gt;\n&lt;p&gt;<\/span>  <\/a> <\/div><!-- ICON WRAP --> <div class='ult-glow' style=background-color:rgba(101,164,230,0.5);><\/div><\/div><div class='ult-hotspot-item  ' style='top:-webkit-calc(79.98660833185369% - 12.5px);top:-moz-calc(79.98660833185369% - 12.5px);top:calc(79.98660833185369% - 12.5px);left: -webkit-calc(22.17440185546875% - 12.5px);left: -moz-calc(22.17440185546875% - 12.5px);left: calc(22.17440185546875% - 12.5px);' >  <div style='z-index: 39;position: relative;'>   <a data-link_style='tootip' data-mycust-id=\"hotspot-tooltip-2468\"  data-ultimate-target='#hotspot-tooltip-2468 .ult-tooltipster-content'  data-responsive-json-new='{\"font-size\":\"\",\"line-height\":\"\"}' data-tooltip-content-style=\"width:150px;\"data-tooltip-base-style=\"background-color:rgba(255,255,255,0.01);color:#0b4887;\" data-bubble-arrow=\"true\" data-tooltip-offsety=\"12.5\"data-arrowposition=\"left\" class='ult-tooltipstered ult-hotspot-tooltip' href='#' data-status='show'><div class=\"ult-just-icon-wrapper  \"><div class=\"align-icon\" style=\"text-align:center;\">\n<div class=\"aio-icon  \"  style=\"color:#0b4887;font-size:25px;display:inline-block;\">\n\t<i class=\"Defaults-info-circle\"><\/i>\n<\/div><\/div><\/div><span class='hotspot-tooltip-content'>&lt;\/p&gt;\n&lt;p style=&#039;text-align: right;&#039;&gt;&lt;span style=&#039;color: #0a437d;&#039;&gt;Ba\u011flant\u0131&lt;br \/&gt;\nBoru Hatlar\u0131&lt;\/span&gt;&lt;\/p&gt;\n&lt;p&gt;<\/span>  <\/a> <\/div><!-- ICON WRAP --> <div class='ult-glow' style=background-color:rgba(101,164,230,0.5);><\/div><\/div><div class='ult-hotspot-item  ' style='top:-webkit-calc(70.56534368341619% - 12.5px);top:-moz-calc(70.56534368341619% - 12.5px);top:calc(70.56534368341619% - 12.5px);left: -webkit-calc(64.78140258789062% - 12.5px);left: -moz-calc(64.78140258789062% - 12.5px);left: calc(64.78140258789062% - 12.5px);' >  <div style='z-index: 39;position: relative;'>   <a data-link_style='tootip' data-mycust-id=\"hotspot-tooltip-5336\"  data-ultimate-target='#hotspot-tooltip-5336 .ult-tooltipster-content'  data-responsive-json-new='{\"font-size\":\"\",\"line-height\":\"\"}' data-tooltip-content-style=\"width:150px;\"data-tooltip-base-style=\"background-color:rgba(255,255,255,0.01);color:#0b4887;\" data-bubble-arrow=\"true\" data-tooltip-offsety=\"12.5\"data-arrowposition=\"right\" class='ult-tooltipstered ult-hotspot-tooltip' href='#' data-status='show'><div class=\"ult-just-icon-wrapper  \"><div class=\"align-icon\" style=\"text-align:center;\">\n<div class=\"aio-icon  \"  style=\"color:#0b4887;font-size:25px;display:inline-block;\">\n\t<i class=\"Defaults-info-circle\"><\/i>\n<\/div><\/div><\/div><span class='hotspot-tooltip-content'>&lt;\/p&gt;\n&lt;p style=&#039;text-align: left;&#039;&gt;&lt;span style=&#039;color: #0a437d;&#039;&gt;\u00dcr\u00fcn \u00c7\u0131k\u0131\u015f&lt;br \/&gt;\nPompa \u0130stasyonu&lt;br \/&gt;\n&lt;\/span&gt;&lt;\/p&gt;\n&lt;p&gt;<\/span>  <\/a> <\/div><!-- ICON WRAP --> <div class='ult-glow' style=background-color:rgba(101,164,230,0.5);><\/div><\/div><div class='ult-hotspot-item  ' style='top:-webkit-calc(93.82603003761986% - 12.5px);top:-moz-calc(93.82603003761986% - 12.5px);top:calc(93.82603003761986% - 12.5px);left: -webkit-calc(28.77261962890625% - 12.5px);left: -moz-calc(28.77261962890625% - 12.5px);left: calc(28.77261962890625% - 12.5px);' >  <div style='z-index: 39;position: relative;'>   <a data-link_style='tootip' data-mycust-id=\"hotspot-tooltip-7058\"  data-ultimate-target='#hotspot-tooltip-7058 .ult-tooltipster-content'  data-responsive-json-new='{\"font-size\":\"\",\"line-height\":\"\"}' data-tooltip-content-style=\"width:150px;\"data-tooltip-base-style=\"background-color:rgba(255,255,255,0.01);color:#0b4887;\" data-bubble-arrow=\"true\" data-tooltip-offsety=\"12.5\"data-arrowposition=\"left\" class='ult-tooltipstered ult-hotspot-tooltip' href='#' data-status='show'><div class=\"ult-just-icon-wrapper  \"><div class=\"align-icon\" style=\"text-align:center;\">\n<div class=\"aio-icon  \"  style=\"color:#0b4887;font-size:25px;display:inline-block;\">\n\t<i class=\"Defaults-info-circle\"><\/i>\n<\/div><\/div><\/div><span class='hotspot-tooltip-content'>&lt;\/p&gt;\n&lt;p style=&#039;text-align: right;&#039;&gt;&lt;span style=&#039;color: #0a437d;&#039;&gt;Tanker&lt;br \/&gt;\nBo\u015faltma&lt;br \/&gt;\n\u0130stasyonu&lt;\/span&gt;&lt;\/p&gt;\n&lt;p&gt;<\/span>  <\/a> <\/div><!-- ICON WRAP --> <div class='ult-glow' style=background-color:rgba(101,164,230,0.5);><\/div><\/div>\n<\/div>     <div style='color:#000;' data-image='    '><\/div><\/div><\/div><\/div><\/div><\/div><\/div><\/section><section class=\"l-section wpb_row height_small\" id=\"2\"><div class=\"l-section-h i-cf\"><div class=\"g-cols vc_row type_default valign_top\"><div class=\"vc_col-sm-6 wpb_column vc_column_container animate_afl\" style=\"animation-delay:0s\"><div class=\"vc_column-inner\"><div class=\"wpb_wrapper\"><div class=\"w-tabs layout_ver navpos_left navwidth_auto title_atleft style_modern switch_click icon_chevron iconpos_right title_atleft\"><div class=\"w-tabs-list items_1\"><div class=\"w-tabs-list-h\"><a class=\"w-tabs-item active defined-active\" aria-controls=\"content-1721763276383-ba31c569-c4de\" href=\"javascript:void(0);\"><span class=\"w-tabs-item-title\">Yap\u0131<\/span><\/a><\/div><\/div><div class=\"w-tabs-sections\"><div class=\"w-tabs-sections-h\"><div class=\"w-tabs-section active\" id=\"1721763276383-ba31c569-c4de\"><button class=\"w-tabs-section-header active\" aria-controls=\"content-1721763276383-ba31c569-c4de\"><div class=\"w-tabs-section-header-h\"><div class=\"w-tabs-section-title\">Yap\u0131<\/div><div class=\"w-tabs-section-control\"><\/div><\/div><\/button><div class=\"w-tabs-section-content\" id=\"content-1721763276383-ba31c569-c4de\" aria-expanded=\"true\"><div class=\"w-tabs-section-content-h i-cf\"><div class=\"wpb_text_column\" ><div class=\"wpb_wrapper\"><p>\u2022 Ayn\u0131 anda birden fazla tanker bo\u015faltma istasyonu<br \/>\n\u2022 \u00dcr\u00fcn depolama i\u00e7in dikey tanklar<br \/>\n\u2022 \u00dcr\u00fcn teslimi i\u00e7in pompa istasyonu<br \/>\n\u2022 Ba\u011flant\u0131 boru hatlar\u0131<\/p>\n<\/div><\/div><\/div><\/div><\/div><\/div><\/div><\/div><\/div><\/div><\/div><div class=\"vc_col-sm-6 wpb_column vc_column_container animate_afr\" style=\"animation-delay:0s\"><div class=\"vc_column-inner\"><div class=\"wpb_wrapper\"><div class=\"g-cols wpb_row  type_default valign_top vc_inner\"><div class=\"vc_col-sm-6 wpb_column vc_column_container\"><div class=\"vc_column-inner\"><div class=\"wpb_wrapper\"><div class=\"wpb_text_column\" ><div class=\"wpb_wrapper\"><h5>Mobil Mini Terminallerin <strong><br \/>\nKullan\u0131m Alanlar\u0131<\/strong><\/h5>\n<p>Fabrikalar, petrol, gaz, kimya, g\u0131da ve di\u011fer end\u00fcstri sekt\u00f6rlerinde kullan\u0131l\u0131r.<\/p>\n<\/div><\/div><\/div><\/div><\/div><div class=\"vc_col-sm-6 wpb_column vc_column_container\"><div class=\"vc_column-inner\"><div class=\"wpb_wrapper\"><div class=\"wpb_text_column\" ><div class=\"wpb_wrapper\"><h5><strong>Di\u011fer<\/strong> Terminaller ve Proses<\/h5>\n<\/div><\/div><div class=\"w-separator size_small\"><\/div>[vc_wp_custommenu nav_menu=&#8221;8&#8243;]<\/div><\/div><\/div><\/div><\/div><\/div><\/div><\/div><\/div><\/section><section class=\"l-section wpb_row height_custom\"><div class=\"l-section-h i-cf\"><div class=\"g-cols vc_row type_default valign_top\"><div class=\"vc_col-sm-12 wpb_column vc_column_container animate_afl\" style=\"animation-delay:0s\"><div class=\"vc_column-inner\"><div class=\"wpb_wrapper\"><div class=\"w-tabs layout_hor style_default switch_click icon_chevron iconpos_right title_atleft\"><div class=\"w-tabs-list hidden items_2\"><div class=\"w-tabs-list-h\"><a class=\"w-tabs-item active\" aria-controls=\"content-1721775023786-52b19121-3528\" href=\"javascript:void(0);\"><span class=\"w-tabs-item-title\">Mobil Mini Terminaller | MMT<\/span><\/a><a class=\"w-tabs-item with_icon\" aria-controls=\"content-1721775361044-deb1abb2-5c37\" href=\"javascript:void(0);\"><i class=\"fad fa-cogs\"><\/i><span class=\"w-tabs-item-title\">Teknik \u00d6zellikler<\/span><\/a><\/div><\/div><div class=\"w-tabs-sections\"><div class=\"w-tabs-sections-h\"><div class=\"w-tabs-section active\" id=\"1721775023786-52b19121-3528\"><button class=\"w-tabs-section-header active\" aria-controls=\"content-1721775023786-52b19121-3528\"><div class=\"w-tabs-section-header-h\"><div class=\"w-tabs-section-title\">Mobil Mini Terminaller | MMT<\/div><div class=\"w-tabs-section-control\"><\/div><\/div><\/button><div class=\"w-tabs-section-content\" id=\"content-1721775023786-52b19121-3528\" aria-expanded=\"true\"><div class=\"w-tabs-section-content-h i-cf\"><p class=\"w-itext type_typingChars align_left dynamic_bold\" onclick='return {&quot;duration&quot;:100,&quot;delay&quot;:1500,&quot;disablePartAnimation&quot;:false,&quot;dynamicColor&quot;:&quot;#0b4887&quot;,&quot;html_nbsp_char&quot;:true}'><span class=\"w-itext-part changesat_0 changesat_1 dynamic\" style=\"color:#0b4887;\" onclick='return [&quot;Teknik\\u00a0\\u00d6zellikleri\\u00a0\\u0130nceleyin&quot;,&quot;Detaylar\\u00a0i\\u00e7in\\u00a0Sekmeye\\u00a0T\\u0131klay\\u0131n!&quot;]'><span>Teknik&nbsp;&Ouml;zellikleri&nbsp;\u0130nceleyin<\/span><i class=\"w-itext-cursor\"><\/i><\/span><\/p><\/div><\/div><\/div><div class=\"w-tabs-section with_icon\" id=\"1721775361044-deb1abb2-5c37\"><button class=\"w-tabs-section-header\" aria-controls=\"content-1721775361044-deb1abb2-5c37\"><div class=\"w-tabs-section-header-h\"><i class=\"fad fa-cogs\"><\/i><div class=\"w-tabs-section-title\">Teknik \u00d6zellikler<\/div><div class=\"w-tabs-section-control\"><\/div><\/div><\/button><div class=\"w-tabs-section-content us_custom_18f706fa\" id=\"content-1721775361044-deb1abb2-5c37\" aria-expanded=\"false\"><div class=\"w-tabs-section-content-h i-cf\"><div class=\"wpb_text_column\" ><div class=\"wpb_wrapper\"><div id=\"footable_parent_3832\"\n         class=\" footable_parent ninja_table_wrapper loading_ninja_table wp_table_data_press_parent semantic_ui \">\n                <table data-ninja_table_instance=\"ninja_table_instance_1\" data-footable_id=\"3832\" data-filter-delay=\"1000\" aria-label=\"MMT-TUR - Sayfa1.csv\"            id=\"footable_3832\"\n           data-unique_identifier=\"ninja_table_unique_id_3331467394_3832\"\n           class=\" foo-table ninja_footable foo_table_3832 ninja_table_unique_id_3331467394_3832 ui table  nt_type_ajax_table fixed selectable celled striped compact  footable-paging-right ninja_table_search_disabled\">\n                <colgroup>\n                            <col class=\"ninja_column_0 \">\n                            <col class=\"ninja_column_1 \">\n                    <\/colgroup>\n            <\/table>\n    \n    \n    \n<\/div>\n\n<\/div><\/div><\/div><\/div><\/div><\/div><\/div><\/div><\/div><\/div><\/div><\/div><\/div><\/section>\n","protected":false},"excerpt":{"rendered":"Mini Terminals | MMT Proje \u00c7\u00f6z\u00fcmleriSayfalarMobil Mini Terminaller | MMT Mobil Mini Terminaller, viskoz \u00fcr\u00fcnlerin al\u0131nmas\u0131, depolanmas\u0131 ve teslim edilmesi i\u00e7in otomatik bir sistemdir. Mini terminaller, ayn\u0131 anda birden fazla tanker bo\u015falt\u0131m\u0131 i\u00e7in otomatik bir istasyon, \u00fcr\u00fcnlerin depolanmas\u0131 i\u00e7in dikey tanklar, ba\u011flant\u0131 boru hatlar\u0131, vana ve reg\u00fclasyon ekipmanlar\u0131 ile otomasyon sistemleriyle donat\u0131lm\u0131\u015ft\u0131r. ErichHahn MMT Avantajlar\u0131...","protected":false},"author":1,"featured_media":0,"parent":0,"menu_order":0,"comment_status":"closed","ping_status":"closed","template":"","meta":{"footnotes":""},"class_list":["post-3233","page","type-page","status-publish","hentry"],"_links":{"self":[{"href":"https:\/\/www.erichhahn.com.tr\/tr\/wp-json\/wp\/v2\/pages\/3233","targetHints":{"allow":["GET"]}}],"collection":[{"href":"https:\/\/www.erichhahn.com.tr\/tr\/wp-json\/wp\/v2\/pages"}],"about":[{"href":"https:\/\/www.erichhahn.com.tr\/tr\/wp-json\/wp\/v2\/types\/page"}],"author":[{"embeddable":true,"href":"https:\/\/www.erichhahn.com.tr\/tr\/wp-json\/wp\/v2\/users\/1"}],"replies":[{"embeddable":true,"href":"https:\/\/www.erichhahn.com.tr\/tr\/wp-json\/wp\/v2\/comments?post=3233"}],"version-history":[{"count":10,"href":"https:\/\/www.erichhahn.com.tr\/tr\/wp-json\/wp\/v2\/pages\/3233\/revisions"}],"predecessor-version":[{"id":4490,"href":"https:\/\/www.erichhahn.com.tr\/tr\/wp-json\/wp\/v2\/pages\/3233\/revisions\/4490"}],"wp:attachment":[{"href":"https:\/\/www.erichhahn.com.tr\/tr\/wp-json\/wp\/v2\/media?parent=3233"}],"curies":[{"name":"wp","href":"https:\/\/api.w.org\/{rel}","templated":true}]}}