{"id":3239,"date":"2024-09-15T04:28:14","date_gmt":"2024-09-15T01:28:14","guid":{"rendered":"https:\/\/www.erichhahn.com.tr\/bmt-bitumen-mini-terminals\/"},"modified":"2025-05-28T14:47:02","modified_gmt":"2025-05-28T11:47:02","slug":"bitum-mini-terminali-bmt","status":"publish","type":"page","link":"https:\/\/www.erichhahn.com.tr\/tr\/bitum-mini-terminali-bmt\/","title":{"rendered":"Bit\u00fcm Mini Terminali | BMT"},"content":{"rendered":"<section class=\"l-section wpb_row height_auto\"><div class=\"l-section-h i-cf\"><div class=\"g-cols vc_row type_default valign_top\"><div class=\"vc_col-sm-12 wpb_column vc_column_container\"><div class=\"vc_column-inner\"><div class=\"wpb_wrapper\">\n\t\t\t<!-- START BMT REVOLUTION SLIDER 6.2.23 --><p class=\"rs-p-wp-fix\"><\/p>\n\t\t\t<rs-module-wrap id=\"rev_slider_35_1_wrapper\" data-source=\"gallery\" style=\"background:transparent;padding:0;margin:0px auto;margin-top:0;margin-bottom:0;max-width:;\">\n\t\t\t\t<rs-module id=\"rev_slider_35_1\" style=\"\" data-version=\"6.2.23\">\n\t\t\t\t\t<rs-slides>\n\t\t\t\t\t\t<rs-slide data-key=\"rs-48\" data-title=\"Erichhahn\" data-anim=\"ei:power4.inOut;eo:power4.inOut;s:2000;r:0;t:zoomin;sl:7;\" data-firstanim=\"t:fade;s:1500;sl:7;\">\n\t\t\t\t\t\t\t<img loading=\"lazy\" decoding=\"async\" src=\"\/\/www.erichhahn.com.tr\/wp-content\/uploads\/2024\/09\/BMT-2.jpg\" title=\"BMT-2\" width=\"1920\" height=\"885\" data-parallax=\"10\" data-panzoom=\"d:30000;ss:100;se:120;\" class=\"rev-slidebg\" data-no-retina>\n<!--\n\t\t\t\t\t\t\t--><rs-layer\n\t\t\t\t\t\t\t\tid=\"slider-35-slide-48-layer-1\" \n\t\t\t\t\t\t\t\tclass=\"NotGeneric-Title\"\n\t\t\t\t\t\t\t\tdata-type=\"text\"\n\t\t\t\t\t\t\t\tdata-color=\"rgba(255,255,255,1)\"\n\t\t\t\t\t\t\t\tdata-rsp_ch=\"on\"\n\t\t\t\t\t\t\t\tdata-xy=\"x:c;xo:-346px,-256px,-158px,-8px;y:m;yo:69px,135px,59px,59px;\"\n\t\t\t\t\t\t\t\tdata-text=\"s:30,30,27,26;l:30,29,27,26;ls:1px;fw:300;\"\n\t\t\t\t\t\t\t\tdata-dim=\"w:374.526px,370.991px,337.994px,324.994px;h:auto,auto,43.997px,auto;\"\n\t\t\t\t\t\t\t\tdata-padding=\"t:10;b:10;\"\n\t\t\t\t\t\t\t\tdata-frame_0=\"y:50;\"\n\t\t\t\t\t\t\t\tdata-frame_1=\"st:1530;sp:2950;sR:1530;\"\n\t\t\t\t\t\t\t\tdata-frame_999=\"y:100%;e:power2.inOut;st:w;sp:1000;sR:4520;\"\n\t\t\t\t\t\t\t\tdata-frame_999_mask=\"u:t;\"\n\t\t\t\t\t\t\t\tstyle=\"z-index:10;font-family:Roboto Condensed;\"\n\t\t\t\t\t\t\t>Bitumen Mini -Terminal | BMT \n\t\t\t\t\t\t\t<\/rs-layer><!--\n\n\t\t\t\t\t\t\t--><rs-layer\n\t\t\t\t\t\t\t\tid=\"slider-35-slide-48-layer-12\" \n\t\t\t\t\t\t\t\tclass=\"tp-shape tp-shapewrapper\"\n\t\t\t\t\t\t\t\tdata-type=\"shape\"\n\t\t\t\t\t\t\t\tdata-rsp_ch=\"on\"\n\t\t\t\t\t\t\t\tdata-xy=\"x:c;xo:-509px,-442px,-365px,-416px;y:m;yo:67px,135px,58px,58px;\"\n\t\t\t\t\t\t\t\tdata-text=\"fw:800;\"\n\t\t\t\t\t\t\t\tdata-dim=\"w:872px,872px,872px,1258px;h:88px,85px,85px,79px;\"\n\t\t\t\t\t\t\t\tdata-border=\"bor:0px,15px,15px,50px;\"\n\t\t\t\t\t\t\t\tdata-frame_0=\"y:-100%;o:1;\"\n\t\t\t\t\t\t\t\tdata-frame_0_mask=\"u:t;\"\n\t\t\t\t\t\t\t\tdata-frame_1=\"e:power4.inOut;st:1050;sp:2450;sR:1050;\"\n\t\t\t\t\t\t\t\tdata-frame_1_mask=\"u:t;\"\n\t\t\t\t\t\t\t\tdata-frame_999=\"y:100%;e:power2.inOut;st:w;sp:1000;sR:5500;\"\n\t\t\t\t\t\t\t\tdata-frame_999_mask=\"u:t;\"\n\t\t\t\t\t\t\t\tstyle=\"z-index:9;background-color:rgba(0,55,112,0.95);\"\n\t\t\t\t\t\t\t> \n\t\t\t\t\t\t\t<\/rs-layer><!--\n-->\t\t\t\t\t\t<\/rs-slide>\n\t\t\t\t\t<\/rs-slides>\n\t\t\t\t<\/rs-module>\n\t\t\t\t<script type=\"text\/javascript\">\n\t\t\t\t\tsetREVStartSize({c: 'rev_slider_35_1',rl:[1240,1024,778,480],el:[524.984,525,500,399.985],gw:[1240,1024,778,480],gh:[525,525,500,400],type:'standard',justify:'',layout:'fullwidth',mh:\"0\"});\n\t\t\t\t\tvar\trevapi35,\n\t\t\t\t\t\ttpj;\n\t\t\t\t\tfunction revinit_revslider351() {\n\t\t\t\t\tjQuery(function() {\n\t\t\t\t\t\ttpj = jQuery;\n\t\t\t\t\t\trevapi35 = tpj(\"#rev_slider_35_1\");\n\t\t\t\t\t\tif(revapi35==undefined || revapi35.revolution == undefined){\n\t\t\t\t\t\t\trevslider_showDoubleJqueryError(\"rev_slider_35_1\");\n\t\t\t\t\t\t}else{\n\t\t\t\t\t\t\trevapi35.revolution({\n\t\t\t\t\t\t\t\tvisibilityLevels:\"1240,1024,778,480\",\n\t\t\t\t\t\t\t\tgridwidth:\"1240,1024,778,480\",\n\t\t\t\t\t\t\t\tgridheight:\"525,525,500,400\",\n\t\t\t\t\t\t\t\tperspective:600,\n\t\t\t\t\t\t\t\tperspectiveType:\"local\",\n\t\t\t\t\t\t\t\teditorheight:\"524.984,525,500,399.985\",\n\t\t\t\t\t\t\t\tresponsiveLevels:\"1240,1024,778,480\",\n\t\t\t\t\t\t\t\tprogressBar:{disableProgressBar:true},\n\t\t\t\t\t\t\t\tnavigation: {\n\t\t\t\t\t\t\t\t\tkeyboardNavigation:true,\n\t\t\t\t\t\t\t\t\tmouseScrollNavigation:false,\n\t\t\t\t\t\t\t\t\tonHoverStop:false,\n\t\t\t\t\t\t\t\t\ttouch: {\n\t\t\t\t\t\t\t\t\t\ttouchenabled:true\n\t\t\t\t\t\t\t\t\t}\n\t\t\t\t\t\t\t\t},\n\t\t\t\t\t\t\t\tparallax: {\n\t\t\t\t\t\t\t\t\tlevels:[2,3,4,5,6,7,12,16,10,50,47,48,49,50,51,30],\n\t\t\t\t\t\t\t\t\ttype:\"mouse\",\n\t\t\t\t\t\t\t\t\torigo:\"slidercenter\",\n\t\t\t\t\t\t\t\t\tspeed:2000\n\t\t\t\t\t\t\t\t},\n\t\t\t\t\t\t\t\tviewPort: {\n\t\t\t\t\t\t\t\t\tenable:true,\n\t\t\t\t\t\t\t\t\toutof:\"pause\",\n\t\t\t\t\t\t\t\t\tvisible_area:\"20%\"\n\t\t\t\t\t\t\t\t},\n\t\t\t\t\t\t\t\tfallbacks: {\n\t\t\t\t\t\t\t\t\tallowHTML5AutoPlayOnAndroid:true\n\t\t\t\t\t\t\t\t},\n\t\t\t\t\t\t\t});\n\t\t\t\t\t\t}\n\t\t\t\t\t\t\n\t\t\t\t\t});\n\t\t\t\t\t} \/\/ End of RevInitScript\n\t\t\t\tvar once_revslider351 = false;\n\t\t\t\tif (document.readyState === \"loading\") {document.addEventListener('readystatechange',function() { if((document.readyState === \"interactive\" || document.readyState === \"complete\") && !once_revslider351 ) { once_revslider351 = true; revinit_revslider351();}});} else {once_revslider351 = true; revinit_revslider351();}\n\t\t\t\t<\/script>\n\t\t\t<\/rs-module-wrap>\n\t\t\t<!-- END REVOLUTION SLIDER -->\n<\/div><\/div><\/div><\/div><\/div><\/section><section class=\"l-section wpb_row height_small\"><div class=\"l-section-h i-cf\"><div class=\"g-cols vc_row type_default valign_top\"><div class=\"vc_col-sm-12 wpb_column vc_column_container animate_afl\" style=\"animation-delay:0s\"><div class=\"vc_column-inner\"><div class=\"wpb_wrapper\"><ol class=\"g-breadcrumbs separator_icon align_left\" itemscope itemtype=\"http:\/\/schema.org\/BreadcrumbList\"><li class=\"g-breadcrumbs-item\" itemprop=\"itemListElement\" itemscope itemtype=\"http:\/\/schema.org\/ListItem\"><a itemprop=\"item\" href=\"https:\/\/www.erichhahn.com.tr\/tr\/\"><span itemprop=\"name\">Proje \u00c7\u00f6z\u00fcmleri<\/span><\/a><meta itemprop=\"position\" content=\"1\"\/><\/li><li class=\"g-breadcrumbs-separator\"><i class=\"far fa-angle-right\"><\/i><\/li><li class=\"g-breadcrumbs-item\">Sayfalar<\/li><\/ol><div class=\"w-separator size_custom\" style=\"height:5px\"><\/div><div class=\"w-separator size_custom with_line width_default thick_1 style_solid color_border align_center\" style=\"height:1px\"><div class=\"w-separator-h\"><\/div><\/div><\/div><\/div><\/div><\/div><\/div><\/section><section class=\"l-section wpb_row height_small\" id=\"1\"><div class=\"l-section-h i-cf\"><div class=\"g-cols vc_row type_default valign_top\"><div class=\"vc_col-sm-6 wpb_column vc_column_container animate_afl\" style=\"animation-delay:0s\"><div class=\"vc_column-inner\"><div class=\"wpb_wrapper\"><div class=\"wpb_text_column\" ><div class=\"wpb_wrapper\"><h3>Bit\u00fcm Mini Terminali |<strong> BMT<\/strong><\/h3>\n<\/div><\/div><div class=\"w-separator size_custom\" style=\"height:4px\"><\/div><div class=\"w-image align_none animate_afl\" style=\"animation-delay:0s\"><div class=\"w-image-h\"><img loading=\"lazy\" decoding=\"async\" width=\"52\" height=\"3\" src=\"https:\/\/www.erichhahn.com.tr\/wp-content\/uploads\/2024\/04\/slash-1.jpg\" class=\"attachment-full size-full\" alt=\"\" \/><\/div><\/div><div class=\"w-separator size_small\"><\/div><div class=\"wpb_text_column\" ><div class=\"wpb_wrapper\"><p>Bitumen terminals can include mixing devices and heating systems and tanks of different sizes. Bitumen terminals can be 3 different sizes; 1000, 2000, 20000 m\u00b3.<\/p>\n<\/div><\/div><div class=\"g-cols wpb_row  type_default valign_top vc_inner\"><div class=\"vc_col-sm-6 wpb_column vc_column_container\"><div class=\"vc_column-inner\"><div class=\"wpb_wrapper\"><div class=\"w-separator size_medium\"><\/div><div class=\"w-video align_left ratio_16x9\"><div class=\"w-video-h\"><iframe src=\"\/\/www.youtube.com\/embed\/BfLhnVzRjOY?autoplay=0&controls=1&origin=https%3A%2F%2Fwww.erichhahn.com.tr\" allowfullscreen=\"1\"><\/iframe><\/div><div class=\"w-video-icon\" style=\"font-size:1.5rem;background:rgba(0,0,0,0.5);color:#fff;\"><\/div><\/div><\/div><\/div><\/div><div class=\"vc_col-sm-6 wpb_column vc_column_container\"><div class=\"vc_column-inner\"><div class=\"wpb_wrapper\"><div class=\"w-separator size_medium\"><\/div><div class=\"wpb_text_column\" ><div class=\"wpb_wrapper\"><h5>BMT <strong>Avantajlar\u0131<\/strong><\/h5>\n<p>Kullan\u0131labilir alan\u0131n b\u00fcy\u00fckl\u00fc\u011f\u00fcne ba\u011fl\u0131 olarak farkl\u0131 boyutlarda \u00fcretilebilir.<\/p>\n<\/div><\/div><\/div><\/div><\/div><\/div><\/div><\/div><\/div><div class=\"vc_col-sm-6 wpb_column vc_column_container animate_afr\" style=\"animation-delay:0s\"><div class=\"vc_column-inner\"><div class=\"wpb_wrapper\"><div class=\"w-slider style_none fit_scaledown\"><div class=\"w-slider-h\"><div class=\"royalSlider\"><div class=\"rsContent\"><a class=\"rsImg\" data-rsw=\"1956\" data-rsh=\"1364\" href=\"https:\/\/www.erichhahn.com.tr\/wp-content\/uploads\/2024\/09\/1000.jpg\"><span data-alt=\"\"><\/span><\/a><\/div><div class=\"rsContent\"><a class=\"rsImg\" data-rsw=\"1956\" data-rsh=\"1364\" href=\"https:\/\/www.erichhahn.com.tr\/wp-content\/uploads\/2024\/09\/2000.jpg\"><span data-alt=\"\"><\/span><\/a><\/div><div class=\"rsContent\"><a class=\"rsImg\" data-rsw=\"1956\" data-rsh=\"1364\" href=\"https:\/\/www.erichhahn.com.tr\/wp-content\/uploads\/2024\/09\/20000.jpg\"><span data-alt=\"\"><\/span><\/a><\/div><\/div><img loading=\"lazy\" decoding=\"async\" src=\"https:\/\/www.erichhahn.com.tr\/wp-content\/uploads\/2024\/09\/1000.jpg\" width=\"1956\" height=\"1364\" alt><\/div><div class=\"w-slider-json\" onclick='return {&quot;loop&quot;:true,&quot;fadeInLoadedSlide&quot;:false,&quot;slidesSpacing&quot;:0,&quot;imageScalePadding&quot;:0,&quot;numImagesToPreload&quot;:2,&quot;arrowsNav&quot;:true,&quot;arrowsNavAutoHide&quot;:false,&quot;transitionType&quot;:&quot;fade&quot;,&quot;transitionSpeed&quot;:300,&quot;block&quot;:{&quot;moveEffect&quot;:&quot;none&quot;,&quot;speed&quot;:300},&quot;controlNavigation&quot;:&quot;none&quot;,&quot;autoplay&quot;:{&quot;enabled&quot;:true,&quot;pauseOnHover&quot;:false,&quot;delay&quot;:3000},&quot;imageScaleMode&quot;:&quot;fit-if-smaller&quot;,&quot;autoScaleSlider&quot;:true,&quot;autoScaleSliderWidth&quot;:1956,&quot;autoScaleSliderHeight&quot;:1364,&quot;fitInViewport&quot;:false}'><\/div><\/div><\/div><\/div><\/div><\/div><\/div><\/section><section class=\"l-section wpb_row height_small\" id=\"2\"><div class=\"l-section-h i-cf\"><div class=\"g-cols vc_row type_default valign_top\"><div class=\"vc_col-sm-6 wpb_column vc_column_container animate_afl\" style=\"animation-delay:0s\"><div class=\"vc_column-inner\"><div class=\"wpb_wrapper\"><div class=\"w-tabs layout_ver navpos_left navwidth_auto title_atleft style_modern switch_click icon_chevron iconpos_right title_atleft\"><div class=\"w-tabs-list items_1\"><div class=\"w-tabs-list-h\"><a class=\"w-tabs-item active defined-active\" aria-controls=\"content-1721763276383-ba31c569-c4de\" href=\"javascript:void(0);\"><span class=\"w-tabs-item-title\">Ekipmanlar<\/span><\/a><\/div><\/div><div class=\"w-tabs-sections\"><div class=\"w-tabs-sections-h\"><div class=\"w-tabs-section active\" id=\"1721763276383-ba31c569-c4de\"><button class=\"w-tabs-section-header active\" aria-controls=\"content-1721763276383-ba31c569-c4de\"><div class=\"w-tabs-section-header-h\"><div class=\"w-tabs-section-title\">Ekipmanlar<\/div><div class=\"w-tabs-section-control\"><\/div><\/div><\/button><div class=\"w-tabs-section-content\" id=\"content-1721763276383-ba31c569-c4de\" aria-expanded=\"true\"><div class=\"w-tabs-section-content-h i-cf\"><div class=\"wpb_text_column\" ><div class=\"wpb_wrapper\"><p>\u2022 Boru demetli \u0131s\u0131 de\u011fi\u015ftiriciler<br \/>\n\u2022 Vana ve reg\u00fclasyon ekipmanlar\u0131<br \/>\n\u2022 Ba\u011flant\u0131 boru hatlar\u0131<br \/>\n\u2022 Kontrol ve \u00f6l\u00e7\u00fcm cihazlar\u0131<br \/>\n\u2022 Is\u0131 yal\u0131t\u0131m\u0131<br \/>\n\u2022 Destek \u00e7er\u00e7evesi<\/p>\n<\/div><\/div><\/div><\/div><\/div><\/div><\/div><\/div><\/div><\/div><\/div><div class=\"vc_col-sm-6 wpb_column vc_column_container animate_afr\" style=\"animation-delay:0s\"><div class=\"vc_column-inner\"><div class=\"wpb_wrapper\"><div class=\"g-cols wpb_row  type_default valign_top vc_inner\"><div class=\"vc_col-sm-6 wpb_column vc_column_container\"><div class=\"vc_column-inner\"><div class=\"wpb_wrapper\"><div class=\"wpb_text_column\" ><div class=\"wpb_wrapper\"><h5><strong>Neden<\/strong> BMT ?<\/h5>\n<p>\u2022 Mod\u00fcler tasar\u0131m<br \/>\n\u2022 Modern ekipman<br \/>\n\u2022 Y\u00fcksek standartlar<\/p>\n<\/div><\/div><\/div><\/div><\/div><div class=\"vc_col-sm-6 wpb_column vc_column_container\"><div class=\"vc_column-inner\"><div class=\"wpb_wrapper\"><div class=\"wpb_text_column\" ><div class=\"wpb_wrapper\"><h5><strong>Di\u011fer<\/strong> Terminaller ve Proses<\/h5>\n<\/div><\/div><div class=\"w-separator size_small\"><\/div>[vc_wp_custommenu nav_menu=&#8221;8&#8243;]<\/div><\/div><\/div><\/div><\/div><\/div><\/div><\/div><\/div><\/section><section class=\"l-section wpb_row height_custom\"><div class=\"l-section-h i-cf\"><div class=\"g-cols vc_row type_default valign_top\"><div class=\"vc_col-sm-12 wpb_column vc_column_container animate_afl\" style=\"animation-delay:0s\"><div class=\"vc_column-inner\"><div class=\"wpb_wrapper\"><div class=\"w-tabs layout_hor style_default switch_click icon_chevron iconpos_right title_atleft\"><div class=\"w-tabs-list hidden items_2\"><div class=\"w-tabs-list-h\"><a class=\"w-tabs-item active\" aria-controls=\"content-1721775023786-52b19121-3528\" href=\"javascript:void(0);\"><span class=\"w-tabs-item-title\">Bit\u00fcm Mini Terminal | BMT<\/span><\/a><a class=\"w-tabs-item with_icon\" aria-controls=\"content-1721775361044-deb1abb2-5c37\" href=\"javascript:void(0);\"><i class=\"fad fa-cogs\"><\/i><span class=\"w-tabs-item-title\">Teknik \u00d6zellikler<\/span><\/a><\/div><\/div><div class=\"w-tabs-sections\"><div class=\"w-tabs-sections-h\"><div class=\"w-tabs-section active\" id=\"1721775023786-52b19121-3528\"><button class=\"w-tabs-section-header active\" aria-controls=\"content-1721775023786-52b19121-3528\"><div class=\"w-tabs-section-header-h\"><div class=\"w-tabs-section-title\">Bit\u00fcm Mini Terminal | BMT<\/div><div class=\"w-tabs-section-control\"><\/div><\/div><\/button><div class=\"w-tabs-section-content\" id=\"content-1721775023786-52b19121-3528\" aria-expanded=\"true\"><div class=\"w-tabs-section-content-h i-cf\"><p class=\"w-itext type_typingChars align_left dynamic_bold\" onclick='return {&quot;duration&quot;:100,&quot;delay&quot;:1500,&quot;disablePartAnimation&quot;:false,&quot;dynamicColor&quot;:&quot;#0b4887&quot;,&quot;html_nbsp_char&quot;:true}'><span class=\"w-itext-part changesat_0 changesat_1 dynamic\" style=\"color:#0b4887;\" onclick='return [&quot;Teknik\\u00a0\\u00d6zellikleri\\u00a0\\u0130nceleyin&quot;,&quot;Detaylar\\u00a0i\\u00e7in\\u00a0Sekmeye\\u00a0T\\u0131klay\\u0131n!&quot;]'><span>Teknik&nbsp;&Ouml;zellikleri&nbsp;\u0130nceleyin<\/span><i class=\"w-itext-cursor\"><\/i><\/span><\/p><\/div><\/div><\/div><div class=\"w-tabs-section with_icon\" id=\"1721775361044-deb1abb2-5c37\"><button class=\"w-tabs-section-header\" aria-controls=\"content-1721775361044-deb1abb2-5c37\"><div class=\"w-tabs-section-header-h\"><i class=\"fad fa-cogs\"><\/i><div class=\"w-tabs-section-title\">Teknik \u00d6zellikler<\/div><div class=\"w-tabs-section-control\"><\/div><\/div><\/button><div class=\"w-tabs-section-content us_custom_08710d97\" id=\"content-1721775361044-deb1abb2-5c37\" aria-expanded=\"false\"><div class=\"w-tabs-section-content-h i-cf\"><div class=\"wpb_text_column\" ><div class=\"wpb_wrapper\"><p><span style=\"color: #333333;\">Bit\u00fcm terminali, ATU-3.01 otomatik bo\u015faltma istasyonuyla tankerlerden bit\u00fcm doldurulmas\u0131n\u0131 sa\u011flar. Bu sistem, \u00fc\u00e7 tanker i\u00e7in ayn\u0131 anda viskoz ve donan s\u0131v\u0131lar\u0131 bo\u015faltma, rezervuarlar aras\u0131nda pompalama ve \u00fcr\u00fcn\u00fc depoya veya t\u00fcketiciye aktarma i\u015flevlerini yerine getirir. \u00dcr\u00fcn, h\u0131zl\u0131 ba\u011flant\u0131l\u0131 bir metal hortum arac\u0131l\u0131\u011f\u0131yla bas\u0131n\u00e7l\u0131 ve s\u0131zd\u0131rmaz \u015fekilde bo\u015falt\u0131l\u0131r. Her b\u00f6l\u00fcmde yer alan pompa \u00fcnitesi sayesinde tankerler ba\u011f\u0131ms\u0131z olarak ayn\u0131 anda bo\u015falt\u0131labilir.<\/span><\/p>\n<p><span style=\"color: #333333;\">Otomatik y\u00f6netim sistemi, bo\u015faltma s\u00fcrecinin teknik verilerini, \u00fcr\u00fcn\u00fcn s\u0131cakl\u0131k, k\u00fctlesel ak\u0131\u015f ve i\u015flem s\u00fcresi gibi parametrelerini kaydeder ve bu verileri ar\u015fivler.<\/span><br \/>\n<span style=\"color: #333333;\">Terminal, ayn\u0131 zamanda MTL-2.01 otomatik y\u00fckleme istasyonuyla iki tanker i\u00e7in ayn\u0131 anda \u00fcstten dolum sa\u011flar. Rezervuar park\u0131ndan boru hatt\u0131 sistemiyle ta\u015f\u0131nan \u00fcr\u00fcn, tankerin \u00fcst kapa\u011f\u0131ndan doldurulur. Belirtilen \u00fcr\u00fcn a\u011f\u0131rl\u0131\u011f\u0131na ula\u015f\u0131ld\u0131\u011f\u0131nda dolum otomatik olarak durdurulur.<\/span><\/p>\n<p><span style=\"color: #333333;\">Bit\u00fcm terminali, \u0131s\u0131 ta\u015f\u0131y\u0131c\u0131y\u0131 \u0131s\u0131tmak i\u00e7in THU-1200.01 \u0131s\u0131tma blo\u011funu i\u00e7erir. Is\u0131 ta\u015f\u0131y\u0131c\u0131 olarak termal ya\u011f kullan\u0131l\u0131r. Bu blokta bir kazan, pompa ekipman\u0131 ve gerekli kontrol cihazlar\u0131 bulunur. Is\u0131 ta\u015f\u0131y\u0131c\u0131, d\u00fc\u015f\u00fck s\u0131cakl\u0131klarda bit\u00fcm\u00fcn ak\u0131\u015fkanl\u0131\u011f\u0131n\u0131 koruyarak rezervuarlar\u0131n ve tankerlerin \u0131s\u0131t\u0131lmas\u0131n\u0131 sa\u011flar. Sistem, kapal\u0131 devre bir \u0131s\u0131tma mekanizmas\u0131na sahiptir. Termal ya\u011f, kazanda hedef s\u0131cakl\u0131\u011fa kadar \u0131s\u0131t\u0131l\u0131r. Kazanda bulunan br\u00fcl\u00f6r, dizel, fuel oil, gaz veya \u00e7ok yak\u0131tl\u0131 olabilir.<\/span><\/p>\n<p><span style=\"color: #333333;\">Terminalin y\u00f6netimi, ATU-3.01 bo\u015faltma istasyonunda bulunan ve bir operat\u00f6r kontrol paneliyle donat\u0131lm\u0131\u015f bir kontrol merkezi \u00fczerinden yap\u0131l\u0131r. Terminal, bit\u00fcm\u00fcn bo\u015falt\u0131lmas\u0131 ve doldurulmas\u0131 i\u00e7in FMU-4 da\u011f\u0131t\u0131m \u00fcnitesinde yer alan debimetrelerle malzeme takibini m\u00fcmk\u00fcn k\u0131lar.<\/span><\/p>\n<p><span style=\"color: #333333;\">Viskoz s\u0131v\u0131lar\u0131n ta\u015f\u0131nmas\u0131 i\u00e7in iki HPS-55 \u00fcnitesi kullan\u0131l\u0131r. Bu \u00fcniteler, di\u015fli pompa temeline dayan\u0131r ve bir motor-red\u00fckt\u00f6r ile \u00e7al\u0131\u015ft\u0131r\u0131l\u0131r. \u00dcnite, viskoz petrol \u00fcr\u00fcnleri i\u00e7in bir giri\u015f filtresi, ya\u011f \u0131s\u0131tma ve \u0131s\u0131 yal\u0131t\u0131m sistemleriyle donat\u0131lm\u0131\u015ft\u0131r. Ekipman, kompakt \u015fekilde bir \u00e7er\u00e7eve taban\u0131na monte edilmi\u015ftir. S\u0131v\u0131lar\u0131n rezervuarlar ve bo\u015faltma\/y\u00fckleme istasyonlar\u0131 aras\u0131nda ta\u015f\u0131nmas\u0131, d\u00f6rt boru hatt\u0131 k\u00f6pr\u00fcs\u00fc \u00fczerinden yap\u0131l\u0131r.<\/span><\/p>\n<p><span style=\"color: #333333;\">Tankerler, terminal giri\u015finde yer alan ve manevra ile d\u00f6n\u00fc\u015fleri kolayla\u015ft\u0131ran bir kontrol noktas\u0131 olan &#8220;Checkpoint&#8221;ten ge\u00e7er.<\/span><\/p>\n<p>BMT-20000 bit\u00fcm terminalinin bir par\u00e7as\u0131 olarak, depolanan ve ta\u015f\u0131nan bit\u00fcm\u00fcn fiziksel ve kimyasal \u00f6zelliklerinin zaman\u0131nda analiz edilmesi i\u00e7in bir laboratuvar binas\u0131 da bulunur.<\/p>\n<\/div><\/div><\/div><\/div><\/div><\/div><\/div><\/div><\/div><\/div><\/div><\/div><\/div><\/section>\n","protected":false},"excerpt":{"rendered":"Bitumen Mini -Terminal | BMT Proje \u00c7\u00f6z\u00fcmleriSayfalarBit\u00fcm Mini Terminali | BMT Bitumen terminals can include mixing devices and heating systems and tanks of different sizes. Bitumen terminals can be 3 different sizes; 1000, 2000, 20000 m\u00b3. BMT Avantajlar\u0131 Kullan\u0131labilir alan\u0131n b\u00fcy\u00fckl\u00fc\u011f\u00fcne ba\u011fl\u0131 olarak farkl\u0131 boyutlarda \u00fcretilebilir. EkipmanlarEkipmanlar\u2022 Boru demetli \u0131s\u0131 de\u011fi\u015ftiriciler \u2022 Vana ve reg\u00fclasyon...","protected":false},"author":1,"featured_media":0,"parent":0,"menu_order":0,"comment_status":"closed","ping_status":"closed","template":"","meta":{"footnotes":""},"class_list":["post-3239","page","type-page","status-publish","hentry"],"_links":{"self":[{"href":"https:\/\/www.erichhahn.com.tr\/tr\/wp-json\/wp\/v2\/pages\/3239","targetHints":{"allow":["GET"]}}],"collection":[{"href":"https:\/\/www.erichhahn.com.tr\/tr\/wp-json\/wp\/v2\/pages"}],"about":[{"href":"https:\/\/www.erichhahn.com.tr\/tr\/wp-json\/wp\/v2\/types\/page"}],"author":[{"embeddable":true,"href":"https:\/\/www.erichhahn.com.tr\/tr\/wp-json\/wp\/v2\/users\/1"}],"replies":[{"embeddable":true,"href":"https:\/\/www.erichhahn.com.tr\/tr\/wp-json\/wp\/v2\/comments?post=3239"}],"version-history":[{"count":7,"href":"https:\/\/www.erichhahn.com.tr\/tr\/wp-json\/wp\/v2\/pages\/3239\/revisions"}],"predecessor-version":[{"id":4565,"href":"https:\/\/www.erichhahn.com.tr\/tr\/wp-json\/wp\/v2\/pages\/3239\/revisions\/4565"}],"wp:attachment":[{"href":"https:\/\/www.erichhahn.com.tr\/tr\/wp-json\/wp\/v2\/media?parent=3239"}],"curies":[{"name":"wp","href":"https:\/\/api.w.org\/{rel}","templated":true}]}}