{"id":3243,"date":"2024-09-11T18:13:06","date_gmt":"2024-09-11T15:13:06","guid":{"rendered":"https:\/\/www.erichhahn.com.tr\/design-engineering\/"},"modified":"2025-05-16T00:31:01","modified_gmt":"2025-05-15T21:31:01","slug":"tasarim-ve-muhendislik","status":"publish","type":"page","link":"https:\/\/www.erichhahn.com.tr\/tr\/tasarim-ve-muhendislik\/","title":{"rendered":"Tasar\u0131m ve M\u00fchendislik"},"content":{"rendered":"<section class=\"l-section wpb_row height_auto\"><div class=\"l-section-h i-cf\"><div class=\"g-cols vc_row type_default valign_top\"><div class=\"vc_col-sm-12 wpb_column vc_column_container\"><div class=\"vc_column-inner\"><div class=\"wpb_wrapper\">\n\t\t\t<!-- START Design &amp; Engineering REVOLUTION SLIDER 6.2.23 --><p class=\"rs-p-wp-fix\"><\/p>\n\t\t\t<rs-module-wrap id=\"rev_slider_31_1_wrapper\" data-source=\"gallery\" style=\"background:transparent;padding:0;margin:0px auto;margin-top:0;margin-bottom:0;max-width:;\">\n\t\t\t\t<rs-module id=\"rev_slider_31_1\" style=\"\" data-version=\"6.2.23\">\n\t\t\t\t\t<rs-slides>\n\t\t\t\t\t\t<rs-slide data-key=\"rs-44\" data-title=\"Erichhahn\" data-anim=\"ei:power4.inOut;eo:power4.inOut;s:2000;r:0;t:zoomin;sl:7;\" data-firstanim=\"t:fade;s:1500;sl:7;\">\n\t\t\t\t\t\t\t<img loading=\"lazy\" decoding=\"async\" src=\"\/\/www.erichhahn.com.tr\/wp-content\/uploads\/2024\/09\/Design-Enginering.jpg\" title=\"Design-Enginering\" width=\"1920\" height=\"885\" data-parallax=\"10\" data-panzoom=\"d:30000;ss:100;se:120;\" class=\"rev-slidebg\" data-no-retina>\n<!--\n\t\t\t\t\t\t\t--><rs-layer\n\t\t\t\t\t\t\t\tid=\"slider-31-slide-44-layer-1\" \n\t\t\t\t\t\t\t\tclass=\"NotGeneric-Title\"\n\t\t\t\t\t\t\t\tdata-type=\"text\"\n\t\t\t\t\t\t\t\tdata-color=\"rgba(255,255,255,1)\"\n\t\t\t\t\t\t\t\tdata-rsp_ch=\"on\"\n\t\t\t\t\t\t\t\tdata-xy=\"x:c;xo:-358px,-258px,-150px,-8px;y:m;yo:70px,136px,59px,58px;\"\n\t\t\t\t\t\t\t\tdata-text=\"s:38,37,36,36;l:30,30,35,30;ls:2px,2px,1px,1px;fw:300;\"\n\t\t\t\t\t\t\t\tdata-dim=\"w:auto,auto,315.997px,314.988px;\"\n\t\t\t\t\t\t\t\tdata-padding=\"t:10;b:10;\"\n\t\t\t\t\t\t\t\tdata-frame_0=\"x:-50;\"\n\t\t\t\t\t\t\t\tdata-frame_1=\"st:1300;sp:1820;sR:1300;\"\n\t\t\t\t\t\t\t\tdata-frame_999=\"y:100%;e:power2.inOut;st:w;sp:1000;sR:5880;\"\n\t\t\t\t\t\t\t\tdata-frame_999_mask=\"u:t;\"\n\t\t\t\t\t\t\t\tstyle=\"z-index:10;font-family:Roboto Condensed;\"\n\t\t\t\t\t\t\t>Design & Engineering \n\t\t\t\t\t\t\t<\/rs-layer><!--\n\n\t\t\t\t\t\t\t--><rs-layer\n\t\t\t\t\t\t\t\tid=\"slider-31-slide-44-layer-12\" \n\t\t\t\t\t\t\t\tclass=\"tp-shape tp-shapewrapper\"\n\t\t\t\t\t\t\t\tdata-type=\"shape\"\n\t\t\t\t\t\t\t\tdata-rsp_ch=\"on\"\n\t\t\t\t\t\t\t\tdata-xy=\"x:c;xo:-540px,-442px,-365px,-416px;y:m;yo:68px,135px,58px,58px;\"\n\t\t\t\t\t\t\t\tdata-text=\"fw:800;\"\n\t\t\t\t\t\t\t\tdata-dim=\"w:872px,872px,872px,1258px;h:88px,85px,85px,79px;\"\n\t\t\t\t\t\t\t\tdata-border=\"bor:0px,15px,15px,50px;\"\n\t\t\t\t\t\t\t\tdata-frame_0=\"y:-100%;o:1;\"\n\t\t\t\t\t\t\t\tdata-frame_0_mask=\"u:t;\"\n\t\t\t\t\t\t\t\tdata-frame_1=\"e:power4.inOut;st:1050;sp:2450;sR:1050;\"\n\t\t\t\t\t\t\t\tdata-frame_1_mask=\"u:t;\"\n\t\t\t\t\t\t\t\tdata-frame_999=\"y:100%;e:power2.inOut;st:w;sp:1000;sR:5500;\"\n\t\t\t\t\t\t\t\tdata-frame_999_mask=\"u:t;\"\n\t\t\t\t\t\t\t\tstyle=\"z-index:9;background-color:rgba(0,55,112,0.95);\"\n\t\t\t\t\t\t\t> \n\t\t\t\t\t\t\t<\/rs-layer><!--\n-->\t\t\t\t\t\t<\/rs-slide>\n\t\t\t\t\t<\/rs-slides>\n\t\t\t\t<\/rs-module>\n\t\t\t\t<script type=\"text\/javascript\">\n\t\t\t\t\tsetREVStartSize({c: 'rev_slider_31_1',rl:[1240,1024,778,480],el:[524.984,525,500,399.985],gw:[1240,1024,778,480],gh:[525,525,500,400],type:'standard',justify:'',layout:'fullwidth',mh:\"0\"});\n\t\t\t\t\tvar\trevapi31,\n\t\t\t\t\t\ttpj;\n\t\t\t\t\tfunction revinit_revslider311() {\n\t\t\t\t\tjQuery(function() {\n\t\t\t\t\t\ttpj = jQuery;\n\t\t\t\t\t\trevapi31 = tpj(\"#rev_slider_31_1\");\n\t\t\t\t\t\tif(revapi31==undefined || revapi31.revolution == undefined){\n\t\t\t\t\t\t\trevslider_showDoubleJqueryError(\"rev_slider_31_1\");\n\t\t\t\t\t\t}else{\n\t\t\t\t\t\t\trevapi31.revolution({\n\t\t\t\t\t\t\t\tvisibilityLevels:\"1240,1024,778,480\",\n\t\t\t\t\t\t\t\tgridwidth:\"1240,1024,778,480\",\n\t\t\t\t\t\t\t\tgridheight:\"525,525,500,400\",\n\t\t\t\t\t\t\t\tperspective:600,\n\t\t\t\t\t\t\t\tperspectiveType:\"local\",\n\t\t\t\t\t\t\t\teditorheight:\"524.984,525,500,399.985\",\n\t\t\t\t\t\t\t\tresponsiveLevels:\"1240,1024,778,480\",\n\t\t\t\t\t\t\t\tprogressBar:{disableProgressBar:true},\n\t\t\t\t\t\t\t\tnavigation: {\n\t\t\t\t\t\t\t\t\tkeyboardNavigation:true,\n\t\t\t\t\t\t\t\t\tmouseScrollNavigation:false,\n\t\t\t\t\t\t\t\t\tonHoverStop:false,\n\t\t\t\t\t\t\t\t\ttouch: {\n\t\t\t\t\t\t\t\t\t\ttouchenabled:true\n\t\t\t\t\t\t\t\t\t}\n\t\t\t\t\t\t\t\t},\n\t\t\t\t\t\t\t\tparallax: {\n\t\t\t\t\t\t\t\t\tlevels:[2,3,4,5,6,7,12,16,10,50,47,48,49,50,51,30],\n\t\t\t\t\t\t\t\t\ttype:\"mouse\",\n\t\t\t\t\t\t\t\t\torigo:\"slidercenter\",\n\t\t\t\t\t\t\t\t\tspeed:2000\n\t\t\t\t\t\t\t\t},\n\t\t\t\t\t\t\t\tviewPort: {\n\t\t\t\t\t\t\t\t\tenable:true,\n\t\t\t\t\t\t\t\t\toutof:\"pause\",\n\t\t\t\t\t\t\t\t\tvisible_area:\"20%\"\n\t\t\t\t\t\t\t\t},\n\t\t\t\t\t\t\t\tfallbacks: {\n\t\t\t\t\t\t\t\t\tallowHTML5AutoPlayOnAndroid:true\n\t\t\t\t\t\t\t\t},\n\t\t\t\t\t\t\t});\n\t\t\t\t\t\t}\n\t\t\t\t\t\t\n\t\t\t\t\t});\n\t\t\t\t\t} \/\/ End of RevInitScript\n\t\t\t\tvar once_revslider311 = false;\n\t\t\t\tif (document.readyState === \"loading\") {document.addEventListener('readystatechange',function() { if((document.readyState === \"interactive\" || document.readyState === \"complete\") && !once_revslider311 ) { once_revslider311 = true; revinit_revslider311();}});} else {once_revslider311 = true; revinit_revslider311();}\n\t\t\t\t<\/script>\n\t\t\t<\/rs-module-wrap>\n\t\t\t<!-- END REVOLUTION SLIDER -->\n<\/div><\/div><\/div><\/div><\/div><\/section><section class=\"l-section wpb_row height_small\"><div class=\"l-section-h i-cf\"><div class=\"g-cols vc_row type_default valign_top\"><div class=\"vc_col-sm-12 wpb_column vc_column_container animate_afl\" style=\"animation-delay:0s\"><div class=\"vc_column-inner\"><div class=\"wpb_wrapper\"><ol class=\"g-breadcrumbs separator_icon align_left\" itemscope itemtype=\"http:\/\/schema.org\/BreadcrumbList\"><li class=\"g-breadcrumbs-item\" itemprop=\"itemListElement\" itemscope itemtype=\"http:\/\/schema.org\/ListItem\"><a itemprop=\"item\" href=\"https:\/\/www.erichhahn.com.tr\/tr\/\"><span itemprop=\"name\">Giri\u015f<\/span><\/a><meta itemprop=\"position\" content=\"1\"\/><\/li><li class=\"g-breadcrumbs-separator\"><i class=\"far fa-angle-right\"><\/i><\/li><li class=\"g-breadcrumbs-item\">Sayfalar<\/li><\/ol><div class=\"w-separator size_custom\" style=\"height:5px\"><\/div><div class=\"w-separator size_custom with_line width_default thick_1 style_solid color_border align_center\" style=\"height:1px\"><div class=\"w-separator-h\"><\/div><\/div><\/div><\/div><\/div><\/div><\/div><\/section><section class=\"l-section wpb_row height_auto\" id=\"1\"><div class=\"l-section-h i-cf\"><div class=\"g-cols vc_row type_default valign_top\"><div class=\"vc_col-sm-12 wpb_column vc_column_container animate_afl\" style=\"animation-delay:0s\"><div class=\"vc_column-inner\"><div class=\"wpb_wrapper\"><div class=\"wpb_text_column\" ><div class=\"wpb_wrapper\"><p>End\u00fcstriyel tesislerin tasar\u0131m\u0131 ve m\u00fchendisli\u011fi konusunda uzmanla\u015fm\u0131\u015f bir \u015firket olan ErichHahn, proje uygulamas\u0131n\u0131n t\u00fcm a\u015famalar\u0131nda b\u00fct\u00fcnsel bir yakla\u015f\u0131m sa\u011flayarak geni\u015f bir hizmet yelpazesi sunmaktad\u0131r. Bit\u00fcm \u00fcretim ve depolama tesislerinin tasar\u0131m\u0131nda \u00f6nemli deneyime sahiptir ve bu alanda bir\u00e7ok b\u00fcy\u00fck projeyi ba\u015far\u0131yla tamamlam\u0131\u015ft\u0131r. Amac\u0131m\u0131z, en y\u00fcksek kalite standartlar\u0131n\u0131 kar\u015f\u0131layan son derece verimli ve g\u00fcvenli \u00fcretim tesisleri yaratmakt\u0131r.<\/p>\n<\/div><\/div><div class=\"w-separator size_large\"><\/div><\/div><\/div><\/div><\/div><\/div><\/section><section class=\"l-section wpb_row height_auto\"><div class=\"l-section-h i-cf\"><div class=\"g-cols vc_row type_default valign_top\"><div class=\"vc_col-sm-3 wpb_column vc_column_container animate_afl\" style=\"animation-delay:0s\"><div class=\"vc_column-inner\"><div class=\"wpb_wrapper\"><div class=\"wpb_text_column\" ><div class=\"wpb_wrapper\"><h4>Industrial Facility <strong>Design<\/strong><\/h4>\n<\/div><\/div><div class=\"w-separator size_custom\" style=\"height:4px\"><\/div><div class=\"w-image align_none animate_afl\" style=\"animation-delay:0s\"><div class=\"w-image-h\"><img loading=\"lazy\" decoding=\"async\" width=\"52\" height=\"3\" src=\"https:\/\/www.erichhahn.com.tr\/wp-content\/uploads\/2024\/04\/slash-1.jpg\" class=\"attachment-full size-full\" alt=\"\" \/><\/div><\/div><div class=\"w-separator size_custom\" style=\"height:4px\"><\/div><div class=\"w-image align_none\"><div class=\"w-image-h\"><img loading=\"lazy\" decoding=\"async\" width=\"750\" height=\"500\" src=\"https:\/\/www.erichhahn.com.tr\/wp-content\/uploads\/2024\/09\/Design-Enginering-1.jpg\" class=\"attachment-full size-full\" alt=\"\" srcset=\"https:\/\/www.erichhahn.com.tr\/wp-content\/uploads\/2024\/09\/Design-Enginering-1.jpg 750w, https:\/\/www.erichhahn.com.tr\/wp-content\/uploads\/2024\/09\/Design-Enginering-1-500x333.jpg 500w, https:\/\/www.erichhahn.com.tr\/wp-content\/uploads\/2024\/09\/Design-Enginering-1-300x200.jpg 300w\" sizes=\"auto, (max-width: 750px) 100vw, 750px\" \/><\/div><\/div><\/div><\/div><\/div><div class=\"vc_col-sm-9 wpb_column vc_column_container animate_afr\" style=\"animation-delay:0s\"><div class=\"vc_column-inner\"><div class=\"wpb_wrapper\"><div class=\"w-separator size_custom\" style=\"height:60px\"><\/div><div class=\"g-cols wpb_row  type_default valign_top vc_inner\"><div class=\"vc_col-sm-12 wpb_column vc_column_container\"><div class=\"vc_column-inner\"><div class=\"wpb_wrapper\"><div class=\"wpb_text_column\" ><div class=\"wpb_wrapper\"><h5>Konsept Tasar\u0131m<\/h5>\n<p>Konsept(Kavramsal) tasar\u0131m a\u015famas\u0131nda, gelecekteki tesisin mimari modelini geli\u015ftiriyoruz.<\/p>\n<p>&#8211; En uygun teknolojilerin se\u00e7imi: Maksimum verimlilik ve g\u00fcvenilirlik sa\u011flayacak teknolojileri ara\u015ft\u0131r\u0131yor ve se\u00e7iyoruz.<br \/>\n\u2022 Sekt\u00f6r \u00f6zelliklerinin dikkate al\u0131nmas\u0131: \u0130\u015flevsel \u00fcretim s\u00fcre\u00e7leri olu\u015fturmak i\u00e7in sekt\u00f6r\u00fcn kendine \u00f6zg\u00fc gereksinimlerini ve standartlar\u0131n\u0131 dikkate al\u0131yoruz.<br \/>\n\u2022 Verimli s\u00fcre\u00e7lerin olu\u015fturulmas\u0131: M\u00fc\u015fterilerimizin y\u00fcksek sonu\u00e7lar elde etmesini sa\u011flayarak \u00fcretimin t\u00fcm a\u015famalar\u0131n\u0131 optimize etmeye \u00e7al\u0131\u015f\u0131yoruz.<\/p>\n<\/div><\/div><div class=\"w-separator size_small\"><\/div><div class=\"wpb_text_column\" ><div class=\"wpb_wrapper\"><h5>Detayl\u0131 Tasar\u0131m<\/h5>\n<p>Detayl\u0131 tasar\u0131m, gerekli t\u00fcm \u00e7izimlerin ve \u00f6zelliklerin geli\u015ftirilmesini i\u00e7erir. \u015eunlar\u0131 garanti ediyoruz: <\/p>\n<p>\u2022 Modern standartlara ve normlara uygunluk: Belgelerimiz t\u00fcm g\u00fcncel gereksinimleri ve standartlar\u0131 kar\u015f\u0131lar.<br \/>\n\u2022 Proje belgelerinin y\u00fcksek kalitesi: T\u00fcm proje materyallerinin do\u011frulu\u011funu ve eksiksizli\u011fini sa\u011flamak i\u00e7in ayr\u0131nt\u0131lara dikkat ediyoruz.<br \/>\n\u2022 Projenin t\u00fcm y\u00f6nlerinin dikkate al\u0131nmas\u0131: Tasar\u0131m\u0131n her a\u015famas\u0131nda g\u00fcvenli\u011fi, \u00e7evre d\u00fczenlemelerini ve ekonomik verimlili\u011fi dikkate al\u0131yoruz.<\/p>\n<\/div><\/div><div class=\"w-separator size_small\"><\/div><div class=\"wpb_text_column\" ><div class=\"wpb_wrapper\"><h5>Yazar Denetimi<\/h5>\n<p>Proje uygulamas\u0131n\u0131n t\u00fcm a\u015famalar\u0131nda yazar\u0131n g\u00f6zetimini sa\u011fl\u0131yoruz:<\/p>\n<p>\u2022 Ger\u00e7ekle\u015ftirilen i\u015flerin proje dok\u00fcmantasyonuna uygunlu\u011funu izleme: T\u00fcm i\u015flerin onayl\u0131 planlara uygun olarak ger\u00e7ekle\u015ftirilmesini sa\u011fl\u0131yoruz.<br \/>\n\u2022 \u0130n\u015faat\u0131n y\u00fcksek kalitesini garanti etme: Profesyonel ekibimiz t\u00fcm standartlara ve normlara uyumu sa\u011flar.<br \/>\n\u2022 Riskleri en aza indirme: Potansiyel sorunlar\u0131 \u00f6nceden belirleyip ortadan kald\u0131rarak gelecekte zorluk ya\u015fanma olas\u0131l\u0131\u011f\u0131n\u0131 azalt\u0131r\u0131z.<\/p>\n<\/div><\/div><\/div><\/div><\/div><\/div><div class=\"w-separator size_small\"><\/div><div class=\"wpb_text_column\" ><div class=\"wpb_wrapper\"><h5>Proje \u00d6ncesi Ara\u015ft\u0131rma<\/h5>\n<p>\u0130lk a\u015famada, mevcut ko\u015fullar\u0131 ve m\u00fc\u015fteri gereksinimlerini analiz ederek sahan\u0131n kapsaml\u0131 bir ara\u015ft\u0131rmas\u0131n\u0131 y\u00fcr\u00fct\u00fcyoruz.<\/p>\n<p>\u2022 Ayr\u0131nt\u0131l\u0131 saha \u00e7al\u0131\u015fmas\u0131: Arazi ve \u00e7evredeki altyap\u0131n\u0131n durumunu de\u011ferlendirmek i\u00e7in jeodezik ve jeolojik ara\u015ft\u0131rmalar y\u00fcr\u00fct\u00fcyoruz.<br \/>\n\u2022 Veri toplama: Yerel d\u00fczenlemeler ve gereksinimler hakk\u0131ndaki bilgiler de dahil olmak \u00fczere proje geli\u015ftirme i\u00e7in gerekli t\u00fcm verileri topluyoruz.<br \/>\n\u2022 Teknik ve ekonomik y\u00f6nlerin de\u011ferlendirilmesi: Daha fazla \u00e7al\u0131\u015fma i\u00e7in g\u00fcvenilir bir temel olu\u015fturmak amac\u0131yla potansiyel riskleri ve faydalar\u0131 analiz ediyoruz.<\/p>\n<\/div><\/div><\/div><\/div><\/div><\/div><\/div><\/section><section class=\"l-section wpb_row height_small\"><div class=\"l-section-h i-cf\"><div class=\"g-cols vc_row type_default valign_top\"><div class=\"vc_col-sm-12 wpb_column vc_column_container\"><div class=\"vc_column-inner\"><div class=\"wpb_wrapper\"><div class=\"w-separator size_small\"><\/div><div class=\"w-separator size_custom with_line width_default thick_1 style_solid color_border align_center\" style=\"height:2px\"><div class=\"w-separator-h\"><\/div><\/div><div class=\"w-separator size_small\"><\/div><\/div><\/div><\/div><\/div><\/div><\/section><section class=\"l-section wpb_row height_auto\"><div class=\"l-section-h i-cf\"><div class=\"g-cols vc_row type_default valign_top\"><div class=\"vc_col-sm-3 wpb_column vc_column_container animate_afl\" style=\"animation-delay:0s\"><div class=\"vc_column-inner\"><div class=\"wpb_wrapper\"><div class=\"wpb_text_column\" ><div class=\"wpb_wrapper\"><h4>Industrial <strong>Engineering<\/strong><\/h4>\n<\/div><\/div><div class=\"w-separator size_custom\" style=\"height:4px\"><\/div><div class=\"w-image align_none animate_afl\" style=\"animation-delay:0s\"><div class=\"w-image-h\"><img loading=\"lazy\" decoding=\"async\" width=\"52\" height=\"3\" src=\"https:\/\/www.erichhahn.com.tr\/wp-content\/uploads\/2024\/04\/slash-1.jpg\" class=\"attachment-full size-full\" alt=\"\" \/><\/div><\/div><div class=\"w-separator size_custom\" style=\"height:4px\"><\/div><div class=\"w-image align_none\"><div class=\"w-image-h\"><img loading=\"lazy\" decoding=\"async\" width=\"750\" height=\"500\" src=\"https:\/\/www.erichhahn.com.tr\/wp-content\/uploads\/2024\/09\/Design-Enginering-2.jpg\" class=\"attachment-full size-full\" alt=\"\" srcset=\"https:\/\/www.erichhahn.com.tr\/wp-content\/uploads\/2024\/09\/Design-Enginering-2.jpg 750w, https:\/\/www.erichhahn.com.tr\/wp-content\/uploads\/2024\/09\/Design-Enginering-2-500x333.jpg 500w, https:\/\/www.erichhahn.com.tr\/wp-content\/uploads\/2024\/09\/Design-Enginering-2-300x200.jpg 300w\" sizes=\"auto, (max-width: 750px) 100vw, 750px\" \/><\/div><\/div><\/div><\/div><\/div><div class=\"vc_col-sm-9 wpb_column vc_column_container animate_afr\" style=\"animation-delay:0s\"><div class=\"vc_column-inner\"><div class=\"wpb_wrapper\"><div class=\"w-separator size_custom\" style=\"height:60px\"><\/div><div class=\"g-cols wpb_row  type_default valign_top vc_inner\"><div class=\"vc_col-sm-4 wpb_column vc_column_container\"><div class=\"vc_column-inner\"><div class=\"wpb_wrapper\"><div class=\"wpb_text_column\" ><div class=\"wpb_wrapper\"><h5>Proje Y\u00f6netimi<\/h5>\n<p>\u015eirketimiz, a\u015fa\u011f\u0131dakilere olanak sa\u011flayan modern proje y\u00f6netimi metodolojilerini uygular:<\/p>\n<p>\u2022 T\u00fcm proje kat\u0131l\u0131mc\u0131lar\u0131n\u0131n \u00e7al\u0131\u015fmalar\u0131n\u0131 etkili bir \u015fekilde organize etmek: Herkesin sorumluluklar\u0131n\u0131 bilmesini sa\u011flamak i\u00e7in net bir etkile\u015fim yap\u0131s\u0131 olu\u015fturuyoruz.<br \/>\n\u2022 S\u00fcre\u00e7lerin \u015feffafl\u0131\u011f\u0131n\u0131 sa\u011flamak: \u0130zleme ve raporlama i\u00e7in modern ara\u00e7lar kullan\u0131yoruz ve m\u00fc\u015fterilerin i\u015fin t\u00fcm a\u015famalar\u0131ndan haberdar olmas\u0131n\u0131 sa\u011fl\u0131yoruz.<br \/>\n\u2022 T\u00fcm a\u015famalar\u0131n zaman\u0131nda tamamlanmas\u0131: Geli\u015ftirmeden devreye almaya kadar programlar\u0131 ve son tarihleri \u200b\u200bs\u0131k\u0131 bir \u015fekilde izliyoruz.<\/p>\n<\/div><\/div><\/div><\/div><\/div><div class=\"vc_col-sm-4 wpb_column vc_column_container\"><div class=\"vc_column-inner\"><div class=\"wpb_wrapper\"><div class=\"wpb_text_column\" ><div class=\"wpb_wrapper\"><h5>Yenilik\u00e7i Teknolojiler<\/h5>\n<p>Tasar\u0131m ve in\u015faat s\u00fcrecinde yenilik\u00e7i teknolojileri aktif olarak uyguluyoruz. Bunlara \u015funlar dahildir:<\/p>\n<p>\u2022 Otomatik sistemlerin geli\u015ftirilmesi: \u0130\u015f verimlili\u011fini art\u0131rmak i\u00e7in modern yaz\u0131l\u0131m \u00e7\u00f6z\u00fcmleri kullan\u0131yoruz.<br \/>\n\u2022 G\u00fcvenli\u011fin iyile\u015ftirilmesi: Teknolojilerimiz riskleri en aza indirmeyi ve g\u00fcvenli \u00e7al\u0131\u015fma ko\u015fullar\u0131 sa\u011flamay\u0131 hedefliyor.<br \/>\n\u2022 \u0130leri pozisyonlar\u0131n s\u00fcrd\u00fcr\u00fclmesi: M\u00fchendislik alan\u0131nda lider kalmak i\u00e7in s\u00fcrekli olarak yeni teknolojiler ve y\u00f6ntemler ara\u015ft\u0131r\u0131yoruz.<\/p>\n<\/div><\/div><\/div><\/div><\/div><div class=\"vc_col-sm-4 wpb_column vc_column_container\"><div class=\"vc_column-inner\"><div class=\"wpb_wrapper\"><div class=\"wpb_text_column\" ><div class=\"wpb_wrapper\"><h5>Devreye Alma Deste\u011fi<\/h5>\n<p>\u0130n\u015faat\u0131n tamamlanmas\u0131n\u0131n ard\u0131ndan, tesisin devreye al\u0131nmas\u0131 s\u0131ras\u0131nda a\u015fa\u011f\u0131dakiler de dahil olmak \u00fczere tam destek sa\u011fl\u0131yoruz:<\/p>\n<p>\u2022 Personel e\u011fitimi: \u00c7al\u0131\u015fanlara yeni ekipman\u0131 etkili bir \u015fekilde kullanmalar\u0131 i\u00e7in e\u011fitim sa\u011fl\u0131yoruz.<br \/>\n\u2022 Teknik destek: Ekibimiz her zaman yard\u0131m sa\u011flamaya ve operasyonla ilgili sorular\u0131 yan\u0131tlamaya haz\u0131rd\u0131r.<br \/>\n\u2022 Ekipman operasyonuyla ilgili dan\u0131\u015fmanl\u0131k: Tesis operasyonunun maksimum verimlili\u011fini ve g\u00fcvenli\u011fini sa\u011flamak i\u00e7in \u00f6neriler ve tavsiyeler sunuyoruz.<\/p>\n<\/div><\/div><\/div><\/div><\/div><\/div><\/div><\/div><\/div><\/div><\/div><\/section><section class=\"l-section wpb_row height_custom\"><div class=\"l-section-h i-cf\"><div class=\"g-cols vc_row type_default valign_top\"><div class=\"vc_col-sm-12 wpb_column vc_column_container\"><div class=\"vc_column-inner\"><div class=\"wpb_wrapper\"><div class=\"wpb_text_column\" ><div class=\"wpb_wrapper\"><h5 style=\"text-align: center;\"><em>&#8220;M\u00fc\u015fterilerimize en y\u00fcksek kalite ve g\u00fcvenlik standartlar\u0131n\u0131 kar\u015f\u0131layan en iyi \u00e7\u00f6z\u00fcmleri sunmaya haz\u0131r\u0131z. Bizimle \u00fcretim s\u00fcre\u00e7lerinizin g\u00fcvenilirli\u011finden ve verimlili\u011finden emin olabilirsiniz.&#8221;<\/em><\/h5>\n<\/div><\/div><\/div><\/div><\/div><\/div><\/div><\/section>\n","protected":false},"excerpt":{"rendered":"Design & Engineering Giri\u015fSayfalarEnd\u00fcstriyel tesislerin tasar\u0131m\u0131 ve m\u00fchendisli\u011fi konusunda uzmanla\u015fm\u0131\u015f bir \u015firket olan ErichHahn, proje uygulamas\u0131n\u0131n t\u00fcm a\u015famalar\u0131nda b\u00fct\u00fcnsel bir yakla\u015f\u0131m sa\u011flayarak geni\u015f bir hizmet yelpazesi sunmaktad\u0131r. Bit\u00fcm \u00fcretim ve depolama tesislerinin tasar\u0131m\u0131nda \u00f6nemli deneyime sahiptir ve bu alanda bir\u00e7ok b\u00fcy\u00fck projeyi ba\u015far\u0131yla tamamlam\u0131\u015ft\u0131r. Amac\u0131m\u0131z, en y\u00fcksek kalite standartlar\u0131n\u0131 kar\u015f\u0131layan son derece verimli ve g\u00fcvenli...","protected":false},"author":1,"featured_media":0,"parent":0,"menu_order":0,"comment_status":"closed","ping_status":"closed","template":"","meta":{"footnotes":""},"class_list":["post-3243","page","type-page","status-publish","hentry"],"_links":{"self":[{"href":"https:\/\/www.erichhahn.com.tr\/tr\/wp-json\/wp\/v2\/pages\/3243","targetHints":{"allow":["GET"]}}],"collection":[{"href":"https:\/\/www.erichhahn.com.tr\/tr\/wp-json\/wp\/v2\/pages"}],"about":[{"href":"https:\/\/www.erichhahn.com.tr\/tr\/wp-json\/wp\/v2\/types\/page"}],"author":[{"embeddable":true,"href":"https:\/\/www.erichhahn.com.tr\/tr\/wp-json\/wp\/v2\/users\/1"}],"replies":[{"embeddable":true,"href":"https:\/\/www.erichhahn.com.tr\/tr\/wp-json\/wp\/v2\/comments?post=3243"}],"version-history":[{"count":8,"href":"https:\/\/www.erichhahn.com.tr\/tr\/wp-json\/wp\/v2\/pages\/3243\/revisions"}],"predecessor-version":[{"id":4409,"href":"https:\/\/www.erichhahn.com.tr\/tr\/wp-json\/wp\/v2\/pages\/3243\/revisions\/4409"}],"wp:attachment":[{"href":"https:\/\/www.erichhahn.com.tr\/tr\/wp-json\/wp\/v2\/media?parent=3243"}],"curies":[{"name":"wp","href":"https:\/\/api.w.org\/{rel}","templated":true}]}}