{"id":3247,"date":"2024-09-11T01:45:04","date_gmt":"2024-09-10T22:45:04","guid":{"rendered":"https:\/\/www.erichhahn.com.tr\/automation-software\/"},"modified":"2025-09-12T13:56:02","modified_gmt":"2025-09-12T10:56:02","slug":"otomasyon-ve-yazilim","status":"publish","type":"page","link":"https:\/\/www.erichhahn.com.tr\/tr\/otomasyon-ve-yazilim\/","title":{"rendered":"Otomasyon ve Yaz\u0131l\u0131m"},"content":{"rendered":"<section class=\"l-section wpb_row height_auto\"><div class=\"l-section-h i-cf\"><div class=\"g-cols vc_row type_default valign_top\"><div class=\"vc_col-sm-12 wpb_column vc_column_container\"><div class=\"vc_column-inner\"><div class=\"wpb_wrapper\">\n\t\t\t<!-- START AUTOMATION  SOFTWARE  TR REVOLUTION SLIDER 6.2.23 --><p class=\"rs-p-wp-fix\"><\/p>\n\t\t\t<rs-module-wrap id=\"rev_slider_95_1_wrapper\" data-source=\"gallery\" style=\"background:transparent;padding:0;margin:0px auto;margin-top:0;margin-bottom:0;max-width:;\">\n\t\t\t\t<rs-module id=\"rev_slider_95_1\" style=\"\" data-version=\"6.2.23\">\n\t\t\t\t\t<rs-slides>\n\t\t\t\t\t\t<rs-slide data-key=\"rs-112\" data-title=\"Erichhahn\" data-anim=\"ei:power4.inOut;eo:power4.inOut;s:2000;r:0;t:zoomin;sl:7;\" data-firstanim=\"t:fade;s:1500;sl:7;\">\n\t\t\t\t\t\t\t<img loading=\"lazy\" decoding=\"async\" src=\"\/\/www.erichhahn.com.tr\/wp-content\/uploads\/2024\/09\/Otomasyon.jpg\" title=\"Otomasyon\" width=\"1920\" height=\"885\" data-parallax=\"10\" data-panzoom=\"d:30000;ss:100;se:120;\" class=\"rev-slidebg\" data-no-retina>\n<!--\n\t\t\t\t\t\t\t--><rs-layer\n\t\t\t\t\t\t\t\tid=\"slider-95-slide-112-layer-1\" \n\t\t\t\t\t\t\t\tclass=\"NotGeneric-Title\"\n\t\t\t\t\t\t\t\tdata-type=\"text\"\n\t\t\t\t\t\t\t\tdata-color=\"rgba(255,255,255,1)\"\n\t\t\t\t\t\t\t\tdata-rsp_ch=\"on\"\n\t\t\t\t\t\t\t\tdata-xy=\"x:c;xo:-363px,-259px,-160px,-8px;y:m;yo:68px,136px,58px,59px;\"\n\t\t\t\t\t\t\t\tdata-text=\"s:39,38,34,33;l:28,25,23,20;ls:1px;fw:300;\"\n\t\t\t\t\t\t\t\tdata-dim=\"w:auto,auto,311.991px,303.994px;\"\n\t\t\t\t\t\t\t\tdata-padding=\"t:10;b:10;\"\n\t\t\t\t\t\t\t\tdata-frame_0=\"x:-50;\"\n\t\t\t\t\t\t\t\tdata-frame_1=\"st:1300;sp:1820;sR:1300;\"\n\t\t\t\t\t\t\t\tdata-frame_999=\"y:100%;e:power2.inOut;st:w;sp:1000;sR:5880;\"\n\t\t\t\t\t\t\t\tdata-frame_999_mask=\"u:t;\"\n\t\t\t\t\t\t\t\tstyle=\"z-index:10;font-family:Roboto Condensed;\"\n\t\t\t\t\t\t\t>Otomasyon ve Yaz\u0131l\u0131m \n\t\t\t\t\t\t\t<\/rs-layer><!--\n\n\t\t\t\t\t\t\t--><rs-layer\n\t\t\t\t\t\t\t\tid=\"slider-95-slide-112-layer-12\" \n\t\t\t\t\t\t\t\tclass=\"tp-shape tp-shapewrapper\"\n\t\t\t\t\t\t\t\tdata-type=\"shape\"\n\t\t\t\t\t\t\t\tdata-rsp_ch=\"on\"\n\t\t\t\t\t\t\t\tdata-xy=\"x:c;xo:-540px,-442px,-365px,-416px;y:m;yo:68px,135px,58px,58px;\"\n\t\t\t\t\t\t\t\tdata-text=\"fw:800;\"\n\t\t\t\t\t\t\t\tdata-dim=\"w:872px,872px,872px,1258px;h:88px,85px,85px,79px;\"\n\t\t\t\t\t\t\t\tdata-border=\"bor:0px,15px,15px,50px;\"\n\t\t\t\t\t\t\t\tdata-frame_0=\"y:-100%;o:1;\"\n\t\t\t\t\t\t\t\tdata-frame_0_mask=\"u:t;\"\n\t\t\t\t\t\t\t\tdata-frame_1=\"e:power4.inOut;st:1050;sp:2450;sR:1050;\"\n\t\t\t\t\t\t\t\tdata-frame_1_mask=\"u:t;\"\n\t\t\t\t\t\t\t\tdata-frame_999=\"y:100%;e:power2.inOut;st:w;sp:1000;sR:5500;\"\n\t\t\t\t\t\t\t\tdata-frame_999_mask=\"u:t;\"\n\t\t\t\t\t\t\t\tstyle=\"z-index:9;background-color:rgba(0,55,112,0.95);\"\n\t\t\t\t\t\t\t> \n\t\t\t\t\t\t\t<\/rs-layer><!--\n-->\t\t\t\t\t\t<\/rs-slide>\n\t\t\t\t\t<\/rs-slides>\n\t\t\t\t<\/rs-module>\n\t\t\t\t<script type=\"text\/javascript\">\n\t\t\t\t\tsetREVStartSize({c: 'rev_slider_95_1',rl:[1240,1024,778,480],el:[524.984,524.984,499.983,399.983],gw:[1240,1024,778,480],gh:[525,525,500,400],type:'standard',justify:'',layout:'fullwidth',mh:\"0\"});\n\t\t\t\t\tvar\trevapi95,\n\t\t\t\t\t\ttpj;\n\t\t\t\t\tfunction revinit_revslider951() {\n\t\t\t\t\tjQuery(function() {\n\t\t\t\t\t\ttpj = jQuery;\n\t\t\t\t\t\trevapi95 = tpj(\"#rev_slider_95_1\");\n\t\t\t\t\t\tif(revapi95==undefined || revapi95.revolution == undefined){\n\t\t\t\t\t\t\trevslider_showDoubleJqueryError(\"rev_slider_95_1\");\n\t\t\t\t\t\t}else{\n\t\t\t\t\t\t\trevapi95.revolution({\n\t\t\t\t\t\t\t\tvisibilityLevels:\"1240,1024,778,480\",\n\t\t\t\t\t\t\t\tgridwidth:\"1240,1024,778,480\",\n\t\t\t\t\t\t\t\tgridheight:\"525,525,500,400\",\n\t\t\t\t\t\t\t\tperspective:600,\n\t\t\t\t\t\t\t\tperspectiveType:\"local\",\n\t\t\t\t\t\t\t\teditorheight:\"524.984,524.984,499.983,399.983\",\n\t\t\t\t\t\t\t\tresponsiveLevels:\"1240,1024,778,480\",\n\t\t\t\t\t\t\t\tprogressBar:{disableProgressBar:true},\n\t\t\t\t\t\t\t\tnavigation: {\n\t\t\t\t\t\t\t\t\tkeyboardNavigation:true,\n\t\t\t\t\t\t\t\t\tmouseScrollNavigation:false,\n\t\t\t\t\t\t\t\t\tonHoverStop:false,\n\t\t\t\t\t\t\t\t\ttouch: {\n\t\t\t\t\t\t\t\t\t\ttouchenabled:true\n\t\t\t\t\t\t\t\t\t}\n\t\t\t\t\t\t\t\t},\n\t\t\t\t\t\t\t\tparallax: {\n\t\t\t\t\t\t\t\t\tlevels:[2,3,4,5,6,7,12,16,10,50,47,48,49,50,51,30],\n\t\t\t\t\t\t\t\t\ttype:\"mouse\",\n\t\t\t\t\t\t\t\t\torigo:\"slidercenter\",\n\t\t\t\t\t\t\t\t\tspeed:2000\n\t\t\t\t\t\t\t\t},\n\t\t\t\t\t\t\t\tviewPort: {\n\t\t\t\t\t\t\t\t\tenable:true,\n\t\t\t\t\t\t\t\t\toutof:\"pause\",\n\t\t\t\t\t\t\t\t\tvisible_area:\"20%\"\n\t\t\t\t\t\t\t\t},\n\t\t\t\t\t\t\t\tfallbacks: {\n\t\t\t\t\t\t\t\t\tallowHTML5AutoPlayOnAndroid:true\n\t\t\t\t\t\t\t\t},\n\t\t\t\t\t\t\t});\n\t\t\t\t\t\t}\n\t\t\t\t\t\t\n\t\t\t\t\t});\n\t\t\t\t\t} \/\/ End of RevInitScript\n\t\t\t\tvar once_revslider951 = false;\n\t\t\t\tif (document.readyState === \"loading\") {document.addEventListener('readystatechange',function() { if((document.readyState === \"interactive\" || document.readyState === \"complete\") && !once_revslider951 ) { once_revslider951 = true; revinit_revslider951();}});} else {once_revslider951 = true; revinit_revslider951();}\n\t\t\t\t<\/script>\n\t\t\t<\/rs-module-wrap>\n\t\t\t<!-- END REVOLUTION SLIDER -->\n<\/div><\/div><\/div><\/div><\/div><\/section><section class=\"l-section wpb_row height_small\"><div class=\"l-section-h i-cf\"><div class=\"g-cols vc_row type_default valign_top\"><div class=\"vc_col-sm-12 wpb_column vc_column_container animate_afl\" style=\"animation-delay:0s\"><div class=\"vc_column-inner\"><div class=\"wpb_wrapper\"><ol class=\"g-breadcrumbs separator_icon align_left\" itemscope itemtype=\"http:\/\/schema.org\/BreadcrumbList\"><li class=\"g-breadcrumbs-item\" itemprop=\"itemListElement\" itemscope itemtype=\"http:\/\/schema.org\/ListItem\"><a itemprop=\"item\" href=\"https:\/\/www.erichhahn.com.tr\/tr\/\"><span itemprop=\"name\">Giri\u015f<\/span><\/a><meta itemprop=\"position\" content=\"1\"\/><\/li><li class=\"g-breadcrumbs-separator\"><i class=\"far fa-angle-right\"><\/i><\/li><li class=\"g-breadcrumbs-item\">Sayfalar<\/li><\/ol><div class=\"w-separator size_custom\" style=\"height:5px\"><\/div><div class=\"w-separator size_custom with_line width_default thick_1 style_solid color_border align_center\" style=\"height:1px\"><div class=\"w-separator-h\"><\/div><\/div><\/div><\/div><\/div><\/div><\/div><\/section><section class=\"l-section wpb_row height_auto\" id=\"1\"><div class=\"l-section-h i-cf\"><div class=\"g-cols vc_row type_default valign_top\"><div class=\"vc_col-sm-12 wpb_column vc_column_container animate_afl\" style=\"animation-delay:0s\"><div class=\"vc_column-inner\"><div class=\"wpb_wrapper\"><div class=\"wpb_text_column\" ><div class=\"wpb_wrapper\"><p>ErichHahn Otomasyon Merkezi, end\u00fcstriyel tesislerin otomasyonunu ve \u00fcretim s\u00fcre\u00e7lerinin optimizasyonunu hedefleyen geni\u015f bir hizmet yelpazesi sunar. Uzmanl\u0131k alan\u0131m\u0131z, yaz\u0131l\u0131m geli\u015ftirme ve mevcut y\u00f6netim sistemleriyle entegrasyon dahil olmak \u00fczere otomasyonun \u00e7e\u015fitli y\u00f6nlerini kapsar.<\/p>\n<\/div><\/div><div class=\"w-separator size_large\"><\/div><\/div><\/div><\/div><\/div><\/div><\/section><section class=\"l-section wpb_row height_auto\"><div class=\"l-section-h i-cf\"><div class=\"g-cols vc_row type_default valign_top\"><div class=\"vc_col-sm-3 wpb_column vc_column_container animate_afl\" style=\"animation-delay:0s\"><div class=\"vc_column-inner\"><div class=\"wpb_wrapper\"><div class=\"wpb_text_column\" ><div class=\"wpb_wrapper\"><h4><strong>Temel Hizmet<\/strong> Alanlar\u0131<\/h4>\n<\/div><\/div><div class=\"w-separator size_custom\" style=\"height:4px\"><\/div><div class=\"w-image align_none animate_afl\" style=\"animation-delay:0s\"><div class=\"w-image-h\"><img loading=\"lazy\" decoding=\"async\" width=\"52\" height=\"3\" src=\"https:\/\/www.erichhahn.com.tr\/wp-content\/uploads\/2024\/04\/slash-1.jpg\" class=\"attachment-full size-full\" alt=\"\" \/><\/div><\/div><div class=\"w-separator size_custom\" style=\"height:4px\"><\/div><div class=\"w-image align_none\"><div class=\"w-image-h\"><img loading=\"lazy\" decoding=\"async\" width=\"750\" height=\"500\" src=\"https:\/\/www.erichhahn.com.tr\/wp-content\/uploads\/2024\/09\/1.jpg\" class=\"attachment-full size-full\" alt=\"\" srcset=\"https:\/\/www.erichhahn.com.tr\/wp-content\/uploads\/2024\/09\/1.jpg 750w, https:\/\/www.erichhahn.com.tr\/wp-content\/uploads\/2024\/09\/1-500x333.jpg 500w, https:\/\/www.erichhahn.com.tr\/wp-content\/uploads\/2024\/09\/1-300x200.jpg 300w\" sizes=\"auto, (max-width: 750px) 100vw, 750px\" \/><\/div><\/div><\/div><\/div><\/div><div class=\"vc_col-sm-9 wpb_column vc_column_container animate_afr\" style=\"animation-delay:0s\"><div class=\"vc_column-inner\"><div class=\"wpb_wrapper\"><div class=\"w-separator size_custom\" style=\"height:60px\"><\/div><div class=\"wpb_text_column\" ><div class=\"wpb_wrapper\"><h5>1) End\u00fcstriyel Tesislerin Otomasyonu<\/h5>\n<p>Hem yerel kontrol sistemleri hem de Teknolojik Prosesler i\u00e7in B\u00fcy\u00fck \u00d6l\u00e7ekli Otomatik Kontrol Sistemleri (ACS TP) i\u00e7eren kapsaml\u0131 otomasyon \u00e7\u00f6z\u00fcmleri sa\u011fl\u0131yoruz.<\/p>\n<\/div><\/div><div class=\"w-separator size_small\"><\/div><div class=\"wpb_text_column\" ><div class=\"wpb_wrapper\"><h5>2) End\u00fcstriyel Ekipman Kontrol Sistemlerinin Otomasyonu<\/h5>\n<p>Ekibimiz, ekipman operasyonunda y\u00fcksek verimlilik ve g\u00fcvenilirlik sa\u011flayan kontrol sistemleri geli\u015ftirir ve uygular. Buna yerinde g\u00f6sterge ve kontrol ile merkezi kontrol dolaplar\u0131 da dahildir.<\/p>\n<\/div><\/div><div class=\"w-separator size_small\"><\/div><div class=\"wpb_text_column\" ><div class=\"wpb_wrapper\"><h5>3) Otomasyon Hizmetleri ve Uygulamalar\u0131n\u0131n Geli\u015ftirilmesi<\/h5>\n<p>\u00dcretim s\u00fcre\u00e7lerini optimize etmeye ve i\u015fletmelerdeki otomasyon seviyesini art\u0131rmaya yard\u0131mc\u0131 olan \u00f6zel uygulamalar yarat\u0131yoruz.<\/p>\n<\/div><\/div><div class=\"w-separator size_small\"><\/div><div class=\"wpb_text_column\" ><div class=\"wpb_wrapper\"><h5>4) Otomasyon Hizmetlerinin Entegrasyonu<\/h5>\n<p>Yeni otomasyon \u00e7\u00f6z\u00fcmlerinin mevcut i\u015f y\u00f6netim sistemlerine entegrasyonunu ger\u00e7ekle\u015ftirerek genel verimlili\u011fin art\u0131r\u0131lmas\u0131n\u0131 ve maliyetlerin d\u00fc\u015f\u00fcr\u00fclmesini sa\u011fl\u0131yoruz.<\/p>\n<\/div><\/div><\/div><\/div><\/div><\/div><\/div><\/section><section class=\"l-section wpb_row height_small\"><div class=\"l-section-h i-cf\"><div class=\"g-cols vc_row type_default valign_top\"><div class=\"vc_col-sm-12 wpb_column vc_column_container\"><div class=\"vc_column-inner\"><div class=\"wpb_wrapper\"><div class=\"w-separator size_small\"><\/div><div class=\"w-separator size_custom with_line width_default thick_1 style_solid color_border align_center\" style=\"height:2px\"><div class=\"w-separator-h\"><\/div><\/div><div class=\"w-separator size_small\"><\/div><\/div><\/div><\/div><\/div><\/div><\/section><section class=\"l-section wpb_row height_auto\"><div class=\"l-section-h i-cf\"><div class=\"g-cols vc_row type_default valign_top\"><div class=\"vc_col-sm-3 wpb_column vc_column_container animate_afl\" style=\"animation-delay:0s\"><div class=\"vc_column-inner\"><div class=\"wpb_wrapper\"><div class=\"wpb_text_column\" ><div class=\"wpb_wrapper\"><h4>Otomasyon Seviyeleri<\/h4>\n<\/div><\/div><div class=\"w-separator size_custom\" style=\"height:4px\"><\/div><div class=\"w-image align_none animate_afl\" style=\"animation-delay:0s\"><div class=\"w-image-h\"><img loading=\"lazy\" decoding=\"async\" width=\"52\" height=\"3\" src=\"https:\/\/www.erichhahn.com.tr\/wp-content\/uploads\/2024\/04\/slash-1.jpg\" class=\"attachment-full size-full\" alt=\"\" \/><\/div><\/div><div class=\"w-separator size_custom\" style=\"height:4px\"><\/div><div class=\"w-image align_none\"><div class=\"w-image-h\"><img loading=\"lazy\" decoding=\"async\" width=\"750\" height=\"500\" src=\"https:\/\/www.erichhahn.com.tr\/wp-content\/uploads\/2024\/09\/4.jpg\" class=\"attachment-full size-full\" alt=\"\" srcset=\"https:\/\/www.erichhahn.com.tr\/wp-content\/uploads\/2024\/09\/4.jpg 750w, https:\/\/www.erichhahn.com.tr\/wp-content\/uploads\/2024\/09\/4-500x333.jpg 500w, https:\/\/www.erichhahn.com.tr\/wp-content\/uploads\/2024\/09\/4-300x200.jpg 300w\" sizes=\"auto, (max-width: 750px) 100vw, 750px\" \/><\/div><\/div><\/div><\/div><\/div><div class=\"vc_col-sm-9 wpb_column vc_column_container animate_afr\" style=\"animation-delay:0s\"><div class=\"vc_column-inner\"><div class=\"wpb_wrapper\"><div class=\"w-separator size_custom\" style=\"height:60px\"><\/div><div class=\"wpb_text_column\" ><div class=\"wpb_wrapper\"><h5>Yerinde Ekipman G\u00f6stergesi ve Kontrol\u00fc<\/h5>\n<p>S\u00fcre\u00e7leri anl\u0131k olarak izlemek ve y\u00f6netmek i\u00e7in ekipman\u0131n uzaktan ve yerel (kontrol odas\u0131) y\u00f6netimi ve kontrol\u00fc.<\/p>\n<\/div><\/div><div class=\"w-separator size_small\"><\/div><div class=\"wpb_text_column\" ><div class=\"wpb_wrapper\"><h5>Merkezi Kontrol Kabinleri<\/h5>\n<p>ACS TP donan\u0131m ve elektrik \u015falt cihazlar\u0131nda merkezi kontrol kabinlerinin kurulumu ve konfig\u00fcrasyonu, kompleksler \u00fczerinde merkezi kontrol\u00fcn sa\u011flanmas\u0131.<\/p>\n<\/div><\/div><div class=\"w-separator size_small\"><\/div><div class=\"wpb_text_column\" ><div class=\"wpb_wrapper\"><h5>Kontrol ve \u00d6l\u00e7\u00fcm Ekipmanlar\u0131<\/h5>\n<p>Teknolojik proses parametrelerinin izlenmesi i\u00e7in kontrol ve \u00f6l\u00e7\u00fcm sistemlerinin uygulanmas\u0131, sapmalara zaman\u0131nda yan\u0131t verilmesine olanak tan\u0131r.<\/p>\n<\/div><\/div><div class=\"w-separator size_small\"><\/div><div class=\"wpb_text_column\" ><div class=\"wpb_wrapper\"><h5>ACS TP i\u00e7in Yaz\u0131l\u0131m<\/h5>\n<p>Operat\u00f6r \u00e7al\u0131\u015fma istasyonlar\u0131 (HMI\/AR\u0130) dahil olmak \u00fczere, proses kontrol otomasyonu i\u00e7in yaz\u0131l\u0131m geli\u015ftirilmesi ve uygulanmas\u0131.<\/p>\n<\/div><\/div><div class=\"w-separator size_small\"><\/div><div class=\"wpb_text_column\" ><div class=\"wpb_wrapper\"><h5>Devreye Alma \u00c7al\u0131\u015fmalar\u0131<\/h5>\n<p>T\u00fcm sistemlerin do\u011fru \u00e7al\u0131\u015fmas\u0131n\u0131 sa\u011flamak ve operasyonel riskleri azaltmak i\u00e7in Otomasyon Sisteminin a\u015famal\u0131 devreye al\u0131nmas\u0131.<\/p>\n<\/div><\/div><div class=\"w-separator size_small\"><\/div><div class=\"wpb_text_column\" ><div class=\"wpb_wrapper\"><h5>ACS TP&#8217;nin ERP Sistemlerine Entegrasyonu<\/h5>\n<p>Teknolojik s\u00fcre\u00e7ler i\u00e7in otomatik kontrol sistemlerini kurumsal ERP sistemlerine entegre etme, kaynak y\u00f6netimini geli\u015ftirme ve i\u015f s\u00fcreci verimlili\u011fini iyile\u015ftirme hizmetleri sunuyoruz. ErichHahn, m\u00fc\u015fterilerine end\u00fcstriyel tesislerin i\u015fletilmesinde artan \u00fcretkenli\u011fe, g\u00fcvenli\u011fe ve verimlili\u011fe katk\u0131da bulunan y\u00fcksek kaliteli otomasyon \u00e7\u00f6z\u00fcmleri sunmaya kendini adam\u0131\u015ft\u0131r. Her i\u015fletmenin \u00f6zel gereksinimlerine g\u00f6re uyarlanm\u0131\u015f \u00f6zelle\u015ftirilmi\u015f \u00e7\u00f6z\u00fcmler sunmaya haz\u0131r\u0131z.<\/p>\n<\/div><\/div><div class=\"w-separator size_small\"><\/div><\/div><\/div><\/div><\/div><\/div><\/section>\n","protected":false},"excerpt":{"rendered":"Otomasyon ve Yaz\u0131l\u0131m Giri\u015fSayfalarErichHahn Otomasyon Merkezi, end\u00fcstriyel tesislerin otomasyonunu ve \u00fcretim s\u00fcre\u00e7lerinin optimizasyonunu hedefleyen geni\u015f bir hizmet yelpazesi sunar. Uzmanl\u0131k alan\u0131m\u0131z, yaz\u0131l\u0131m geli\u015ftirme ve mevcut y\u00f6netim sistemleriyle entegrasyon dahil olmak \u00fczere otomasyonun \u00e7e\u015fitli y\u00f6nlerini kapsar. Temel Hizmet Alanlar\u0131 1) End\u00fcstriyel Tesislerin Otomasyonu Hem yerel kontrol sistemleri hem de Teknolojik Prosesler i\u00e7in B\u00fcy\u00fck \u00d6l\u00e7ekli Otomatik Kontrol...","protected":false},"author":1,"featured_media":0,"parent":0,"menu_order":0,"comment_status":"closed","ping_status":"closed","template":"","meta":{"footnotes":""},"class_list":["post-3247","page","type-page","status-publish","hentry"],"_links":{"self":[{"href":"https:\/\/www.erichhahn.com.tr\/tr\/wp-json\/wp\/v2\/pages\/3247","targetHints":{"allow":["GET"]}}],"collection":[{"href":"https:\/\/www.erichhahn.com.tr\/tr\/wp-json\/wp\/v2\/pages"}],"about":[{"href":"https:\/\/www.erichhahn.com.tr\/tr\/wp-json\/wp\/v2\/types\/page"}],"author":[{"embeddable":true,"href":"https:\/\/www.erichhahn.com.tr\/tr\/wp-json\/wp\/v2\/users\/1"}],"replies":[{"embeddable":true,"href":"https:\/\/www.erichhahn.com.tr\/tr\/wp-json\/wp\/v2\/comments?post=3247"}],"version-history":[{"count":8,"href":"https:\/\/www.erichhahn.com.tr\/tr\/wp-json\/wp\/v2\/pages\/3247\/revisions"}],"predecessor-version":[{"id":5821,"href":"https:\/\/www.erichhahn.com.tr\/tr\/wp-json\/wp\/v2\/pages\/3247\/revisions\/5821"}],"wp:attachment":[{"href":"https:\/\/www.erichhahn.com.tr\/tr\/wp-json\/wp\/v2\/media?parent=3247"}],"curies":[{"name":"wp","href":"https:\/\/api.w.org\/{rel}","templated":true}]}}