{"id":5957,"date":"2025-09-03T01:54:44","date_gmt":"2025-09-02T22:54:44","guid":{"rendered":"https:\/\/www.erichhahn.com.tr\/certificates\/"},"modified":"2025-09-26T01:35:14","modified_gmt":"2025-09-25T22:35:14","slug":"sertifikalar","status":"publish","type":"page","link":"https:\/\/www.erichhahn.com.tr\/tr\/sertifikalar\/","title":{"rendered":"Sertifikalar"},"content":{"rendered":"<section class=\"l-section wpb_row height_auto\"><div class=\"l-section-h i-cf\"><div class=\"g-cols vc_row type_default valign_top\"><div class=\"vc_col-sm-12 wpb_column vc_column_container\"><div class=\"vc_column-inner\"><div class=\"wpb_wrapper\">\n\t\t\t<!-- START CERTIFICATESTUR REVOLUTION SLIDER 6.2.23 --><p class=\"rs-p-wp-fix\"><\/p>\n\t\t\t<rs-module-wrap id=\"rev_slider_139_1_wrapper\" data-source=\"gallery\" style=\"background:transparent;padding:0;margin:0px auto;margin-top:0;margin-bottom:0;max-width:;\">\n\t\t\t\t<rs-module id=\"rev_slider_139_1\" style=\"\" data-version=\"6.2.23\">\n\t\t\t\t\t<rs-slides>\n\t\t\t\t\t\t<rs-slide data-key=\"rs-266\" data-title=\"Erichhahn\" data-anim=\"ei:power4.inOut;eo:power4.inOut;s:2000;r:0;t:zoomin;sl:7;\" data-firstanim=\"t:fade;s:1500;sl:7;\">\n\t\t\t\t\t\t\t<img loading=\"lazy\" decoding=\"async\" src=\"\/\/www.erichhahn.com.tr\/wp-content\/uploads\/2025\/09\/Certificates.jpg\" title=\"Certificates\" width=\"1920\" height=\"885\" data-parallax=\"10\" data-panzoom=\"d:30000;ss:100;se:120;\" class=\"rev-slidebg\" data-no-retina>\n<!--\n\t\t\t\t\t\t\t--><rs-layer\n\t\t\t\t\t\t\t\tid=\"slider-139-slide-266-layer-1\" \n\t\t\t\t\t\t\t\tclass=\"NotGeneric-Title\"\n\t\t\t\t\t\t\t\tdata-type=\"text\"\n\t\t\t\t\t\t\t\tdata-color=\"rgba(255,255,255,1)\"\n\t\t\t\t\t\t\t\tdata-rsp_ch=\"on\"\n\t\t\t\t\t\t\t\tdata-xy=\"x:c;xo:-363px,-258px,-162px,-8px;y:m;yo:68px,136px,56px,58px;\"\n\t\t\t\t\t\t\t\tdata-text=\"s:45,43,40,38;l:40,42,45,35;ls:2px,4px,1px,1px;fw:300;\"\n\t\t\t\t\t\t\t\tdata-dim=\"w:auto,auto,238.991px,233.992px;\"\n\t\t\t\t\t\t\t\tdata-padding=\"t:10;b:10;\"\n\t\t\t\t\t\t\t\tdata-frame_0=\"x:-50;\"\n\t\t\t\t\t\t\t\tdata-frame_1=\"st:1300;sp:1820;sR:1300;\"\n\t\t\t\t\t\t\t\tdata-frame_999=\"y:100%;e:power2.inOut;st:w;sp:1000;sR:5880;\"\n\t\t\t\t\t\t\t\tdata-frame_999_mask=\"u:t;\"\n\t\t\t\t\t\t\t\tstyle=\"z-index:10;font-family:Roboto Condensed;\"\n\t\t\t\t\t\t\t>SERT\u0130F\u0130KALAR \n\t\t\t\t\t\t\t<\/rs-layer><!--\n\n\t\t\t\t\t\t\t--><rs-layer\n\t\t\t\t\t\t\t\tid=\"slider-139-slide-266-layer-12\" \n\t\t\t\t\t\t\t\tclass=\"tp-shape tp-shapewrapper\"\n\t\t\t\t\t\t\t\tdata-type=\"shape\"\n\t\t\t\t\t\t\t\tdata-rsp_ch=\"on\"\n\t\t\t\t\t\t\t\tdata-xy=\"x:c;xo:-540px,-442px,-365px,-416px;y:m;yo:68px,135px,58px,58px;\"\n\t\t\t\t\t\t\t\tdata-text=\"fw:800;\"\n\t\t\t\t\t\t\t\tdata-dim=\"w:872px,872px,872px,1258px;h:88px,85px,85px,79px;\"\n\t\t\t\t\t\t\t\tdata-border=\"bor:0px,15px,15px,50px;\"\n\t\t\t\t\t\t\t\tdata-frame_0=\"y:-100%;o:1;\"\n\t\t\t\t\t\t\t\tdata-frame_0_mask=\"u:t;\"\n\t\t\t\t\t\t\t\tdata-frame_1=\"e:power4.inOut;st:1050;sp:2450;sR:1050;\"\n\t\t\t\t\t\t\t\tdata-frame_1_mask=\"u:t;\"\n\t\t\t\t\t\t\t\tdata-frame_999=\"y:100%;e:power2.inOut;st:w;sp:1000;sR:5500;\"\n\t\t\t\t\t\t\t\tdata-frame_999_mask=\"u:t;\"\n\t\t\t\t\t\t\t\tstyle=\"z-index:9;background-color:rgba(0,55,112,0.95);\"\n\t\t\t\t\t\t\t> \n\t\t\t\t\t\t\t<\/rs-layer><!--\n-->\t\t\t\t\t\t<\/rs-slide>\n\t\t\t\t\t<\/rs-slides>\n\t\t\t\t<\/rs-module>\n\t\t\t\t<script type=\"text\/javascript\">\n\t\t\t\t\tsetREVStartSize({c: 'rev_slider_139_1',rl:[1240,1024,778,480],el:[524.984,524.984,499.983,399.983],gw:[1240,1024,778,480],gh:[525,525,500,400],type:'standard',justify:'',layout:'fullwidth',mh:\"0\"});\n\t\t\t\t\tvar\trevapi139,\n\t\t\t\t\t\ttpj;\n\t\t\t\t\tfunction revinit_revslider1391() {\n\t\t\t\t\tjQuery(function() {\n\t\t\t\t\t\ttpj = jQuery;\n\t\t\t\t\t\trevapi139 = tpj(\"#rev_slider_139_1\");\n\t\t\t\t\t\tif(revapi139==undefined || revapi139.revolution == undefined){\n\t\t\t\t\t\t\trevslider_showDoubleJqueryError(\"rev_slider_139_1\");\n\t\t\t\t\t\t}else{\n\t\t\t\t\t\t\trevapi139.revolution({\n\t\t\t\t\t\t\t\tvisibilityLevels:\"1240,1024,778,480\",\n\t\t\t\t\t\t\t\tgridwidth:\"1240,1024,778,480\",\n\t\t\t\t\t\t\t\tgridheight:\"525,525,500,400\",\n\t\t\t\t\t\t\t\tperspective:600,\n\t\t\t\t\t\t\t\tperspectiveType:\"local\",\n\t\t\t\t\t\t\t\teditorheight:\"524.984,524.984,499.983,399.983\",\n\t\t\t\t\t\t\t\tresponsiveLevels:\"1240,1024,778,480\",\n\t\t\t\t\t\t\t\tprogressBar:{disableProgressBar:true},\n\t\t\t\t\t\t\t\tnavigation: {\n\t\t\t\t\t\t\t\t\tkeyboardNavigation:true,\n\t\t\t\t\t\t\t\t\tmouseScrollNavigation:false,\n\t\t\t\t\t\t\t\t\tonHoverStop:false,\n\t\t\t\t\t\t\t\t\ttouch: {\n\t\t\t\t\t\t\t\t\t\ttouchenabled:true\n\t\t\t\t\t\t\t\t\t}\n\t\t\t\t\t\t\t\t},\n\t\t\t\t\t\t\t\tparallax: {\n\t\t\t\t\t\t\t\t\tlevels:[2,3,4,5,6,7,12,16,10,50,47,48,49,50,51,30],\n\t\t\t\t\t\t\t\t\ttype:\"mouse\",\n\t\t\t\t\t\t\t\t\torigo:\"slidercenter\",\n\t\t\t\t\t\t\t\t\tspeed:2000\n\t\t\t\t\t\t\t\t},\n\t\t\t\t\t\t\t\tviewPort: {\n\t\t\t\t\t\t\t\t\tenable:true,\n\t\t\t\t\t\t\t\t\toutof:\"pause\",\n\t\t\t\t\t\t\t\t\tvisible_area:\"20%\"\n\t\t\t\t\t\t\t\t},\n\t\t\t\t\t\t\t\tfallbacks: {\n\t\t\t\t\t\t\t\t\tallowHTML5AutoPlayOnAndroid:true\n\t\t\t\t\t\t\t\t},\n\t\t\t\t\t\t\t});\n\t\t\t\t\t\t}\n\t\t\t\t\t\t\n\t\t\t\t\t});\n\t\t\t\t\t} \/\/ End of RevInitScript\n\t\t\t\tvar once_revslider1391 = false;\n\t\t\t\tif (document.readyState === \"loading\") {document.addEventListener('readystatechange',function() { if((document.readyState === \"interactive\" || document.readyState === \"complete\") && !once_revslider1391 ) { once_revslider1391 = true; revinit_revslider1391();}});} else {once_revslider1391 = true; revinit_revslider1391();}\n\t\t\t\t<\/script>\n\t\t\t<\/rs-module-wrap>\n\t\t\t<!-- END REVOLUTION SLIDER -->\n<\/div><\/div><\/div><\/div><\/div><\/section><section class=\"l-section wpb_row height_small\"><div class=\"l-section-h i-cf\"><div class=\"g-cols vc_row type_default valign_top\"><div class=\"vc_col-sm-12 wpb_column vc_column_container animate_afl\" style=\"animation-delay:0s\"><div class=\"vc_column-inner\"><div class=\"wpb_wrapper\"><ol class=\"g-breadcrumbs separator_icon align_left\" itemscope itemtype=\"http:\/\/schema.org\/BreadcrumbList\"><li class=\"g-breadcrumbs-item\" itemprop=\"itemListElement\" itemscope itemtype=\"http:\/\/schema.org\/ListItem\"><a itemprop=\"item\" href=\"https:\/\/www.erichhahn.com.tr\/tr\/\"><span itemprop=\"name\">Giri\u015f<\/span><\/a><meta itemprop=\"position\" content=\"1\"\/><\/li><li class=\"g-breadcrumbs-separator\"><i class=\"far fa-angle-right\"><\/i><\/li><li class=\"g-breadcrumbs-item\">Sayfalar<\/li><\/ol><div class=\"w-separator size_custom\" style=\"height:5px\"><\/div><div class=\"w-separator size_custom with_line width_default thick_1 style_solid color_border align_center\" style=\"height:1px\"><div class=\"w-separator-h\"><\/div><\/div><\/div><\/div><\/div><\/div><\/div><\/section><section class=\"l-section wpb_row height_auto type_sticky\"><div class=\"l-section-h i-cf\"><div class=\"g-cols vc_row type_default valign_top\"><div class=\"vc_col-sm-12 wpb_column vc_column_container animate_afl\" style=\"animation-delay:0s\"><div class=\"vc_column-inner\"><div class=\"wpb_wrapper\"><div class=\"w-separator size_large\"><\/div><div class=\"g-cols wpb_row  type_default valign_top vc_inner\"><div class=\"vc_col-sm-2 wpb_column vc_column_container\"><div class=\"vc_column-inner\"><div class=\"wpb_wrapper\"><div class=\"w-image align_center\"><a target=\"_blank\" href=\"https:\/\/www.erichhahn.com.tr\/wp-content\/uploads\/2025\/09\/Authorized-Distributor-Certificate-Miat-Trading-GMBH.jpeg\" rel=\"noopener\" aria-label=\"Ba\u011flant\u0131\" class=\"w-image-h\"><img loading=\"lazy\" decoding=\"async\" width=\"1434\" height=\"1405\" src=\"https:\/\/www.erichhahn.com.tr\/wp-content\/uploads\/2025\/09\/Authorized-Distributor-Certificate-Miat-Trading-GMBH-1.jpg\" class=\"attachment-full size-full\" alt=\"\" srcset=\"https:\/\/www.erichhahn.com.tr\/wp-content\/uploads\/2025\/09\/Authorized-Distributor-Certificate-Miat-Trading-GMBH-1.jpg 1434w, https:\/\/www.erichhahn.com.tr\/wp-content\/uploads\/2025\/09\/Authorized-Distributor-Certificate-Miat-Trading-GMBH-1-250x245.jpg 250w, https:\/\/www.erichhahn.com.tr\/wp-content\/uploads\/2025\/09\/Authorized-Distributor-Certificate-Miat-Trading-GMBH-1-1024x1003.jpg 1024w\" sizes=\"auto, (max-width: 1434px) 100vw, 1434px\" \/><\/a><\/div><div class=\"w-separator size_small\"><\/div><div class=\"w-separator size_small\"><\/div><div class=\"w-btn-wrapper width_auto align_center\"><a class=\"w-btn us-btn-style_1 icon_atleft\" title=\"Details\" target=\"_blank\" href=\"https:\/\/www.erichhahn.com.tr\/wp-content\/uploads\/2025\/09\/Authorized-Distributor-Certificate-Miat-Trading-GMBH.jpeg\" rel=\"noopener\"><i class=\"far fa-download\"><\/i><span class=\"w-btn-label\">Yetkili Distrib\u00fct\u00f6r Sertifikas\u0131<\/span><\/a><\/div><\/div><\/div><\/div><div class=\"vc_col-sm-2 wpb_column vc_column_container\"><div class=\"vc_column-inner\"><div class=\"wpb_wrapper\"><div class=\"w-image align_center\"><a target=\"_blank\" href=\"https:\/\/www.erichhahn.com.tr\/wp-content\/uploads\/2025\/09\/Attestation-of-Conformity-ATU.pdf\" rel=\"noopener\" aria-label=\"Ba\u011flant\u0131\" class=\"w-image-h\"><img loading=\"lazy\" decoding=\"async\" width=\"1434\" height=\"1405\" src=\"https:\/\/www.erichhahn.com.tr\/wp-content\/uploads\/2025\/09\/Attestation-of-Conformity.jpg\" class=\"attachment-full size-full\" alt=\"\" srcset=\"https:\/\/www.erichhahn.com.tr\/wp-content\/uploads\/2025\/09\/Attestation-of-Conformity.jpg 1434w, https:\/\/www.erichhahn.com.tr\/wp-content\/uploads\/2025\/09\/Attestation-of-Conformity-250x245.jpg 250w, https:\/\/www.erichhahn.com.tr\/wp-content\/uploads\/2025\/09\/Attestation-of-Conformity-1024x1003.jpg 1024w\" sizes=\"auto, (max-width: 1434px) 100vw, 1434px\" \/><\/a><\/div><div class=\"w-separator size_small\"><\/div><div class=\"w-separator size_small\"><\/div><div class=\"w-btn-wrapper width_auto align_center\"><a class=\"w-btn us-btn-style_1 icon_atleft\" title=\"Details\" target=\"_blank\" href=\"https:\/\/www.erichhahn.com.tr\/wp-content\/uploads\/2025\/09\/Attestation-of-Conformity-ATU.pdf\" rel=\"noopener\"><i class=\"far fa-download\"><\/i><span class=\"w-btn-label\">Uygunluk Belgesi ATU<\/span><\/a><\/div><\/div><\/div><\/div><div class=\"vc_col-sm-2 wpb_column vc_column_container\"><div class=\"vc_column-inner\"><div class=\"wpb_wrapper\"><div class=\"w-image align_center\"><a target=\"_blank\" href=\"https:\/\/www.erichhahn.com.tr\/wp-content\/uploads\/2025\/09\/Attestation-of-Conformity-HPS.pdf\" rel=\"noopener\" aria-label=\"Ba\u011flant\u0131\" class=\"w-image-h\"><img loading=\"lazy\" decoding=\"async\" width=\"1434\" height=\"1405\" src=\"https:\/\/www.erichhahn.com.tr\/wp-content\/uploads\/2025\/09\/Attestation-of-Conformity.jpg\" class=\"attachment-full size-full\" alt=\"\" srcset=\"https:\/\/www.erichhahn.com.tr\/wp-content\/uploads\/2025\/09\/Attestation-of-Conformity.jpg 1434w, https:\/\/www.erichhahn.com.tr\/wp-content\/uploads\/2025\/09\/Attestation-of-Conformity-250x245.jpg 250w, https:\/\/www.erichhahn.com.tr\/wp-content\/uploads\/2025\/09\/Attestation-of-Conformity-1024x1003.jpg 1024w\" sizes=\"auto, (max-width: 1434px) 100vw, 1434px\" \/><\/a><\/div><div class=\"w-separator size_small\"><\/div><div class=\"w-separator size_small\"><\/div><div class=\"w-btn-wrapper width_auto align_center\"><a class=\"w-btn us-btn-style_1 icon_atleft\" title=\"Details\" target=\"_blank\" href=\"https:\/\/www.erichhahn.com.tr\/wp-content\/uploads\/2025\/09\/Attestation-of-Conformity-HPS.pdf\" rel=\"noopener\"><i class=\"far fa-download\"><\/i><span class=\"w-btn-label\">Uygunluk Belgesi HPS<\/span><\/a><\/div><\/div><\/div><\/div><div class=\"vc_col-sm-2 wpb_column vc_column_container\"><div class=\"vc_column-inner\"><div class=\"wpb_wrapper\"><div class=\"w-image align_center\"><a target=\"_blank\" href=\"https:\/\/www.erichhahn.com.tr\/wp-content\/uploads\/2025\/09\/Attestation-of-Conformity-MB.pdf\" rel=\"noopener\" aria-label=\"Ba\u011flant\u0131\" class=\"w-image-h\"><img loading=\"lazy\" decoding=\"async\" width=\"1434\" height=\"1405\" src=\"https:\/\/www.erichhahn.com.tr\/wp-content\/uploads\/2025\/09\/Attestation-of-Conformity.jpg\" class=\"attachment-full size-full\" alt=\"\" srcset=\"https:\/\/www.erichhahn.com.tr\/wp-content\/uploads\/2025\/09\/Attestation-of-Conformity.jpg 1434w, https:\/\/www.erichhahn.com.tr\/wp-content\/uploads\/2025\/09\/Attestation-of-Conformity-250x245.jpg 250w, https:\/\/www.erichhahn.com.tr\/wp-content\/uploads\/2025\/09\/Attestation-of-Conformity-1024x1003.jpg 1024w\" sizes=\"auto, (max-width: 1434px) 100vw, 1434px\" \/><\/a><\/div><div class=\"w-separator size_small\"><\/div><div class=\"w-separator size_small\"><\/div><div class=\"w-btn-wrapper width_auto align_center\"><a class=\"w-btn us-btn-style_1 icon_atleft\" title=\"Details\" target=\"_blank\" href=\"https:\/\/www.erichhahn.com.tr\/wp-content\/uploads\/2025\/09\/Attestation-of-Conformity-MB.pdf\" rel=\"noopener\"><i class=\"far fa-download\"><\/i><span class=\"w-btn-label\">Uygunluk Belgesi MB<\/span><\/a><\/div><\/div><\/div><\/div><div class=\"vc_col-sm-2 wpb_column vc_column_container\"><div class=\"vc_column-inner\"><div class=\"wpb_wrapper\"><div class=\"w-image align_center\"><a target=\"_blank\" href=\"https:\/\/www.erichhahn.com.tr\/wp-content\/uploads\/2025\/09\/Attestation-of-Conformity-MTL.pdf\" rel=\"noopener\" aria-label=\"Ba\u011flant\u0131\" class=\"w-image-h\"><img loading=\"lazy\" decoding=\"async\" width=\"1434\" height=\"1405\" src=\"https:\/\/www.erichhahn.com.tr\/wp-content\/uploads\/2025\/09\/Attestation-of-Conformity.jpg\" class=\"attachment-full size-full\" alt=\"\" srcset=\"https:\/\/www.erichhahn.com.tr\/wp-content\/uploads\/2025\/09\/Attestation-of-Conformity.jpg 1434w, https:\/\/www.erichhahn.com.tr\/wp-content\/uploads\/2025\/09\/Attestation-of-Conformity-250x245.jpg 250w, https:\/\/www.erichhahn.com.tr\/wp-content\/uploads\/2025\/09\/Attestation-of-Conformity-1024x1003.jpg 1024w\" sizes=\"auto, (max-width: 1434px) 100vw, 1434px\" \/><\/a><\/div><div class=\"w-separator size_small\"><\/div><div class=\"w-separator size_small\"><\/div><div class=\"w-btn-wrapper width_auto align_center\"><a class=\"w-btn us-btn-style_1 icon_atleft\" title=\"Details\" target=\"_blank\" href=\"https:\/\/www.erichhahn.com.tr\/wp-content\/uploads\/2025\/09\/Attestation-of-Conformity-MTL.pdf\" rel=\"noopener\"><i class=\"far fa-download\"><\/i><span class=\"w-btn-label\">Uygunluk Belgesi MTL<\/span><\/a><\/div><\/div><\/div><\/div><div class=\"vc_col-sm-2 wpb_column vc_column_container\"><div class=\"vc_column-inner\"><div class=\"wpb_wrapper\"><div class=\"w-image align_center\"><a target=\"_blank\" href=\"https:\/\/www.erichhahn.com.tr\/wp-content\/uploads\/2025\/09\/Attestation-of-Conformity-SMD.pdf\" rel=\"noopener\" aria-label=\"Ba\u011flant\u0131\" class=\"w-image-h\"><img loading=\"lazy\" decoding=\"async\" width=\"1434\" height=\"1405\" src=\"https:\/\/www.erichhahn.com.tr\/wp-content\/uploads\/2025\/09\/Attestation-of-Conformity.jpg\" class=\"attachment-full size-full\" alt=\"\" srcset=\"https:\/\/www.erichhahn.com.tr\/wp-content\/uploads\/2025\/09\/Attestation-of-Conformity.jpg 1434w, https:\/\/www.erichhahn.com.tr\/wp-content\/uploads\/2025\/09\/Attestation-of-Conformity-250x245.jpg 250w, https:\/\/www.erichhahn.com.tr\/wp-content\/uploads\/2025\/09\/Attestation-of-Conformity-1024x1003.jpg 1024w\" sizes=\"auto, (max-width: 1434px) 100vw, 1434px\" \/><\/a><\/div><div class=\"w-separator size_small\"><\/div><div class=\"w-separator size_small\"><\/div><div class=\"w-btn-wrapper width_auto align_center\"><a class=\"w-btn us-btn-style_1 icon_atleft\" title=\"Details\" target=\"_blank\" href=\"https:\/\/www.erichhahn.com.tr\/wp-content\/uploads\/2025\/09\/Attestation-of-Conformity-SMD.pdf\" rel=\"noopener\"><i class=\"far fa-download\"><\/i><span class=\"w-btn-label\">Uygunluk Belgesi SMD<\/span><\/a><\/div><\/div><\/div><\/div><\/div><div class=\"w-separator size_large\"><\/div><div class=\"g-cols wpb_row  type_default valign_top vc_inner\"><div class=\"vc_col-sm-2 wpb_column vc_column_container\"><div class=\"vc_column-inner\"><div class=\"wpb_wrapper\"><div class=\"w-image align_center\"><a target=\"_blank\" href=\"https:\/\/www.erichhahn.com.tr\/wp-content\/uploads\/2025\/09\/EUIPO-Certificate-of-Registration.pdf\" rel=\"noopener\" aria-label=\"Ba\u011flant\u0131\" class=\"w-image-h\"><img loading=\"lazy\" decoding=\"async\" width=\"1434\" height=\"1405\" src=\"https:\/\/www.erichhahn.com.tr\/wp-content\/uploads\/2025\/09\/EUIPO-Certificate-Registration-1.jpg\" class=\"attachment-full size-full\" alt=\"\" srcset=\"https:\/\/www.erichhahn.com.tr\/wp-content\/uploads\/2025\/09\/EUIPO-Certificate-Registration-1.jpg 1434w, https:\/\/www.erichhahn.com.tr\/wp-content\/uploads\/2025\/09\/EUIPO-Certificate-Registration-1-250x245.jpg 250w, https:\/\/www.erichhahn.com.tr\/wp-content\/uploads\/2025\/09\/EUIPO-Certificate-Registration-1-1024x1003.jpg 1024w\" sizes=\"auto, (max-width: 1434px) 100vw, 1434px\" \/><\/a><\/div><div class=\"w-separator size_small\"><\/div><div class=\"w-separator size_small\"><\/div><div class=\"w-btn-wrapper width_auto align_center\"><a class=\"w-btn us-btn-style_1 icon_atleft\" title=\"Details\" target=\"_blank\" href=\"https:\/\/www.erichhahn.com.tr\/wp-content\/uploads\/2025\/09\/EUIPO-Certificate-of-Registration.pdf\" rel=\"noopener\"><i class=\"far fa-download\"><\/i><span class=\"w-btn-label\">EUIPO Kay\u0131t Sertifikas\u0131<\/span><\/a><\/div><\/div><\/div><\/div><div class=\"vc_col-sm-2 wpb_column vc_column_container\"><div class=\"vc_column-inner\"><div class=\"wpb_wrapper\"><div class=\"w-image align_center\"><a target=\"_blank\" href=\"https:\/\/www.erichhahn.com.tr\/wp-content\/uploads\/2025\/09\/EC-Declaration-of-Conformity-ARU.pdf\" rel=\"noopener\" aria-label=\"Ba\u011flant\u0131\" class=\"w-image-h\"><img loading=\"lazy\" decoding=\"async\" width=\"1434\" height=\"1405\" src=\"https:\/\/www.erichhahn.com.tr\/wp-content\/uploads\/2025\/09\/EC-Declaration-of-Conformity.jpg\" class=\"attachment-full size-full\" alt=\"\" srcset=\"https:\/\/www.erichhahn.com.tr\/wp-content\/uploads\/2025\/09\/EC-Declaration-of-Conformity.jpg 1434w, https:\/\/www.erichhahn.com.tr\/wp-content\/uploads\/2025\/09\/EC-Declaration-of-Conformity-250x245.jpg 250w, https:\/\/www.erichhahn.com.tr\/wp-content\/uploads\/2025\/09\/EC-Declaration-of-Conformity-1024x1003.jpg 1024w\" sizes=\"auto, (max-width: 1434px) 100vw, 1434px\" \/><\/a><\/div><div class=\"w-separator size_small\"><\/div><div class=\"w-separator size_small\"><\/div><div class=\"w-btn-wrapper width_auto align_center\"><a class=\"w-btn us-btn-style_1 icon_atleft\" title=\"Details\" target=\"_blank\" href=\"https:\/\/www.erichhahn.com.tr\/wp-content\/uploads\/2025\/09\/EC-Declaration-of-Conformity-ARU.pdf\" rel=\"noopener\"><i class=\"far fa-download\"><\/i><span class=\"w-btn-label\">AT Uygunluk Beyan\u0131 ARU<\/span><\/a><\/div><\/div><\/div><\/div><div class=\"vc_col-sm-2 wpb_column vc_column_container\"><div class=\"vc_column-inner\"><div class=\"wpb_wrapper\"><div class=\"w-image align_center\"><a target=\"_blank\" href=\"https:\/\/www.erichhahn.com.tr\/wp-content\/uploads\/2025\/09\/EC-Declaration-of-Conformity-HPDU.pdf\" rel=\"noopener\" aria-label=\"Ba\u011flant\u0131\" class=\"w-image-h\"><img loading=\"lazy\" decoding=\"async\" width=\"1434\" height=\"1405\" src=\"https:\/\/www.erichhahn.com.tr\/wp-content\/uploads\/2025\/09\/EC-Declaration-of-Conformity.jpg\" class=\"attachment-full size-full\" alt=\"\" srcset=\"https:\/\/www.erichhahn.com.tr\/wp-content\/uploads\/2025\/09\/EC-Declaration-of-Conformity.jpg 1434w, https:\/\/www.erichhahn.com.tr\/wp-content\/uploads\/2025\/09\/EC-Declaration-of-Conformity-250x245.jpg 250w, https:\/\/www.erichhahn.com.tr\/wp-content\/uploads\/2025\/09\/EC-Declaration-of-Conformity-1024x1003.jpg 1024w\" sizes=\"auto, (max-width: 1434px) 100vw, 1434px\" \/><\/a><\/div><div class=\"w-separator size_small\"><\/div><div class=\"w-separator size_small\"><\/div><div class=\"w-btn-wrapper width_auto align_center\"><a class=\"w-btn us-btn-style_1 icon_atleft\" title=\"Details\" target=\"_blank\" href=\"https:\/\/www.erichhahn.com.tr\/wp-content\/uploads\/2025\/09\/EC-Declaration-of-Conformity-HPDU.pdf\" rel=\"noopener\"><i class=\"far fa-download\"><\/i><span class=\"w-btn-label\">AT Uygunluk Beyan\u0131 HPDU<\/span><\/a><\/div><\/div><\/div><\/div><div class=\"vc_col-sm-2 wpb_column vc_column_container\"><div class=\"vc_column-inner\"><div class=\"wpb_wrapper\"><div class=\"w-image align_center\"><a target=\"_blank\" href=\"https:\/\/www.erichhahn.com.tr\/wp-content\/uploads\/2025\/09\/ISO-9001-2015.pdf\" rel=\"noopener\" aria-label=\"Ba\u011flant\u0131\" class=\"w-image-h\"><img loading=\"lazy\" decoding=\"async\" width=\"1434\" height=\"1405\" src=\"https:\/\/www.erichhahn.com.tr\/wp-content\/uploads\/2025\/09\/Iso.jpg\" class=\"attachment-full size-full\" alt=\"\" srcset=\"https:\/\/www.erichhahn.com.tr\/wp-content\/uploads\/2025\/09\/Iso.jpg 1434w, https:\/\/www.erichhahn.com.tr\/wp-content\/uploads\/2025\/09\/Iso-250x245.jpg 250w, https:\/\/www.erichhahn.com.tr\/wp-content\/uploads\/2025\/09\/Iso-1024x1003.jpg 1024w\" sizes=\"auto, (max-width: 1434px) 100vw, 1434px\" \/><\/a><\/div><div class=\"w-separator size_small\"><\/div><div class=\"w-separator size_small\"><\/div><div class=\"w-btn-wrapper width_auto align_center\"><a class=\"w-btn us-btn-style_1 icon_atleft\" title=\"Details\" target=\"_blank\" href=\"https:\/\/www.erichhahn.com.tr\/wp-content\/uploads\/2025\/09\/ISO-9001-2015.pdf\" rel=\"noopener\"><i class=\"far fa-download\"><\/i><span class=\"w-btn-label\">ISO-9001-2015<\/span><\/a><\/div><\/div><\/div><\/div><div class=\"vc_col-sm-2 wpb_column vc_column_container\"><div class=\"vc_column-inner\"><div class=\"wpb_wrapper\"><div class=\"w-image align_center\"><a target=\"_blank\" href=\"https:\/\/www.erichhahn.com.tr\/wp-content\/uploads\/2025\/09\/ISO-14001-2015.pdf\" rel=\"noopener\" aria-label=\"Ba\u011flant\u0131\" class=\"w-image-h\"><img loading=\"lazy\" decoding=\"async\" width=\"1434\" height=\"1405\" src=\"https:\/\/www.erichhahn.com.tr\/wp-content\/uploads\/2025\/09\/Iso.jpg\" class=\"attachment-full size-full\" alt=\"\" srcset=\"https:\/\/www.erichhahn.com.tr\/wp-content\/uploads\/2025\/09\/Iso.jpg 1434w, https:\/\/www.erichhahn.com.tr\/wp-content\/uploads\/2025\/09\/Iso-250x245.jpg 250w, https:\/\/www.erichhahn.com.tr\/wp-content\/uploads\/2025\/09\/Iso-1024x1003.jpg 1024w\" sizes=\"auto, (max-width: 1434px) 100vw, 1434px\" \/><\/a><\/div><div class=\"w-separator size_small\"><\/div><div class=\"w-separator size_small\"><\/div><div class=\"w-btn-wrapper width_auto align_center\"><a class=\"w-btn us-btn-style_1 icon_atleft\" title=\"Details\" target=\"_blank\" href=\"https:\/\/www.erichhahn.com.tr\/wp-content\/uploads\/2025\/09\/ISO-14001-2015.pdf\" rel=\"noopener\"><i class=\"far fa-download\"><\/i><span class=\"w-btn-label\">ISO-14001-2015<\/span><\/a><\/div><\/div><\/div><\/div><div class=\"vc_col-sm-2 wpb_column vc_column_container\"><div class=\"vc_column-inner\"><div class=\"wpb_wrapper\"><div class=\"w-image align_center\"><a target=\"_blank\" href=\"https:\/\/www.erichhahn.com.tr\/wp-content\/uploads\/2025\/09\/ISO-45001-2018.pdf\" rel=\"noopener\" aria-label=\"Ba\u011flant\u0131\" class=\"w-image-h\"><img loading=\"lazy\" decoding=\"async\" width=\"1434\" height=\"1405\" src=\"https:\/\/www.erichhahn.com.tr\/wp-content\/uploads\/2025\/09\/Iso.jpg\" class=\"attachment-full size-full\" alt=\"\" srcset=\"https:\/\/www.erichhahn.com.tr\/wp-content\/uploads\/2025\/09\/Iso.jpg 1434w, https:\/\/www.erichhahn.com.tr\/wp-content\/uploads\/2025\/09\/Iso-250x245.jpg 250w, https:\/\/www.erichhahn.com.tr\/wp-content\/uploads\/2025\/09\/Iso-1024x1003.jpg 1024w\" sizes=\"auto, (max-width: 1434px) 100vw, 1434px\" \/><\/a><\/div><div class=\"w-separator size_small\"><\/div><div class=\"w-separator size_small\"><\/div><div class=\"w-btn-wrapper width_auto align_center\"><a class=\"w-btn us-btn-style_1 icon_atleft\" title=\"Details\" target=\"_blank\" href=\"https:\/\/www.erichhahn.com.tr\/wp-content\/uploads\/2025\/09\/ISO-45001-2018.pdf\" rel=\"noopener\"><i class=\"far fa-download\"><\/i><span class=\"w-btn-label\">ISO-45001-2018<\/span><\/a><\/div><\/div><\/div><\/div><\/div><div class=\"w-separator size_large\"><\/div><\/div><\/div><\/div><\/div><\/div><\/section>\n","protected":false},"excerpt":{"rendered":"SERT\u0130F\u0130KALAR Giri\u015fSayfalarYetkili Distrib\u00fct\u00f6r Sertifikas\u0131Uygunluk Belgesi ATUUygunluk Belgesi HPSUygunluk Belgesi MBUygunluk Belgesi MTLUygunluk Belgesi SMDEUIPO Kay\u0131t Sertifikas\u0131AT Uygunluk Beyan\u0131 ARUAT Uygunluk Beyan\u0131 HPDUISO-9001-2015ISO-14001-2015ISO-45001-2018","protected":false},"author":1,"featured_media":0,"parent":0,"menu_order":0,"comment_status":"closed","ping_status":"closed","template":"","meta":{"footnotes":""},"class_list":["post-5957","page","type-page","status-publish","hentry"],"_links":{"self":[{"href":"https:\/\/www.erichhahn.com.tr\/tr\/wp-json\/wp\/v2\/pages\/5957","targetHints":{"allow":["GET"]}}],"collection":[{"href":"https:\/\/www.erichhahn.com.tr\/tr\/wp-json\/wp\/v2\/pages"}],"about":[{"href":"https:\/\/www.erichhahn.com.tr\/tr\/wp-json\/wp\/v2\/types\/page"}],"author":[{"embeddable":true,"href":"https:\/\/www.erichhahn.com.tr\/tr\/wp-json\/wp\/v2\/users\/1"}],"replies":[{"embeddable":true,"href":"https:\/\/www.erichhahn.com.tr\/tr\/wp-json\/wp\/v2\/comments?post=5957"}],"version-history":[{"count":4,"href":"https:\/\/www.erichhahn.com.tr\/tr\/wp-json\/wp\/v2\/pages\/5957\/revisions"}],"predecessor-version":[{"id":5965,"href":"https:\/\/www.erichhahn.com.tr\/tr\/wp-json\/wp\/v2\/pages\/5957\/revisions\/5965"}],"wp:attachment":[{"href":"https:\/\/www.erichhahn.com.tr\/tr\/wp-json\/wp\/v2\/media?parent=5957"}],"curies":[{"name":"wp","href":"https:\/\/api.w.org\/{rel}","templated":true}]}}